{"id":1043,"date":"2019-04-16T09:05:34","date_gmt":"2019-04-16T11:05:34","guid":{"rendered":"https:\/\/tech-nika.lt\/?post_type=product&#038;p=1043"},"modified":"2022-04-22T05:41:18","modified_gmt":"2022-04-22T07:41:18","slug":"","status":"publish","type":"product","link":"https:\/\/tech-nika.lt\/en\/product\/sakes-griebtuvas-25-m\/","title":{"rendered":"","raw":""},"content":{"rendered":"","protected":false,"raw":""},"excerpt":{"rendered":"","protected":false,"raw":""},"featured_media":1019,"template":"","meta":{"_lt_post_content":"\u0160ak\u0117s - griebtuvas. \u0160is priedas sukurtas specialiai \u016bkio darbams. Su juo patogiai perkrausite saus\u0105 m\u0117\u0161l\u0105, \u0161iaudus, \u0161iaud\u0173 ry\u0161ulius ar \u0161ien\u0105. Dvipusiai \u0161aki\u0173 dantys ilgi, pagaminti i\u0161 tvirto plieno, tod\u0117l bet kur\u012f krovin\u012f tiek nesunkiai suimsite nuo \u017eem\u0117s, tiek atpl\u0117\u0161ite i\u0161 suspaustos kr\u016bvos. Papildomos plok\u0161t\u0117s \u0161onuose u\u017etikrina, kad krovinys pakeliui b\u016bt\u0173 kuo ma\u017eiau barstomas, o ry\u0161kiaspalv\u0117s \u0161aki\u0173 konstrukcijos u\u017etikrina saugum\u0105 dirbant arti \u017emoni\u0173.","_lt_post_name":"sakes-griebtuvas-25-m","_lt_post_excerpt":"Plotis 2,5 m;\r\nSvoris 360 kg.\r\n\r\nKaina nurodyta su pristatymu Lietuvoje.\r\nSuteikiamos garantijos.","_lt_post_title":"\u0160ak\u0117s - griebtuvas 2,5 m","_en_post_content":"","_en_post_name":"","_en_post_excerpt":"","_en_post_title":"","_ru_post_content":"","_ru_post_name":"","_ru_post_excerpt":"","_ru_post_title":"","edit_language":"en"},"product_brand":[],"product_cat":[74],"product_tag":[],"class_list":{"0":"post-1043","1":"product","2":"type-product","3":"status-publish","4":"has-post-thumbnail","6":"product_cat-sakes-griebtuvas","8":"first","9":"instock","10":"taxable","11":"shipping-taxable","12":"purchasable","13":"product-type-simple"},"_links":{"self":[{"href":"https:\/\/tech-nika.lt\/en\/wp-json\/wp\/v2\/product\/1043","targetHints":{"allow":["GET"]}}],"collection":[{"href":"https:\/\/tech-nika.lt\/en\/wp-json\/wp\/v2\/product"}],"about":[{"href":"https:\/\/tech-nika.lt\/en\/wp-json\/wp\/v2\/types\/product"}],"wp:featuredmedia":[{"embeddable":true,"href":"https:\/\/tech-nika.lt\/en\/wp-json\/wp\/v2\/media\/1019"}],"wp:attachment":[{"href":"https:\/\/tech-nika.lt\/en\/wp-json\/wp\/v2\/media?parent=1043"}],"wp:term":[{"taxonomy":"product_brand","embeddable":true,"href":"https:\/\/tech-nika.lt\/en\/wp-json\/wp\/v2\/product_brand?post=1043"},{"taxonomy":"product_cat","embeddable":true,"href":"https:\/\/tech-nika.lt\/en\/wp-json\/wp\/v2\/product_cat?post=1043"},{"taxonomy":"product_tag","embeddable":true,"href":"https:\/\/tech-nika.lt\/en\/wp-json\/wp\/v2\/product_tag?post=1043"}],"curies":[{"name":"wp","href":"https:\/\/api.w.org\/{rel}","templated":true}]}}