{"id":1059,"date":"2019-04-16T10:29:56","date_gmt":"2019-04-16T12:29:56","guid":{"rendered":"https:\/\/tech-nika.lt\/?post_type=product&#038;p=1059"},"modified":"2022-04-22T05:53:45","modified_gmt":"2022-04-22T07:53:45","slug":"","status":"publish","type":"product","link":"https:\/\/tech-nika.lt\/en\/product\/kausas-griebtuvas-22-m\/","title":{"rendered":"","raw":""},"content":{"rendered":"","protected":false,"raw":""},"excerpt":{"rendered":"","protected":false,"raw":""},"featured_media":1045,"template":"","meta":{"_lt_post_content":"\u0160is kau\u0161as \u2013 griebtuvas labiausiai tinkamas \u016bkio darbams, bet j\u012f puikiai galima naudoti ir biri\u0173 med\u017eiag\u0173 transportavimui. Atviresnis ir platesnis \u0161io griebtuvo dangtis skirtas dirbti su didesniu kroviniu, o special\u016bs dang\u010dio dantys sumontuoti taip, kad b\u016bt\u0173 patogu atpl\u0117\u0161ti suspaust\u0105 ir sukiet\u0117jus\u012f m\u0117\u0161l\u0105, surinkti ir perve\u017eti kompost\u0105, skiedras, \u0161ien\u0105 ir pan.","_lt_post_name":"kausas-griebtuvas-22-m","_lt_post_excerpt":"Plotis 2,2 m;\r\nT\u016bris 1,2 m3;\r\nSvoris 310 kg.\r\n\r\nKaina nurodyta su pristatymu Lietuvoje.\r\nSuteikiamos garantijos.","_lt_post_title":"Kau\u0161as - griebtuvas, 2,2 m, 1,2 m3","_en_post_content":"","_en_post_name":"","_en_post_excerpt":"","_en_post_title":"","_ru_post_content":"","_ru_post_name":"","_ru_post_excerpt":"","_ru_post_title":"","edit_language":"en"},"product_brand":[],"product_cat":[75],"product_tag":[],"class_list":{"0":"post-1059","1":"product","2":"type-product","3":"status-publish","4":"has-post-thumbnail","6":"product_cat-kausas-griebtuvas-1-modelis","8":"first","9":"instock","10":"taxable","11":"shipping-taxable","12":"purchasable","13":"product-type-simple"},"_links":{"self":[{"href":"https:\/\/tech-nika.lt\/en\/wp-json\/wp\/v2\/product\/1059","targetHints":{"allow":["GET"]}}],"collection":[{"href":"https:\/\/tech-nika.lt\/en\/wp-json\/wp\/v2\/product"}],"about":[{"href":"https:\/\/tech-nika.lt\/en\/wp-json\/wp\/v2\/types\/product"}],"wp:featuredmedia":[{"embeddable":true,"href":"https:\/\/tech-nika.lt\/en\/wp-json\/wp\/v2\/media\/1045"}],"wp:attachment":[{"href":"https:\/\/tech-nika.lt\/en\/wp-json\/wp\/v2\/media?parent=1059"}],"wp:term":[{"taxonomy":"product_brand","embeddable":true,"href":"https:\/\/tech-nika.lt\/en\/wp-json\/wp\/v2\/product_brand?post=1059"},{"taxonomy":"product_cat","embeddable":true,"href":"https:\/\/tech-nika.lt\/en\/wp-json\/wp\/v2\/product_cat?post=1059"},{"taxonomy":"product_tag","embeddable":true,"href":"https:\/\/tech-nika.lt\/en\/wp-json\/wp\/v2\/product_tag?post=1059"}],"curies":[{"name":"wp","href":"https:\/\/api.w.org\/{rel}","templated":true}]}}