{"id":1547,"date":"2021-04-28T05:09:07","date_gmt":"2021-04-28T07:09:07","guid":{"rendered":"https:\/\/tech-nika.lt\/?post_type=product&#038;p=1547"},"modified":"2023-08-08T04:59:42","modified_gmt":"2023-08-08T06:59:42","slug":"","status":"publish","type":"product","link":"https:\/\/tech-nika.lt\/en\/product\/kablys-saknims-rauti\/","title":{"rendered":"","raw":""},"content":{"rendered":"","protected":false,"raw":""},"excerpt":{"rendered":"","protected":false,"raw":""},"featured_media":1548,"template":"","meta":{"_lt_post_content":"<img class=\" wp-image-1551 alignright\" src=\"https:\/\/tech-nika.lt\/wp-content\/uploads\/ZRK-768x453-brezinys-600x354.jpg\" alt=\"\" width=\"330\" height=\"195\" \/>Dviej\u0173 pir\u0161t\u0173 <strong>kablys<\/strong>, skirtas \u0161aknims ar kelmams i\u0161rauti.\r\n\u0160io kablio na\u0161umas yra daug didesnis nei naudojant tradicin\u012f kau\u0161\u0105.\r\nBe to, naudojant toki\u0105 \u012frang\u0105 galima nupurtyti \u017eemes nuo i\u0161raut\u0173 \u0161akn\u0173.\r\nKablio pjovimo a\u0161menys ir dant\u0173 antgaliai pagaminti i\u0161 HARDOX HB500 atsparaus dilimui plieno.\r\n<strong>Kablys \u0161aknims rauti<\/strong> standarti\u0161kai komplektuojamas su EURO jungtimis, bet yra galimyb\u0117 jungt\u012f pagaminti prie vis\u0173 kit\u0173 krautuv\u0173 ar traktori\u0173 gamintoj\u0173 modeli\u0173.\r\n\r\n[playlist type=\"video\" ids=\"1552\"]","_lt_post_name":"kablys-saknims-rauti","_lt_post_excerpt":"Kablys \u0161aknims ir kelmams rauti:\r\n\r\nBendras svoris be laikikli\u0173\u00a0 - 160 kg.\r\nAuk\u0161tis A - 855 mm.\r\nPlotis B - 349 mm.\r\nDanties ilgis C - 901 mm.\r\n\r\n\u041a\u0430ina nurodyta su pristatymu Lietuvoje.\r\nSuteikiama 12 m\u0117nesi\u0173 garantija.","_lt_post_title":"Kablys \u0161aknims rauti","_en_post_content":"","_en_post_name":"","_en_post_excerpt":"","_en_post_title":"","_ru_post_content":"","_ru_post_name":"","_ru_post_excerpt":"","_ru_post_title":"","edit_language":"en"},"product_brand":[],"product_cat":[430],"product_tag":[431,432],"class_list":{"0":"post-1547","1":"product","2":"type-product","3":"status-publish","4":"has-post-thumbnail","6":"product_cat-kablys-saknims-rauti","7":"product_tag-kablys-saknims-rauti","8":"product_tag-zrk","10":"first","11":"instock","12":"taxable","13":"shipping-taxable","14":"purchasable","15":"product-type-simple"},"_links":{"self":[{"href":"https:\/\/tech-nika.lt\/en\/wp-json\/wp\/v2\/product\/1547","targetHints":{"allow":["GET"]}}],"collection":[{"href":"https:\/\/tech-nika.lt\/en\/wp-json\/wp\/v2\/product"}],"about":[{"href":"https:\/\/tech-nika.lt\/en\/wp-json\/wp\/v2\/types\/product"}],"wp:featuredmedia":[{"embeddable":true,"href":"https:\/\/tech-nika.lt\/en\/wp-json\/wp\/v2\/media\/1548"}],"wp:attachment":[{"href":"https:\/\/tech-nika.lt\/en\/wp-json\/wp\/v2\/media?parent=1547"}],"wp:term":[{"taxonomy":"product_brand","embeddable":true,"href":"https:\/\/tech-nika.lt\/en\/wp-json\/wp\/v2\/product_brand?post=1547"},{"taxonomy":"product_cat","embeddable":true,"href":"https:\/\/tech-nika.lt\/en\/wp-json\/wp\/v2\/product_cat?post=1547"},{"taxonomy":"product_tag","embeddable":true,"href":"https:\/\/tech-nika.lt\/en\/wp-json\/wp\/v2\/product_tag?post=1547"}],"curies":[{"name":"wp","href":"https:\/\/api.w.org\/{rel}","templated":true}]}}