{"id":1726,"date":"2024-11-26T06:11:48","date_gmt":"2024-11-26T08:11:48","guid":{"rendered":"https:\/\/tech-nika.lt\/?post_type=product&#038;p=1726"},"modified":"2024-11-26T07:18:15","modified_gmt":"2024-11-26T09:18:15","slug":"sniego-valytuvas-v-formos-2-modelis-ps26m2","status":"publish","type":"product","link":"https:\/\/tech-nika.lt\/en\/product\/sniego-valytuvas-v-formos-2-modelis-ps26m2\/","title":{"rendered":"SNOW PLOW - V SHAPE - MODEL 2 - PS26M2","raw":"SNOW PLOW - V SHAPE - MODEL 2 - PS26M2"},"content":{"rendered":"<p>This snow plow is designed to clean larger areas and roads. It can clean not only snow, but also manure or other debris. The blades of this model are equipped with additional elevations, which ensure that the snow is thrown further to the roadside, but you need to know that the power potential of this snowplow is revealed when pushing the snow at high speed.<\/p>\n<p>Like the first model, this hydraulic system easily allows you to select the desired angle of the wiper blades, so you can clean both narrow and wider roads or passages. The blade rotation angle is controlled from the cabin, so the operator does not have to do it manually.<\/p>\n<p>The wiper blade is supported by auxiliary wheels, and the protective rubber at the bottom ensures that the surface being cleaned is not scratched or otherwise damaged, so the wiper can be used on any surface. Lights are attached to the sides of the wiper blades, so work can be easily done even in the dark.<\/p>\n<p>The price is indicated with delivery in Lithuania.<\/p>\n<p>Guarantees are provided.<\/p>\n","protected":false,"raw":"This snow plow is designed to clean larger areas and roads. It can clean not only snow, but also manure or other debris. The blades of this model are equipped with additional elevations, which ensure that the snow is thrown further to the roadside, but you need to know that the power potential of this snowplow is revealed when pushing the snow at high speed.\r\n\r\nLike the first model, this hydraulic system easily allows you to select the desired angle of the wiper blades, so you can clean both narrow and wider roads or passages. The blade rotation angle is controlled from the cabin, so the operator does not have to do it manually.\r\n\r\nThe wiper blade is supported by auxiliary wheels, and the protective rubber at the bottom ensures that the surface being cleaned is not scratched or otherwise damaged, so the wiper can be used on any surface. Lights are attached to the sides of the wiper blades, so work can be easily done even in the dark.\r\n\r\nThe price is indicated with delivery in Lithuania.\r\n\r\nGuarantees are provided."},"excerpt":{"rendered":"<p>Width 2.6 m.<\/p>\n<p>Height 0.95 m.<\/p>\n<p>Weight 540 kg.<\/p>\n<p>Additional equipment:<\/p>\n<p>Support wheels or SLIDES &#8211; 220 eur + VAT;<\/p>\n<p>Side polyurethane protectors &#8211; 350 eur + VAT;<\/p>\n<p>Steel blade HB500 &#8211; 120 eur\/m + VAT;<\/p>\n<p>Polyurethane blade &#8211; 160 eur\/m + VAT;<\/p>\n<p>Hydroaccumulators &#8211; 350 eur + VAT.<\/p>\n","protected":false,"raw":"Width 2.6 m.\r\n\r\nHeight 0.95 m.\r\n\r\nWeight 540 kg.\r\n\r\nAdditional equipment:\r\n\r\nSupport wheels or SLIDES - 220 eur + VAT;\r\n\r\nSide polyurethane protectors - 350 eur + VAT;\r\n\r\nSteel blade HB500 - 120 eur\/m + VAT;\r\n\r\nPolyurethane blade - 160 eur\/m + VAT;\r\n\r\nHydroaccumulators - 350 eur + VAT."},"featured_media":758,"template":"","meta":{"_lt_post_content":"\u0160is sniego valytuvas skirtas valyti didesnes teritorijas ir kelius. Jis gali valyti ne tik snieg\u0105, bet ir m\u0117\u0161l\u0105 ar kitokias \u0161iuk\u0161les. Prie \u0161io modelio peili\u0173 yra sumontuoti papildomi paauk\u0161tinimai, kurie u\u017etikrina sniego numetim\u0105 toliau \u012f kelkra\u0161t\u012f, ta\u010diau reikia \u017einoti, kad \u0161io sniego valytuvo potencialias atsiskleid\u017eia snieg\u0105 stumiant dideliu grei\u010diu.\r\n\r\nKaip ir pirmojo modelio, \u0161io hidraulin\u0117 sistema lengvai leid\u017eia pasirinkti norim\u0105 valytuvo peili\u0173 kamp\u0105, tod\u0117l galima valyti tiek siaurus, tiek platesnius kelius ar prava\u017eiavimus. Peilio pasukimo kampas valdomas i\u0161 kabinos, tad operatoriui nereikia to daryti rankiniu b\u016bdu.\r\n\r\nValytuvo peil\u012f prilaiko pagalbiniai ratukai, o apa\u010dioje esanti apsaugin\u0117 guma u\u017etikrina, kad valomas pavir\u0161ius nebus subrai\u017eytas ar kitaip pa\u017eeistas, tad valytuv\u0105 galima naudoti ant bet kokios dangos. Prie valytuvo peili\u0173 \u0161on\u0173 pritaisyti \u017eibintai, tod\u0117l darbus nesunkiai galima atlikti ir tamsiu paros metu.\r\n\r\nKaina nurodyta su pristatymu Lietuvoje.\r\nSuteikiamos garantijos.\r\n\r\n&nbsp;","_lt_post_name":"sniego-valytuvas-v-formos-2-modelis-ps26m2","_lt_post_excerpt":"Plotis 2,6 m.\r\n\r\nAuk\u0161tis 0,95 m.\r\n\r\nSvoris 540 kg.\r\n\r\nPapildoma \u012franga:\r\n\r\nAtraminiai ratukai arba slidimo l\u0117k\u0161tut\u0117s - 220 eur + PVM;\r\n\r\n\u0160onin\u0117s poliuretano apsaugos - 350 eur + PVM;\r\n\r\nPlieninis peiliukas HB500 - 120 eur\/m + PVM;\r\n\r\nPoliuretano peiliukas - 160 eur\/m + PVM;\r\n\r\nHidroakumuliatorius - 350 eur + PVM.","_lt_post_title":"SNIEGO VALYTUVAS V FORMOS 2 MODELIS PS26M2","_en_post_content":"This snow plow is designed to clean larger areas and roads. It can clean not only snow, but also manure or other debris. The blades of this model are equipped with additional elevations, which ensure that the snow is thrown further to the roadside, but you need to know that the power potential of this snowplow is revealed when pushing the snow at high speed.\r\n\r\nLike the first model, this hydraulic system easily allows you to select the desired angle of the wiper blades, so you can clean both narrow and wider roads or passages. The blade rotation angle is controlled from the cabin, so the operator does not have to do it manually.\r\n\r\nThe wiper blade is supported by auxiliary wheels, and the protective rubber at the bottom ensures that the surface being cleaned is not scratched or otherwise damaged, so the wiper can be used on any surface. Lights are attached to the sides of the wiper blades, so work can be easily done even in the dark.\r\n\r\nThe price is indicated with delivery in Lithuania.\r\n\r\nGuarantees are provided.","_en_post_name":"sniego-valytuvas-v-formos-2-modelis-ps26m2","_en_post_excerpt":"Width 2.6 m.\r\n\r\nHeight 0.95 m.\r\n\r\nWeight 540 kg.\r\n\r\nAdditional equipment:\r\n\r\nSupport wheels or SLIDES - 220 eur + VAT;\r\n\r\nSide polyurethane protectors - 350 eur + VAT;\r\n\r\nSteel blade HB500 - 120 eur\/m + VAT;\r\n\r\nPolyurethane blade - 160 eur\/m + VAT;\r\n\r\nHydroaccumulators - 350 eur + VAT.","_en_post_title":"SNOW PLOW - V SHAPE - MODEL 2 - PS26M2","_ru_post_content":"\u042d\u0442\u043e\u0442 \u0441\u043d\u0435\u0433\u043e\u0443\u0431\u043e\u0440\u0449\u0438\u043a \u043f\u0440\u0435\u0434\u043d\u0430\u0437\u043d\u0430\u0447\u0435\u043d \u0434\u043b\u044f \u0443\u0431\u043e\u0440\u043a\u0438 \u0431\u043e\u043b\u044c\u0448\u0438\u0445 \u043f\u043b\u043e\u0449\u0430\u0434\u0435\u0439 \u0438 \u0434\u043e\u0440\u043e\u0433. \u041e\u043d \u043c\u043e\u0436\u0435\u0442 \u0443\u0431\u0438\u0440\u0430\u0442\u044c \u043d\u0435 \u0442\u043e\u043b\u044c\u043a\u043e \u0441\u043d\u0435\u0433, \u043d\u043e \u0438 \u043d\u0430\u0432\u043e\u0437 \u0438\u043b\u0438 \u0434\u0440\u0443\u0433\u043e\u0439 \u043c\u0443\u0441\u043e\u0440. \u041b\u0435\u0437\u0432\u0438\u044f \u044d\u0442\u043e\u0439 \u043c\u043e\u0434\u0435\u043b\u0438 \u043e\u0441\u043d\u0430\u0449\u0435\u043d\u044b \u0434\u043e\u043f\u043e\u043b\u043d\u0438\u0442\u0435\u043b\u044c\u043d\u044b\u043c\u0438 \u0432\u043e\u0437\u0432\u044b\u0448\u0435\u043d\u0438\u044f\u043c\u0438, \u043a\u043e\u0442\u043e\u0440\u044b\u0435 \u043e\u0431\u0435\u0441\u043f\u0435\u0447\u0438\u0432\u0430\u044e\u0442 \u043e\u0442\u0431\u0440\u0430\u0441\u044b\u0432\u0430\u043d\u0438\u0435 \u0441\u043d\u0435\u0433\u0430 \u0434\u0430\u043b\u044c\u0448\u0435 \u043a \u0431\u043e\u0440\u0434\u044e\u0440\u0443, \u043d\u043e \u0441\u043b\u0435\u0434\u0443\u0435\u0442 \u0443\u0447\u0438\u0442\u044b\u0432\u0430\u0442\u044c, \u0447\u0442\u043e \u043f\u043e\u0442\u0435\u043d\u0446\u0438\u0430\u043b \u044d\u0442\u043e\u0433\u043e \u0441\u043d\u0435\u0433\u043e\u043e\u0447\u0438\u0441\u0442\u0438\u0442\u0435\u043b\u044f \u0440\u0430\u0441\u043a\u0440\u044b\u0432\u0430\u0435\u0442\u0441\u044f \u043f\u0440\u0438 \u0442\u043e\u043b\u043a\u0430\u043d\u0438\u0438 \u0441\u043d\u0435\u0433\u0430 \u043d\u0430 \u0432\u044b\u0441\u043e\u043a\u0438\u0445 \u0441\u043a\u043e\u0440\u043e\u0441\u0442\u044f\u0445.\r\n\r\n\u041a\u0430\u043a \u0438 \u0443 \u043f\u0435\u0440\u0432\u043e\u0439 \u043c\u043e\u0434\u0435\u043b\u0438, \u0433\u0438\u0434\u0440\u0430\u0432\u043b\u0438\u0447\u0435\u0441\u043a\u0430\u044f \u0441\u0438\u0441\u0442\u0435\u043c\u0430 \u044d\u0442\u043e\u0439 \u043b\u0435\u0433\u043a\u043e \u043f\u043e\u0437\u0432\u043e\u043b\u044f\u0435\u0442 \u0432\u044b\u0431\u0440\u0430\u0442\u044c \u043d\u0443\u0436\u043d\u044b\u0439 \u0443\u0433\u043e\u043b \u043d\u0430\u043a\u043b\u043e\u043d\u0430 \u0449\u0435\u0442\u043e\u043a \u0441\u0442\u0435\u043a\u043b\u043e\u043e\u0447\u0438\u0441\u0442\u0438\u0442\u0435\u043b\u044f, \u0431\u043b\u0430\u0433\u043e\u0434\u0430\u0440\u044f \u0447\u0435\u043c\u0443 \u043c\u043e\u0436\u043d\u043e \u0443\u0431\u0438\u0440\u0430\u0442\u044c \u043a\u0430\u043a \u0443\u0437\u043a\u0438\u0435, \u0442\u0430\u043a \u0438 \u0431\u043e\u043b\u0435\u0435 \u0448\u0438\u0440\u043e\u043a\u0438\u0435 \u0434\u043e\u0440\u043e\u0433\u0438 \u0438\u043b\u0438 \u043f\u0440\u043e\u0435\u0437\u0434\u044b. \u0423\u0433\u043e\u043b \u043f\u043e\u0432\u043e\u0440\u043e\u0442\u0430 \u043d\u043e\u0436\u0430 \u043a\u043e\u043d\u0442\u0440\u043e\u043b\u0438\u0440\u0443\u0435\u0442\u0441\u044f \u0438\u0437 \u043a\u0430\u0431\u0438\u043d\u044b, \u043f\u043e\u044d\u0442\u043e\u043c\u0443 \u043e\u043f\u0435\u0440\u0430\u0442\u043e\u0440\u0443 \u043d\u0435 \u043d\u0443\u0436\u043d\u043e \u0434\u0435\u043b\u0430\u0442\u044c \u044d\u0442\u043e \u0432\u0440\u0443\u0447\u043d\u0443\u044e.\r\n\r\n\u041b\u0435\u0437\u0432\u0438\u0435 \u0448\u0432\u0430\u0431\u0440\u044b \u0443\u0434\u0435\u0440\u0436\u0438\u0432\u0430\u0435\u0442\u0441\u044f \u0432\u0441\u043f\u043e\u043c\u043e\u0433\u0430\u0442\u0435\u043b\u044c\u043d\u044b\u043c\u0438 \u043a\u043e\u043b\u0435\u0441\u0438\u043a\u0430\u043c\u0438, \u0430 \u0437\u0430\u0449\u0438\u0442\u043d\u0430\u044f \u0440\u0435\u0437\u0438\u043d\u0430 \u0432\u043d\u0438\u0437\u0443 \u0433\u0430\u0440\u0430\u043d\u0442\u0438\u0440\u0443\u0435\u0442, \u0447\u0442\u043e \u043e\u0447\u0438\u0449\u0430\u0435\u043c\u0430\u044f \u043f\u043e\u0432\u0435\u0440\u0445\u043d\u043e\u0441\u0442\u044c \u043d\u0435 \u0431\u0443\u0434\u0435\u0442 \u043f\u043e\u0446\u0430\u0440\u0430\u043f\u0430\u043d\u0430 \u0438\u043b\u0438 \u0438\u043d\u044b\u043c \u043e\u0431\u0440\u0430\u0437\u043e\u043c \u043f\u043e\u0432\u0440\u0435\u0436\u0434\u0435\u043d\u0430, \u043f\u043e\u044d\u0442\u043e\u043c\u0443 \u0448\u0432\u0430\u0431\u0440\u0443 \u043c\u043e\u0436\u043d\u043e \u0438\u0441\u043f\u043e\u043b\u044c\u0437\u043e\u0432\u0430\u0442\u044c \u043d\u0430 \u043b\u044e\u0431\u043e\u0439 \u043f\u043e\u0432\u0435\u0440\u0445\u043d\u043e\u0441\u0442\u0438. \u041f\u043e \u0431\u043e\u043a\u0430\u043c \u0449\u0435\u0442\u043e\u043a \u0441\u0442\u0435\u043a\u043b\u043e\u043e\u0447\u0438\u0441\u0442\u0438\u0442\u0435\u043b\u0435\u0439 \u043f\u0440\u0438\u043a\u0440\u0435\u043f\u043b\u0435\u043d\u044b \u0444\u043e\u043d\u0430\u0440\u0438, \u043f\u043e\u044d\u0442\u043e\u043c\u0443 \u0440\u0430\u0431\u043e\u0442\u0443 \u043c\u043e\u0436\u043d\u043e \u043b\u0435\u0433\u043a\u043e \u0432\u044b\u043f\u043e\u043b\u043d\u044f\u0442\u044c \u0434\u0430\u0436\u0435 \u0432 \u0442\u0435\u043c\u043d\u043e\u0442\u0435.\r\n\r\n\u0426\u0435\u043d\u0430 \u0443\u043a\u0430\u0437\u0430\u043d\u0430 \u0441 \u0434\u043e\u0441\u0442\u0430\u0432\u043a\u043e\u0439 \u043f\u043e \u041b\u0438\u0442\u0432\u0435.\r\n\u0413\u0430\u0440\u0430\u043d\u0442\u0438\u0438 \u043f\u0440\u0435\u0434\u043e\u0441\u0442\u0430\u0432\u043b\u044f\u044e\u0442\u0441\u044f.","_ru_post_name":"sniego-valytuvas-v-formos-2-modelis-ps26m2","_ru_post_excerpt":"\u0428\u0438\u0440\u0438\u043d\u0430 2,6 \u043c.\r\n\r\n\u0412\u044b\u0441\u043e\u0442\u0430 0,95 \u043c.\r\n\r\n\u0412\u0435\u0441 540 \u043a\u0433.\r\n\r\n\u0414\u043e\u043f\u043e\u043b\u043d\u0438\u0442\u0435\u043b\u044c\u043d\u043e\u0435 \u043e\u0431\u043e\u0440\u0443\u0434\u043e\u0432\u0430\u043d\u0438\u0435:\r\n\r\n\u041e\u043f\u043e\u0440\u043d\u044b\u0435 \u043a\u043e\u043b\u0435\u0441\u0430 \u0438\u043b\u0438 \u043b\u044b\u0436\u043d\u044b\u0435 \u043f\u043b\u0430\u0441\u0442\u0438\u043d\u044b - 220 \u0435\u0432\u0440\u043e + \u041d\u0414\u0421;\r\n\r\n\u0411\u043e\u043a\u043e\u0432\u044b\u0435 \u043e\u0433\u0440\u0430\u0436\u0434\u0435\u043d\u0438\u044f \u0438\u0437 \u043f\u043e\u043b\u0438\u0443\u0440\u0435\u0442\u0430\u043d\u0430 - 350 \u0435\u0432\u0440\u043e + \u041d\u0414\u0421;\r\n\r\n\u041f\u043e\u043b\u043e\u0442\u043d\u043e \u0441\u0442\u0430\u043b\u044c\u043d\u043e\u0435 HB500 - 120 \u0435\u0432\u0440\u043e\/\u043c + \u041d\u0414\u0421;\r\n\r\n\u041f\u043e\u043b\u0438\u0443\u0440\u0435\u0442\u0430\u043d\u043e\u0432\u043e\u0435 \u043f\u043e\u043b\u043e\u0442\u043d\u043e - 160 \u0435\u0432\u0440\u043e\/\u043c + \u041d\u0414\u0421;\r\n\r\n\u0413\u0438\u0434\u0440\u043e\u0430\u043a\u043a\u0443\u043c\u0443\u043b\u044f\u0442\u043e\u0440 - 350 \u0435\u0432\u0440\u043e + \u041d\u0414\u0421.","_ru_post_title":"\u0421\u043d\u0435\u0433\u043e\u0443\u0431\u043e\u0440\u0449\u0438\u043a V-\u043e\u0431\u0440\u0430\u0437\u043d\u044b\u0439 2 \u043c\u043e\u0434\u0435\u043b\u044c PS26M2","edit_language":"en"},"product_brand":[],"product_cat":[55],"product_tag":[443,107,108],"class_list":{"0":"post-1726","1":"product","2":"type-product","3":"status-publish","4":"has-post-thumbnail","6":"product_cat-sniego-valytuvas-v-formos-2-modelis","7":"product_tag-pss26m2","8":"product_tag-sniego-peilis","9":"product_tag-sniego-valytuvas","11":"first","12":"instock","13":"taxable","14":"shipping-taxable","15":"purchasable","16":"product-type-simple"},"_links":{"self":[{"href":"https:\/\/tech-nika.lt\/en\/wp-json\/wp\/v2\/product\/1726","targetHints":{"allow":["GET"]}}],"collection":[{"href":"https:\/\/tech-nika.lt\/en\/wp-json\/wp\/v2\/product"}],"about":[{"href":"https:\/\/tech-nika.lt\/en\/wp-json\/wp\/v2\/types\/product"}],"wp:featuredmedia":[{"embeddable":true,"href":"https:\/\/tech-nika.lt\/en\/wp-json\/wp\/v2\/media\/758"}],"wp:attachment":[{"href":"https:\/\/tech-nika.lt\/en\/wp-json\/wp\/v2\/media?parent=1726"}],"wp:term":[{"taxonomy":"product_brand","embeddable":true,"href":"https:\/\/tech-nika.lt\/en\/wp-json\/wp\/v2\/product_brand?post=1726"},{"taxonomy":"product_cat","embeddable":true,"href":"https:\/\/tech-nika.lt\/en\/wp-json\/wp\/v2\/product_cat?post=1726"},{"taxonomy":"product_tag","embeddable":true,"href":"https:\/\/tech-nika.lt\/en\/wp-json\/wp\/v2\/product_tag?post=1726"}],"curies":[{"name":"wp","href":"https:\/\/api.w.org\/{rel}","templated":true}]}}