{"id":328,"date":"2019-01-23T06:10:22","date_gmt":"2019-01-23T08:10:22","guid":{"rendered":"https:\/\/tech-nika.lt\/product\/\/"},"modified":"2021-01-05T11:47:02","modified_gmt":"2021-01-05T13:47:02","slug":"","status":"publish","type":"product","link":"https:\/\/tech-nika.lt\/en\/product\/bugnine-betono-maisykle\/","title":{"rendered":"","raw":""},"content":{"rendered":"","protected":false,"raw":""},"excerpt":{"rendered":"","protected":false,"raw":""},"featured_media":333,"template":"","meta":{"_lt_post_content":"Betono mai\u0161ykl\u0117s techniniai duomenys:\r\n- plotis 1140 mm\r\n- auk\u0161tis 880 mm\r\n- bendras t\u016bris 0,130 m3\r\n- efektyvus t\u016bris 0,080 m3\r\n- svoris 100 kg.\r\n\r\nStandarti\u0161kai ji yra komplektuojama su EURO tvirtinimo sistema, bet u\u017e nedidel\u012f papildom\u0105 mokest\u012f, klientas gali u\u017esisakyti bet kok\u012f jungties tip\u0105, individualiai pritaikyt\u0105 jo turimai technikai.","_lt_post_name":"bugnine-betono-maisykle","_lt_post_excerpt":"\u0160i b\u016bgnin\u0117 betono mai\u0161ykl\u0117 idealiai tinka atlikti nedidel\u0117s apimties darbus su ma\u017eais krautuvais ar traktoriais. Kompakti\u0161ka ir tvirta mai\u0161ykl\u0117s konstrukcija pritaikyta lengvam transportavimui ir sand\u0117liavimui.\r\nJos pagrindinis prana\u0161umas yra hidraulinis variklis, d\u0117l kurio ji gali dirbti be elektros energijos.\r\n\r\nKaina nurodyta su pristatymu Lietuvoje.\r\nSuteikiamos garantijos.","_lt_post_title":"B\u016bgnin\u0117 betono mai\u0161ykl\u0117","_en_post_content":"","_en_post_name":"","_en_post_excerpt":"","_en_post_title":"","_ru_post_content":"","_ru_post_name":"","_ru_post_excerpt":"","_ru_post_title":"","edit_language":"en"},"product_brand":[],"product_cat":[33],"product_tag":[],"class_list":{"0":"post-328","1":"product","2":"type-product","3":"status-publish","4":"has-post-thumbnail","6":"product_cat-bugnines-betono-maisykles","8":"first","9":"outofstock","10":"taxable","11":"shipping-taxable","12":"purchasable","13":"product-type-simple"},"_links":{"self":[{"href":"https:\/\/tech-nika.lt\/en\/wp-json\/wp\/v2\/product\/328","targetHints":{"allow":["GET"]}}],"collection":[{"href":"https:\/\/tech-nika.lt\/en\/wp-json\/wp\/v2\/product"}],"about":[{"href":"https:\/\/tech-nika.lt\/en\/wp-json\/wp\/v2\/types\/product"}],"wp:featuredmedia":[{"embeddable":true,"href":"https:\/\/tech-nika.lt\/en\/wp-json\/wp\/v2\/media\/333"}],"wp:attachment":[{"href":"https:\/\/tech-nika.lt\/en\/wp-json\/wp\/v2\/media?parent=328"}],"wp:term":[{"taxonomy":"product_brand","embeddable":true,"href":"https:\/\/tech-nika.lt\/en\/wp-json\/wp\/v2\/product_brand?post=328"},{"taxonomy":"product_cat","embeddable":true,"href":"https:\/\/tech-nika.lt\/en\/wp-json\/wp\/v2\/product_cat?post=328"},{"taxonomy":"product_tag","embeddable":true,"href":"https:\/\/tech-nika.lt\/en\/wp-json\/wp\/v2\/product_tag?post=328"}],"curies":[{"name":"wp","href":"https:\/\/api.w.org\/{rel}","templated":true}]}}