{"id":596,"date":"2019-02-20T06:03:46","date_gmt":"2019-02-20T08:03:46","guid":{"rendered":"https:\/\/tech-nika.lt\/?post_type=product&#038;p=596"},"modified":"2022-02-08T11:39:54","modified_gmt":"2022-02-08T13:39:54","slug":"","status":"publish","type":"product","link":"https:\/\/tech-nika.lt\/en\/product\/sraigtine-sodo-sluota-wg01\/","title":{"rendered":"","raw":""},"content":{"rendered":"","protected":false,"raw":""},"excerpt":{"rendered":"","protected":false,"raw":""},"featured_media":595,"template":"","meta":{"_lt_post_content":"Privalumai:\r\n- lengva ir patvari konstrukcija;\r\n- lengvas sraigto sparnuo\u010di\u0173 keitimas;\r\n- galimyb\u0117 pritaikyti pried\u0105 prie \u012fvairi\u0173 ma\u0161in\u0173;\r\n- mechanin\u0117s k\u0117limo funkcijos.\r\n\r\n<img class=\"alignnone size-medium wp-image-606\" src=\"https:\/\/tech-nika.lt\/wp-content\/uploads\/Untitled-2-600x349.png\" alt=\"\" width=\"600\" height=\"349\" \/>\r\n\r\nPlotis sulanks\u010dius: 190 cm;\r\nMaksimalus plotis (pilnai i\u0161lanks\u010dius): 310 cm;\r\nDarbinis plotis: 120 cm;\r\nTepalo sl\u0117gis 130 bar;\r\nTepalo na\u0161umas 25 - 60 L:\r\nSvoris 80 kg.","_lt_post_name":"sraigtine-sodo-sluota-wg01","_lt_post_excerpt":"Sraigtin\u0117 sodo \u0161luota kruop\u0161\u010diai i\u0161valo m\u0117\u0161l\u0105, lapus, \u0161akas ir pikt\u017eoles tarp med\u017ei\u0173 eili\u0173, tod\u0117l galite lengvai palaikyti tvark\u0105 vaismed\u017ei\u0173 soduose ir tvartuose. \u012erengys yra hidraulinio veikimo principo, o sraigtin\u0117s sparnuot\u0117s yra pagamintos i\u0161 patvaraus poliuretano.\r\n\u012erenginio galvut\u0117 sukonstruota \u017eemesniame lygyje, tod\u0117l sraigto sparnuot\u0117s \u0161variai nuvalo nukritusius obuolius ir \u0161akas nepa\u017eeid\u017eiant med\u017ei\u0173 ir krum\u0173.\r\nSraigtin\u0117s sodo \u0161luotos darbinis kampas reguliuojamas trijose pad\u0117tise, tai u\u017etikrina puiki\u0105 \u0161lavimo kokyb\u0119.\r\n\r\nSuteikiame garantijas.\r\nKaina nurodyta su pristatymu Lietuvoje.","_lt_post_title":"Sraigtin\u0117 sodo \u0161luota WG01","_en_post_content":"","_en_post_name":"","_en_post_excerpt":"","_en_post_title":"","_ru_post_content":"","_ru_post_name":"","_ru_post_excerpt":"","_ru_post_title":"","edit_language":"en"},"product_brand":[],"product_cat":[51],"product_tag":[],"class_list":{"0":"post-596","1":"product","2":"type-product","3":"status-publish","4":"has-post-thumbnail","6":"product_cat-sraigtine-sodo-sluota-wg","8":"first","9":"instock","10":"taxable","11":"shipping-taxable","12":"purchasable","13":"product-type-simple"},"_links":{"self":[{"href":"https:\/\/tech-nika.lt\/en\/wp-json\/wp\/v2\/product\/596","targetHints":{"allow":["GET"]}}],"collection":[{"href":"https:\/\/tech-nika.lt\/en\/wp-json\/wp\/v2\/product"}],"about":[{"href":"https:\/\/tech-nika.lt\/en\/wp-json\/wp\/v2\/types\/product"}],"wp:featuredmedia":[{"embeddable":true,"href":"https:\/\/tech-nika.lt\/en\/wp-json\/wp\/v2\/media\/595"}],"wp:attachment":[{"href":"https:\/\/tech-nika.lt\/en\/wp-json\/wp\/v2\/media?parent=596"}],"wp:term":[{"taxonomy":"product_brand","embeddable":true,"href":"https:\/\/tech-nika.lt\/en\/wp-json\/wp\/v2\/product_brand?post=596"},{"taxonomy":"product_cat","embeddable":true,"href":"https:\/\/tech-nika.lt\/en\/wp-json\/wp\/v2\/product_cat?post=596"},{"taxonomy":"product_tag","embeddable":true,"href":"https:\/\/tech-nika.lt\/en\/wp-json\/wp\/v2\/product_tag?post=596"}],"curies":[{"name":"wp","href":"https:\/\/api.w.org\/{rel}","templated":true}]}}