{"id":643,"date":"2019-03-04T08:36:28","date_gmt":"2019-03-04T10:36:28","guid":{"rendered":"https:\/\/tech-nika.lt\/?post_type=product&#038;p=643"},"modified":"2024-09-24T07:08:31","modified_gmt":"2024-09-24T09:08:31","slug":"","status":"publish","type":"product","link":"https:\/\/tech-nika.lt\/en\/product\/betono-maisykle-mt-180-cm-0740-m3-turio\/","title":{"rendered":"","raw":""},"content":{"rendered":"","protected":false,"raw":""},"excerpt":{"rendered":"","protected":false,"raw":""},"featured_media":194,"template":"","meta":{"_lt_post_content":"Ypa\u010d tvirta ir patikimos konstrukcijos <strong>betono mai\u0161ykl\u0117 MT-180<\/strong>. <strong>Betono mai\u0161ykl\u0117s<\/strong> valdymui reikalinga TIK viena traktoriaus ar krautuvo darbin\u0117 hidraulin\u0117 linija kuri suka mai\u0161ymo element\u0105, o skiedinio i\u0161pylimo sklend\u0117 yra atidaroma elektromagnetiniu b\u016bdu. <em>Mai\u0161ykl\u0117s<\/em> sraigt\u0105 suka hidraulin\u0117 pavara. <strong>Betono mai\u0161ykl\u0117s<\/strong> guoliai turi atskirus tepimo ta\u0161kus. Labai patogi <strong>betono mai\u0161ykl\u0117s<\/strong> jungtis prie krautuvo\/traktoriaus, kuri leid\u017eia greitai ir lengvai (var\u017et\u0173 pagalba), j\u0105 pakeisti ir esant reikalui pritaikyti kito modelio krautuvui ar traktoriui.\r\n\r\n<strong><img class=\"size-medium wp-image-1528 alignright\" src=\"https:\/\/tech-nika.lt\/wp-content\/uploads\/wymiary-mieszalnik-600x188.jpg\" alt=\"\" width=\"600\" height=\"188\" \/>Betono mai\u0161ykl\u0117 MT-180<\/strong> pagaminta i\u0161 auk\u0161tos kokyb\u0117s lak\u0161tinio plieno:\r\nMai\u0161ymo elementas pagamintas i\u0161 atsparaus dilimui plieno, storis \u2013 12 mm\r\nMai\u0161ykl\u0117s apa\u010dia\/vir\u0161us pagamintas i\u0161 konstrukcinio plieno, storis - 6 mm\r\nMai\u0161ykl\u0117s \u0161onai pagaminti i\u0161 10 mm storio konstrukcinio plieno\r\nMai\u0161ykl\u0117s s\u0117mimo peilis yra pagamintas i\u0161 atsparaus dilimui HARDOX plieno.\r\n\r\n<strong>Betono mai\u0161ykl\u0117<\/strong> standarti\u0161kai komplektuojama su EURO jungtimis, bet yra galimyb\u0117 jungt\u012f pagaminti prie vis\u0173 kit\u0173 krautuv\u0173 ar traktori\u0173 gamintoj\u0173 modeli\u0173. \u0160i mai\u0161ykl\u0117 yra tinkama ir teleskopiniams krautuvams.\r\n\r\n[embed]http:\/\/www.youtube.com\/watch?v=3GJvCsUoOAs[\/embed]","_lt_post_name":"betono-maisykle-mt-180-cm-0740-m3-turio","_lt_post_excerpt":"Bendras plotis 214 cm;\r\nDarbinis plotis - 180 cm;\r\nT\u016bris - 0,740 m3;\r\nHidraulinis variklis 100\/125;\r\nSvoris - 630 kg.\r\n\r\n<strong>Betono mai\u0161yklei MT-180<\/strong> suteikiama 12 m\u0117nesi\u0173 garantija.\r\nKaina nurodyta su pristatymu Lietuvoje.","_lt_post_title":"Betono mai\u0161ykl\u0117 MT-180 cm, 0,740 m3 t\u016brio","_en_post_content":"","_en_post_name":"","_en_post_excerpt":"","_en_post_title":"","_ru_post_content":"","_ru_post_name":"","_ru_post_excerpt":"","_ru_post_title":"","edit_language":"en"},"product_brand":[],"product_cat":[31],"product_tag":[91],"class_list":{"0":"post-643","1":"product","2":"type-product","3":"status-publish","4":"has-post-thumbnail","6":"product_cat-betono-maisykles-mt-serija","7":"product_tag-betono-maisykle","9":"first","10":"instock","11":"taxable","12":"shipping-taxable","13":"purchasable","14":"product-type-simple"},"_links":{"self":[{"href":"https:\/\/tech-nika.lt\/en\/wp-json\/wp\/v2\/product\/643","targetHints":{"allow":["GET"]}}],"collection":[{"href":"https:\/\/tech-nika.lt\/en\/wp-json\/wp\/v2\/product"}],"about":[{"href":"https:\/\/tech-nika.lt\/en\/wp-json\/wp\/v2\/types\/product"}],"wp:featuredmedia":[{"embeddable":true,"href":"https:\/\/tech-nika.lt\/en\/wp-json\/wp\/v2\/media\/194"}],"wp:attachment":[{"href":"https:\/\/tech-nika.lt\/en\/wp-json\/wp\/v2\/media?parent=643"}],"wp:term":[{"taxonomy":"product_brand","embeddable":true,"href":"https:\/\/tech-nika.lt\/en\/wp-json\/wp\/v2\/product_brand?post=643"},{"taxonomy":"product_cat","embeddable":true,"href":"https:\/\/tech-nika.lt\/en\/wp-json\/wp\/v2\/product_cat?post=643"},{"taxonomy":"product_tag","embeddable":true,"href":"https:\/\/tech-nika.lt\/en\/wp-json\/wp\/v2\/product_tag?post=643"}],"curies":[{"name":"wp","href":"https:\/\/api.w.org\/{rel}","templated":true}]}}