{"id":820,"date":"2019-03-22T07:27:09","date_gmt":"2019-03-22T09:27:09","guid":{"rendered":"https:\/\/tech-nika.lt\/?post_type=product&#038;p=820"},"modified":"2024-07-19T05:29:11","modified_gmt":"2024-07-19T07:29:11","slug":"drag-harrow-wl2-2m","status":"publish","type":"product","link":"https:\/\/tech-nika.lt\/en\/product\/drag-harrow-wl2-2m\/","title":{"rendered":"DRAG HARROW WL2, 2M","raw":"DRAG HARROW WL2, 2M"},"content":{"rendered":"<p><span class=\"\">The materials used in our fibers are of high quality. Thick-walled pipes and profiles from a Polish steelworks, double-sided, durable, Polish cast iron elements guarantee trouble-free operation for many years.<\/span><\/p>\n<p>The distinguishing features of our fibers are:<\/p>\n<ul>\n<li>4 rows of castings<\/li>\n<li>reinforced mounting<\/li>\n<li>made of metallurgical angle<\/li>\n<li>double-sided combi castings<\/li>\n<li>reinforced hinges<\/li>\n<li>rings connecting casts made of 14mm wire<\/li>\n<li>additional chain security<\/li>\n<li>rolled side slides<\/li>\n<li>shot-blasted and powder-coated<\/li>\n<\/ul>\n<p>The set includes a set of hydraulic hoses with connectors. Possibility of using additional primer or galvanizing.<\/p>\n<p>&nbsp;<\/p>\n<p>We present you very solid meadow and field drags with widths: 2m, 4m, 5m, 6m and 8m.<br \/>\nThe 2-meter long drag is intended for small tractors.<br \/>\nIn the case of other drags, we use very durable double-acting cylinders (Polish manufacturer) to unfold and fold the drag arms, as well as double-braid proprietary hydraulic lines.<\/p>\n","protected":false,"raw":"<span class=\"\">The materials used in our fibers are of high quality. Thick-walled pipes and profiles from a Polish steelworks, double-sided, durable, Polish cast iron elements guarantee trouble-free operation for many years.<\/span>\r\n\r\nThe distinguishing features of our fibers are:\r\n<ul>\r\n \t<li>4 rows of castings<\/li>\r\n \t<li>reinforced mounting<\/li>\r\n \t<li>made of metallurgical angle<\/li>\r\n \t<li>double-sided combi castings<\/li>\r\n \t<li>reinforced hinges<\/li>\r\n \t<li>rings connecting casts made of 14mm wire<\/li>\r\n \t<li>additional chain security<\/li>\r\n \t<li>rolled side slides<\/li>\r\n \t<li>shot-blasted and powder-coated<\/li>\r\n<\/ul>\r\nThe set includes a set of hydraulic hoses with connectors. Possibility of using additional primer or galvanizing.\r\n\r\n&nbsp;\r\n\r\nWe present you very solid meadow and field drags with widths: 2m, 4m, 5m, 6m and 8m.\r\nThe 2-meter long drag is intended for small tractors.\r\nIn the case of other drags, we use very durable double-acting cylinders (Polish manufacturer) to unfold and fold the drag arms, as well as double-braid proprietary hydraulic lines."},"excerpt":{"rendered":"","protected":false,"raw":""},"featured_media":823,"template":"","meta":{"_lt_post_content":"Darbinis plotis - 2 m;\r\nEili\u0173 skai\u010dius - 3;\r\nDarbini\u0173 element\u0173 skai\u010dius - 17 vnt.\r\nTraktoriaus galia nuo 15 AJ;\r\nSvoris - 90 kg;\r\nVamzd\u017eio sienel\u0117s storis 60 mmm.","_lt_post_name":"pievu-prieziuros-akecios-2m","_lt_post_excerpt":"Piev\u0173 prie\u017ei\u016bros ak\u0117\u010dios skirtos piev\u0173 ir lauk\u0173 prie\u017ei\u016brai. Efektyviai atnaujina pievas, i\u0161lygina kurmiarausius, m\u0117\u0161lo liekanas, palygina piev\u0173 pavir\u0161i\u0173.\r\n2 metr\u0173 ak\u0117\u010dios skirtos ma\u017eiems traktoriams. Nuo 4 m darbinio plo\u010dio ak\u0117\u010dios gaminamos su labai patvariu dvigubo veikimo hidrauliniu cilindru, skirtu ak\u0117\u010di\u0173 sulankstymui \/ i\u0161lankstymui.\r\n\u012erenginyje naudojamos auk\u0161tos kokyb\u0117s med\u017eiagos. Storasieniai vamzd\u017eiai ir profiliai bei dvipusiai ketaus elementai garantuoja ilg\u0105 tarnavimo laik\u0105.\r\nPrivalumai:\r\n\u2022 4 darbini\u0173 element\u0173 eil\u0117s;\r\n\u2022 Sustiprintas tvirtinimas;\r\n\u2022 Pagamintas i\u0161 plieno kampuo\u010dio;\r\n\u2022 Dvipusiai combi darbiniai elementai;\r\n\u2022 Sustiprinti vyriai;\r\n\u2022 Sujungimo \u017eiedai pagaminti i\u0161 14 mm vielos;\r\n\u2022 Papildoma grandin\u0117s apsauga;\r\n\u2022 Nusm\u0117liuota ir nuda\u017eyta milteliniais da\u017eais.\r\n\r\nKaina nurodyta su pristatymu Lietuvoje.\r\nSuteikiamos garantijos.","_lt_post_title":"WL2 Piev\u0173 prie\u017ei\u016bros ak\u0117\u010dios 2m","_en_post_content":"<span class=\"\">The materials used in our fibers are of high quality. Thick-walled pipes and profiles from a Polish steelworks, double-sided, durable, Polish cast iron elements guarantee trouble-free operation for many years.<\/span>\r\n\r\nThe distinguishing features of our fibers are:\r\n<ul>\r\n \t<li>4 rows of castings<\/li>\r\n \t<li>reinforced mounting<\/li>\r\n \t<li>made of metallurgical angle<\/li>\r\n \t<li>double-sided combi castings<\/li>\r\n \t<li>reinforced hinges<\/li>\r\n \t<li>rings connecting casts made of 14mm wire<\/li>\r\n \t<li>additional chain security<\/li>\r\n \t<li>rolled side slides<\/li>\r\n \t<li>shot-blasted and powder-coated<\/li>\r\n<\/ul>\r\nThe set includes a set of hydraulic hoses with connectors. Possibility of using additional primer or galvanizing.\r\n\r\n&nbsp;\r\n\r\nWe present you very solid meadow and field drags with widths: 2m, 4m, 5m, 6m and 8m.\r\nThe 2-meter long drag is intended for small tractors.\r\nIn the case of other drags, we use very durable double-acting cylinders (Polish manufacturer) to unfold and fold the drag arms, as well as double-braid proprietary hydraulic lines.","_en_post_name":"drag-harrow-wl2-2m","_en_post_excerpt":"","_en_post_title":"DRAG HARROW WL2, 2M","_ru_post_content":"","_ru_post_name":"pievu-prieziuros-akecios-2m","_ru_post_excerpt":"\u0411\u043e\u0440\u043e\u043d\u044b \u0434\u043b\u044f \u0443\u0445\u043e\u0434\u0430 \u0437\u0430 \u043b\u0443\u0433\u0430\u043c\u0438 \u043f\u0440\u0435\u0434\u043d\u0430\u0437\u043d\u0430\u0447\u0435\u043d\u044b \u0434\u043b\u044f \u0443\u0445\u043e\u0434\u0430 \u0437\u0430 \u043b\u0443\u0433\u0430\u043c\u0438 \u0438 \u043f\u043e\u043b\u044f\u043c\u0438. \u042d\u0444\u0444\u0435\u043a\u0442\u0438\u0432\u043d\u043e \u043e\u0431\u043d\u043e\u0432\u043b\u044f\u0435\u0442 \u043b\u0443\u0433\u0430, \u0440\u0430\u0437\u0433\u043b\u0430\u0436\u0438\u0432\u0430\u0435\u0442 \u043a\u0440\u043e\u0442\u043e\u0432\u0438\u043d\u044b, \u043e\u0441\u0442\u0430\u0442\u043a\u0438 \u043d\u0430\u0432\u043e\u0437\u0430, \u0432\u044b\u0440\u0430\u0432\u043d\u0438\u0432\u0430\u0435\u0442 \u043f\u043e\u0432\u0435\u0440\u0445\u043d\u043e\u0441\u0442\u044c \u043b\u0443\u0433\u043e\u0432.\r\n\u0411\u043e\u0440\u043e\u043d\u0430 \u0448\u0438\u0440\u0438\u043d\u043e\u0439 2 \u043c\u0435\u0442\u0440\u0430 \u043f\u0440\u0435\u0434\u043d\u0430\u0437\u043d\u0430\u0447\u0435\u043d\u0430 \u0434\u043b\u044f \u043d\u0435\u0431\u043e\u043b\u044c\u0448\u0438\u0445 \u0442\u0440\u0430\u043a\u0442\u043e\u0440\u043e\u0432. \u0411\u043e\u0440\u043e\u043d\u044b \u0441 \u0448\u0438\u0440\u0438\u043d\u043e\u0439 \u0437\u0430\u0445\u0432\u0430\u0442\u0430 \u043e\u0442 4 \u043c \u0438\u0437\u0433\u043e\u0442\u0430\u0432\u043b\u0438\u0432\u0430\u044e\u0442\u0441\u044f \u0441 \u043e\u0447\u0435\u043d\u044c \u043f\u0440\u043e\u0447\u043d\u044b\u043c \u0433\u0438\u0434\u0440\u0430\u0432\u043b\u0438\u0447\u0435\u0441\u043a\u0438\u043c \u0446\u0438\u043b\u0438\u043d\u0434\u0440\u043e\u043c \u0434\u0432\u043e\u0439\u043d\u043e\u0433\u043e \u0434\u0435\u0439\u0441\u0442\u0432\u0438\u044f \u0434\u043b\u044f \u0441\u043a\u043b\u0430\u0434\u044b\u0432\u0430\u043d\u0438\u044f\/\u0440\u0430\u0441\u043a\u043b\u0430\u0434\u044b\u0432\u0430\u043d\u0438\u044f \u0431\u043e\u0440\u043e\u043d\u044b.\r\n\u0412 \u0443\u0441\u0442\u0440\u043e\u0439\u0441\u0442\u0432\u0435 \u0438\u0441\u043f\u043e\u043b\u044c\u0437\u043e\u0432\u0430\u043d\u044b \u0432\u044b\u0441\u043e\u043a\u043e\u043a\u0430\u0447\u0435\u0441\u0442\u0432\u0435\u043d\u043d\u044b\u0435 \u043c\u0430\u0442\u0435\u0440\u0438\u0430\u043b\u044b. \u0422\u043e\u043b\u0441\u0442\u043e\u0441\u0442\u0435\u043d\u043d\u044b\u0435 \u0442\u0440\u0443\u0431\u044b \u0438 \u043f\u0440\u043e\u0444\u0438\u043b\u0438, \u0430 \u0442\u0430\u043a\u0436\u0435 \u0434\u0432\u0443\u0441\u0442\u043e\u0440\u043e\u043d\u043d\u0438\u0435 \u0447\u0443\u0433\u0443\u043d\u043d\u044b\u0435 \u044d\u043b\u0435\u043c\u0435\u043d\u0442\u044b \u0433\u0430\u0440\u0430\u043d\u0442\u0438\u0440\u0443\u044e\u0442 \u0434\u043b\u0438\u0442\u0435\u043b\u044c\u043d\u044b\u0439 \u0441\u0440\u043e\u043a \u0441\u043b\u0443\u0436\u0431\u044b.\r\n\u041f\u0440\u0435\u0438\u043c\u0443\u0449\u0435\u0441\u0442\u0432\u0430:\r\n\u2022 4 \u0440\u044f\u0434\u0430 \u0440\u0430\u0431\u043e\u0447\u0438\u0445 \u043e\u0440\u0433\u0430\u043d\u043e\u0432;\r\n\u2022 \u0423\u0441\u0438\u043b\u0435\u043d\u043d\u043e\u0435 \u043a\u0440\u0435\u043f\u043b\u0435\u043d\u0438\u0435;\r\n\u2022 \u0418\u0437\u0433\u043e\u0442\u043e\u0432\u043b\u0435\u043d \u0438\u0437 \u0441\u0442\u0430\u043b\u044c\u043d\u043e\u0433\u043e \u0443\u0433\u043e\u043b\u043a\u0430;\r\n\u2022 \u0414\u0432\u0443\u0441\u0442\u043e\u0440\u043e\u043d\u043d\u0438\u0435 \u043a\u043e\u043c\u0431\u0438\u043d\u0438\u0440\u043e\u0432\u0430\u043d\u043d\u044b\u0435 \u0440\u0430\u0431\u043e\u0447\u0438\u0435 \u044d\u043b\u0435\u043c\u0435\u043d\u0442\u044b;\r\n\u2022 \u0423\u0441\u0438\u043b\u0435\u043d\u043d\u044b\u0435 \u043f\u0435\u0442\u043b\u0438;\r\n\u2022 \u0421\u043e\u0435\u0434\u0438\u043d\u0438\u0442\u0435\u043b\u044c\u043d\u044b\u0435 \u043a\u043e\u043b\u044c\u0446\u0430 \u0438\u0437\u0433\u043e\u0442\u043e\u0432\u043b\u0435\u043d\u044b \u0438\u0437 \u043f\u0440\u043e\u0432\u043e\u043b\u043e\u043a\u0438 \u0434\u0438\u0430\u043c\u0435\u0442\u0440\u043e\u043c 14 \u043c\u043c;\r\n\u2022 \u0414\u043e\u043f\u043e\u043b\u043d\u0438\u0442\u0435\u043b\u044c\u043d\u0430\u044f \u0437\u0430\u0449\u0438\u0442\u0430 \u0446\u0435\u043f\u0438;\r\n\u2022 \u041f\u0435\u0441\u043a\u043e\u0441\u0442\u0440\u0443\u0439\u043d\u0430\u044f \u043e\u0431\u0440\u0430\u0431\u043e\u0442\u043a\u0430 \u0438 \u043f\u043e\u043a\u0440\u0430\u0441\u043a\u0430 \u043f\u043e\u0440\u043e\u0448\u043a\u043e\u0432\u043e\u0439 \u043a\u0440\u0430\u0441\u043a\u043e\u0439.\r\n\r\n\u0426\u0435\u043d\u0430 \u0443\u043a\u0430\u0437\u0430\u043d\u0430 \u0441 \u0434\u043e\u0441\u0442\u0430\u0432\u043a\u043e\u0439 \u043f\u043e \u041b\u0438\u0442\u0432\u0435.\r\n\u0413\u0430\u0440\u0430\u043d\u0442\u0438\u0438 \u043f\u0440\u0435\u0434\u043e\u0441\u0442\u0430\u0432\u043b\u044f\u044e\u0442\u0441\u044f.","_ru_post_title":"\u041b\u0423\u0413\u041e\u0412\u042b\u0415 \u0418 \u041f\u041e\u041b\u0415\u0412\u042b\u0415 \u041f\u0415\u0420\u0415\u0422\u0410\u0421\u041a\u0418\u0412\u0410\u041d\u0418\u042f WL2","edit_language":"en"},"product_brand":[],"product_cat":[62],"product_tag":[],"class_list":{"0":"post-820","1":"product","2":"type-product","3":"status-publish","4":"has-post-thumbnail","6":"product_cat-pievu-prieziuros-akecios","8":"first","9":"instock","10":"taxable","11":"shipping-taxable","12":"purchasable","13":"product-type-simple"},"_links":{"self":[{"href":"https:\/\/tech-nika.lt\/en\/wp-json\/wp\/v2\/product\/820","targetHints":{"allow":["GET"]}}],"collection":[{"href":"https:\/\/tech-nika.lt\/en\/wp-json\/wp\/v2\/product"}],"about":[{"href":"https:\/\/tech-nika.lt\/en\/wp-json\/wp\/v2\/types\/product"}],"wp:featuredmedia":[{"embeddable":true,"href":"https:\/\/tech-nika.lt\/en\/wp-json\/wp\/v2\/media\/823"}],"wp:attachment":[{"href":"https:\/\/tech-nika.lt\/en\/wp-json\/wp\/v2\/media?parent=820"}],"wp:term":[{"taxonomy":"product_brand","embeddable":true,"href":"https:\/\/tech-nika.lt\/en\/wp-json\/wp\/v2\/product_brand?post=820"},{"taxonomy":"product_cat","embeddable":true,"href":"https:\/\/tech-nika.lt\/en\/wp-json\/wp\/v2\/product_cat?post=820"},{"taxonomy":"product_tag","embeddable":true,"href":"https:\/\/tech-nika.lt\/en\/wp-json\/wp\/v2\/product_tag?post=820"}],"curies":[{"name":"wp","href":"https:\/\/api.w.org\/{rel}","templated":true}]}}