{"id":896,"date":"2019-04-08T10:10:21","date_gmt":"2019-04-08T12:10:21","guid":{"rendered":"https:\/\/tech-nika.lt\/?post_type=product&#038;p=896"},"modified":"2022-04-22T05:05:12","modified_gmt":"2022-04-22T07:05:12","slug":"fork-lift-shovel-high-capacity","status":"publish","type":"product","link":"https:\/\/tech-nika.lt\/en\/product\/fork-lift-shovel-high-capacity\/","title":{"rendered":"FORK LIFT SHOVEL - HIGH CAPACITY, 1,8 M","raw":"FORK LIFT SHOVEL - HIGH CAPACITY, 1,8 M"},"content":{"rendered":"<p>Fork lift shovel &#8211; high capacity.<\/p>\n<p>1,5 m3 \/ 2 hydraulic cylinders.<\/p>\n","protected":false,"raw":"Fork lift shovel - high capacity.\r\n\r\n1,5 m3 \/ 2 hydraulic cylinders."},"excerpt":{"rendered":"","protected":false,"raw":""},"featured_media":893,"template":"","meta":{"_lt_post_content":"Darbinis plotis - 1,8 m;\r\nHidraulini\u0173 cilindr\u0173 skai\u010dius - 2 vnt.;\r\nT\u016bris - 1,5 m3;\r\nSvoris - 185 kg;\r\n\r\nKau\u0161\u0105 sudaro:\r\n- Stacionarus r\u0117mas, pagamintas i\u0161 plieno skardos ir fasonini\u0173 vamzd\u017ei\u0173. R\u0117mas turi dalis, skirtas j\u012f prijungti prie kau\u0161o, ir laikiklius, skirtus hidraulinei pavarai tvirtinti. Krautuvo \u0161ak\u0117s \u012fki\u0161amos \u012f fasoninius vamzd\u017eius ir tvirtinamos var\u017etais.\r\n- Kau\u0161as, pagamintas i\u0161 plieno skardos. Dugnas i\u0161lenktas, lop\u0161io formos, \u0161onai u\u017edaryti skarda. Dugnas sutvirtintas skardos juostomis, prie kuri\u0173 privirintos ausys, skirtos prijungti prie r\u0117mo ir prijungti hidraulin\u0119 pavar\u0105.\r\n- Kau\u0161as sujungtas su r\u0117mu a\u0161imis su kai\u0161\u010diais.\r\n- Hidraulin\u0117 sistema sudaryta i\u0161 hidraulin\u0117s pavaros, kuri suka kau\u0161\u0105 r\u0117mo at\u017evilgiu. Pavara turi ausis su rutulin\u0117mis alk\u016bn\u0117mis, sujungta a\u0161imis, kurios yra apsaugotos plok\u0161tel\u0117mis ir kai\u0161\u010diais. \u017darnos, kurios jungia hidraulin\u0119 pavar\u0105 su hidrauline sistema, u\u017edarytos dangteliais.\r\n- \u017darnos su hidraulin\u0117s sistemos dangteliais prijungiamos prie \u0161akinio krautuvo \u0161oninio jud\u0117jimo lizdo.","_lt_post_name":"kausas-sakiniam-krautuvui-padidinto-turio-18-m","_lt_post_excerpt":"Kau\u0161as \u0161akiniam krautuvui puikiai tinka pakrauti, i\u0161krauti ir gabenti birias med\u017eiagas. Taip pat gali b\u016bti naudojamas valyti snieg\u0105.\r\n\r\nKaina nurodyta su pristatymu Lietuvoje.\r\nSuteikiamos garantijos.","_lt_post_title":"Kau\u0161as \u0161akiniam krautuvui padidinto t\u016brio, 1,8 m","_en_post_content":"Fork lift shovel - high capacity.\r\n\r\n1,5 m3 \/ 2 hydraulic cylinders.","_en_post_name":"fork-lift-shovel-high-capacity","_en_post_excerpt":"","_en_post_title":"FORK LIFT SHOVEL - HIGH CAPACITY, 1,8 M","_ru_post_content":"","_ru_post_name":"","_ru_post_excerpt":"","_ru_post_title":"","edit_language":"en"},"product_brand":[],"product_cat":[65,66],"product_tag":[],"class_list":{"0":"post-896","1":"product","2":"type-product","3":"status-publish","4":"has-post-thumbnail","6":"product_cat-kausas-sakiniam-krautuvui-padidinto-turio","7":"product_cat-kausas-sakiniam-krautuvui-padidinto-turio-1","9":"first","10":"instock","11":"taxable","12":"shipping-taxable","13":"purchasable","14":"product-type-simple"},"_links":{"self":[{"href":"https:\/\/tech-nika.lt\/en\/wp-json\/wp\/v2\/product\/896","targetHints":{"allow":["GET"]}}],"collection":[{"href":"https:\/\/tech-nika.lt\/en\/wp-json\/wp\/v2\/product"}],"about":[{"href":"https:\/\/tech-nika.lt\/en\/wp-json\/wp\/v2\/types\/product"}],"wp:featuredmedia":[{"embeddable":true,"href":"https:\/\/tech-nika.lt\/en\/wp-json\/wp\/v2\/media\/893"}],"wp:attachment":[{"href":"https:\/\/tech-nika.lt\/en\/wp-json\/wp\/v2\/media?parent=896"}],"wp:term":[{"taxonomy":"product_brand","embeddable":true,"href":"https:\/\/tech-nika.lt\/en\/wp-json\/wp\/v2\/product_brand?post=896"},{"taxonomy":"product_cat","embeddable":true,"href":"https:\/\/tech-nika.lt\/en\/wp-json\/wp\/v2\/product_cat?post=896"},{"taxonomy":"product_tag","embeddable":true,"href":"https:\/\/tech-nika.lt\/en\/wp-json\/wp\/v2\/product_tag?post=896"}],"curies":[{"name":"wp","href":"https:\/\/api.w.org\/{rel}","templated":true}]}}