{"id":899,"date":"2019-04-09T06:07:00","date_gmt":"2019-04-09T08:07:00","guid":{"rendered":"https:\/\/tech-nika.lt\/?post_type=product&#038;p=899"},"modified":"2022-01-10T09:43:32","modified_gmt":"2022-01-10T11:43:32","slug":"bale-grab-chb2-1-hydraulic-cylinders-4-springs","status":"publish","type":"product","link":"https:\/\/tech-nika.lt\/en\/product\/bale-grab-chb2-1-hydraulic-cylinders-4-springs\/","title":{"rendered":"BALE GRAB CHB2, 1 HYDRAULIC CYLINDERS + 4 SPRINGS","raw":"BALE GRAB CHB2, 1 HYDRAULIC CYLINDERS + 4 SPRINGS"},"content":{"rendered":"<p>BALE GRAB<\/p>\n","protected":false,"raw":"BALE GRAB"},"excerpt":{"rendered":"","protected":false,"raw":""},"featured_media":898,"template":"","meta":{"_lt_post_content":"Cilindr\u0173 skai\u010dius 1 vnt;\r\nSpyruokli\u0173 skai\u010dius 4;\r\nMaksimalus atsidarymas 1,6 m;\r\nNuosavas svoris 165 kg.","_lt_post_name":"rulonu-griebtuvas-chb1t2-1-cilindro","_lt_post_excerpt":"Rulon\u0173 griebtuvas d\u0117l aptakios savo formos ir u\u017eapvalint\u0173 gal\u0173, patogus naudoti tiek lauke, tiek ir u\u017edaroje erdv\u0117je. Konstrukcija buvo kuriama taip, kad nesunkiai gal\u0117t\u0173 apimti ir laikyti perve\u017eant tiek kvadratinius, tiek apvalius rulonus, kas gerokai praple\u010dia griebtuvo panaudojimo galimybes.\r\nHidraulinis \u0161ieno, \u0161iaud\u0173 ir siloso rulon\u0173 griebtuvas tinka vis\u0173 tip\u0173 krautuvams, mini krautuvams. Griebtuvo \u201erankos\u201c gali saugiai, nepa\u017eeid\u017eiant \u201e\u012fpakavimo\u201c, suimti, pakelti ir laikyti transportuojant nuo 120 iki 160 cm skersmens ir sveriant\u012f iki 1000 kg. rulon\u0105.\r\nPrivalumai:\r\n- Pagamintas i\u0161 storasieni\u0173 vamzd\u017ei\u0173;\r\n- Pagamintas i\u0161 auk\u0161tos kokyb\u0117s plieno;\r\n- Auk\u0161tos kokyb\u0117s dvigubo pynimo hidraulin\u0117s \u017earnos;\r\n- Savaiminio tepimo \u012fvor\u0117s judan\u010diose griebtuvo dalyse;\r\n- Papildomi tvirtinimai.\r\n\r\nKaina nurodyta su pristatymu Lietuvoje.\r\nSuteikiamos garantijos.","_lt_post_title":"Rulon\u0173 griebtuvas CHB1T2, 1 cilindro","_en_post_content":"BALE GRAB","_en_post_name":"bale-grab-chb2-1-hydraulic-cylinders-4-springs","_en_post_excerpt":"","_en_post_title":"BALE GRAB CHB2, 1 HYDRAULIC CYLINDERS + 4 SPRINGS","_ru_post_content":"","_ru_post_name":"","_ru_post_excerpt":"","_ru_post_title":"","edit_language":"en"},"product_brand":[],"product_cat":[67],"product_tag":[],"class_list":{"0":"post-899","1":"product","2":"type-product","3":"status-publish","4":"has-post-thumbnail","6":"product_cat-rulonu-griebtuvas","8":"first","9":"instock","10":"taxable","11":"shipping-taxable","12":"purchasable","13":"product-type-simple"},"_links":{"self":[{"href":"https:\/\/tech-nika.lt\/en\/wp-json\/wp\/v2\/product\/899","targetHints":{"allow":["GET"]}}],"collection":[{"href":"https:\/\/tech-nika.lt\/en\/wp-json\/wp\/v2\/product"}],"about":[{"href":"https:\/\/tech-nika.lt\/en\/wp-json\/wp\/v2\/types\/product"}],"wp:featuredmedia":[{"embeddable":true,"href":"https:\/\/tech-nika.lt\/en\/wp-json\/wp\/v2\/media\/898"}],"wp:attachment":[{"href":"https:\/\/tech-nika.lt\/en\/wp-json\/wp\/v2\/media?parent=899"}],"wp:term":[{"taxonomy":"product_brand","embeddable":true,"href":"https:\/\/tech-nika.lt\/en\/wp-json\/wp\/v2\/product_brand?post=899"},{"taxonomy":"product_cat","embeddable":true,"href":"https:\/\/tech-nika.lt\/en\/wp-json\/wp\/v2\/product_cat?post=899"},{"taxonomy":"product_tag","embeddable":true,"href":"https:\/\/tech-nika.lt\/en\/wp-json\/wp\/v2\/product_tag?post=899"}],"curies":[{"name":"wp","href":"https:\/\/api.w.org\/{rel}","templated":true}]}}