{"id":992,"date":"2019-04-16T07:47:20","date_gmt":"2019-04-16T09:47:20","guid":{"rendered":"https:\/\/tech-nika.lt\/?post_type=product&#038;p=992"},"modified":"2021-09-07T10:50:29","modified_gmt":"2021-09-07T12:50:29","slug":"","status":"publish","type":"product","link":"https:\/\/tech-nika.lt\/en\/product\/rulonu-sakes-2\/","title":{"rendered":"","raw":""},"content":{"rendered":"","protected":false,"raw":""},"excerpt":{"rendered":"","protected":false,"raw":""},"featured_media":993,"template":"","meta":{"_lt_post_content":"Tiems, kas jau turi \u012fsigij\u0119s ne tik frontalin\u012f krautuv\u0105, bet ir papildomus priedus arba frontalin\u012f krautuv\u0105 naudoja tik vienam dviem darbams, tik\u0117tina, reikia pa\u010di\u0173 papras\u010diausi\u0173, konkre\u010diam darbui skirt\u0173, \u012fnagi\u0173. Be kau\u0161o, kuris yra standartin\u0117je s\u0105rangoje, dirbantiems \u017eem\u0117s \u016bkyje ar turintiems savo \u016bkius gali prireikti rulon\u0173 \u0161aki\u0173, kurias, kadangi n\u0117ra hidraulikos, galima pakeisti nei\u0161lipant i\u0161 krautuvo kabinos.\r\n\r\nPapras\u010diausios ir tod\u0117l pigiausios, ta\u010diau tokios pat kokybi\u0161kos, lengvos, tvirtos, pagamintos i\u0161 gr\u016bdinto plieno, rulon\u0173 \u0161ak\u0117s skirtos krauti ir transportuoti tiek apvalius, tiek ir kvadratinius \u0161ieno, \u0161iaud\u0173 ir siloso rulonus.","_lt_post_name":"rulonu-sakes-2","_lt_post_excerpt":"Plotis 0,85 m;\r\nAuk\u0161tis 0,65 m;\r\nAtstumas tarp \u0161aki\u0173 0,55 m;\r\nSvoris 35 kg.\r\n\r\nKaina nurodyta su pristatymu Lietuvoje.\r\nSuteikiamos garantijos.","_lt_post_title":"Rulon\u0173 \u0161ak\u0117s","_en_post_content":"","_en_post_name":"","_en_post_excerpt":"","_en_post_title":"","_ru_post_content":"","_ru_post_name":"","_ru_post_excerpt":"","_ru_post_title":"","edit_language":"en"},"product_brand":[],"product_cat":[72],"product_tag":[],"class_list":{"0":"post-992","1":"product","2":"type-product","3":"status-publish","4":"has-post-thumbnail","6":"product_cat-rulonu-sakes","8":"first","9":"instock","10":"taxable","11":"shipping-taxable","12":"purchasable","13":"product-type-simple"},"_links":{"self":[{"href":"https:\/\/tech-nika.lt\/en\/wp-json\/wp\/v2\/product\/992","targetHints":{"allow":["GET"]}}],"collection":[{"href":"https:\/\/tech-nika.lt\/en\/wp-json\/wp\/v2\/product"}],"about":[{"href":"https:\/\/tech-nika.lt\/en\/wp-json\/wp\/v2\/types\/product"}],"wp:featuredmedia":[{"embeddable":true,"href":"https:\/\/tech-nika.lt\/en\/wp-json\/wp\/v2\/media\/993"}],"wp:attachment":[{"href":"https:\/\/tech-nika.lt\/en\/wp-json\/wp\/v2\/media?parent=992"}],"wp:term":[{"taxonomy":"product_brand","embeddable":true,"href":"https:\/\/tech-nika.lt\/en\/wp-json\/wp\/v2\/product_brand?post=992"},{"taxonomy":"product_cat","embeddable":true,"href":"https:\/\/tech-nika.lt\/en\/wp-json\/wp\/v2\/product_cat?post=992"},{"taxonomy":"product_tag","embeddable":true,"href":"https:\/\/tech-nika.lt\/en\/wp-json\/wp\/v2\/product_tag?post=992"}],"curies":[{"name":"wp","href":"https:\/\/api.w.org\/{rel}","templated":true}]}}