{"id":15,"date":"2019-01-13T21:49:34","date_gmt":"2019-01-13T23:49:34","guid":{"rendered":"https:\/\/tech-nika.lt\/parduotuve\/"},"modified":"2024-02-13T09:12:03","modified_gmt":"2024-02-13T11:12:03","slug":"dopolnitelnoe-oborudovanie-dlya-pogruzchikov","status":"publish","type":"page","link":"https:\/\/tech-nika.lt\/ru\/dopolnitelnoe-oborudovanie-dlya-pogruzchikov\/","title":{"rendered":"\u0414\u043e\u043f\u043e\u043b\u043d\u0438\u0442\u0435\u043b\u044c\u043d\u043e\u0435 \u043e\u0431\u043e\u0440\u0443\u0434\u043e\u0432\u0430\u043d\u0438\u0435 \u0434\u043b\u044f \u043f\u043e\u0433\u0440\u0443\u0437\u0447\u0438\u043a\u043e\u0432","raw":"\u0414\u043e\u043f\u043e\u043b\u043d\u0438\u0442\u0435\u043b\u044c\u043d\u043e\u0435 \u043e\u0431\u043e\u0440\u0443\u0434\u043e\u0432\u0430\u043d\u0438\u0435 \u0434\u043b\u044f \u043f\u043e\u0433\u0440\u0443\u0437\u0447\u0438\u043a\u043e\u0432"},"content":{"rendered":"\n<p>\u0412\u044b\u0441\u043e\u043a\u043e\u043a\u0430\u0447\u0435\u0441\u0442\u0432\u0435\u043d\u043d\u044b\u0435 \u0430\u043a\u0441\u0435\u0441\u0441\u0443\u0430\u0440\u044b \u0434\u043b\u044f \u043f\u043e\u0433\u0440\u0443\u0437\u0447\u0438\u043a\u043e\u0432 \u0434\u043b\u044f \u043a\u043e\u043c\u043c\u0443\u043d\u0430\u043b\u044c\u043d\u043e\u0439, \u043b\u043e\u0433\u0438\u0441\u0442\u0438\u0447\u0435\u0441\u043a\u043e\u0439, \u0441\u0442\u0440\u043e\u0438\u0442\u0435\u043b\u044c\u043d\u043e\u0439 \u0438 \u0441\u0435\u043b\u044c\u0441\u043a\u043e\u0445\u043e\u0437\u044f\u0439\u0441\u0442\u0432\u0435\u043d\u043d\u043e\u0439 \u0442\u0435\u0445\u043d\u0438\u043a\u0438. \u0428\u0438\u0440\u043e\u043a\u0438\u0439 \u0432\u044b\u0431\u043e\u0440 \u0430\u043a\u0441\u0435\u0441\u0441\u0443\u0430\u0440\u043e\u0432 \u0434\u043b\u044f \u043f\u043e\u0433\u0440\u0443\u0437\u0447\u0438\u043a\u043e\u0432 \u0433\u0430\u0440\u0430\u043d\u0442\u0438\u0440\u0443\u0435\u0442 \u0431\u0435\u0441\u043f\u0435\u0440\u0435\u0431\u043e\u0439\u043d\u0443\u044e \u0438 \u043a\u0430\u0447\u0435\u0441\u0442\u0432\u0435\u043d\u043d\u0443\u044e \u0440\u0430\u0431\u043e\u0442\u0443. \u0421\u043f\u0435\u0446\u0438\u0430\u043b\u0438\u0441\u0442\u044b \u0422\u0415\u0425-\u041d\u0418\u041a\u0410 \u0441 \u043c\u043d\u043e\u0433\u043e\u043b\u0435\u0442\u043d\u0438\u043c \u043e\u043f\u044b\u0442\u043e\u043c \u043e\u0442\u0432\u0435\u0442\u044f\u0442 \u043d\u0430 \u0432\u0441\u0435 \u0432\u0430\u0448\u0438 \u0432\u043e\u043f\u0440\u043e\u0441\u044b \u0438 \u043f\u043e\u043c\u043e\u0433\u0443\u0442 \u0432\u044b\u0431\u0440\u0430\u0442\u044c \u043d\u0430\u0438\u0431\u043e\u043b\u0435\u0435 \u043f\u043e\u0434\u0445\u043e\u0434\u044f\u0449\u0443\u044e \u0442\u0435\u0445\u043d\u0438\u043a\u0443 \u0434\u043b\u044f \u0443\u0441\u043f\u0435\u0448\u043d\u043e\u0433\u043e \u0440\u0430\u0437\u0432\u0438\u0442\u0438\u044f \u0432\u0430\u0448\u0435\u0433\u043e \u0431\u0438\u0437\u043d\u0435\u0441\u0430. \u041e\u0431\u043e\u0440\u0443\u0434\u043e\u0432\u0430\u043d\u0438\u0435 \u0441 \u043f\u0440\u043e\u0444\u0435\u0441\u0441\u0438\u043e\u043d\u0430\u043b\u044c\u043d\u044b\u043c\u0438 \u0442\u0435\u0445\u043d\u0438\u0447\u0435\u0441\u043a\u0438\u043c\u0438 \u0445\u0430\u0440\u0430\u043a\u0442\u0435\u0440\u0438\u0441\u0442\u0438\u043a\u0430\u043c\u0438 \u043e\u0431\u0435\u0441\u043f\u0435\u0447\u0438\u0432\u0430\u0435\u0442 \u0434\u043b\u0438\u0442\u0435\u043b\u044c\u043d\u0443\u044e \u044d\u043a\u0441\u043f\u043b\u0443\u0430\u0442\u0430\u0446\u0438\u044e \u0438 \u043f\u0440\u0438\u0441\u043f\u043e\u0441\u043e\u0431\u043b\u0435\u043d\u043e \u0434\u043b\u044f \u0440\u0430\u0431\u043e\u0442\u044b \u0432 \u0438\u043d\u0442\u0435\u043d\u0441\u0438\u0432\u043d\u044b\u0445 \u0443\u0441\u043b\u043e\u0432\u0438\u044f\u0445 \u0432 \u0441\u0435\u043b\u044c\u0441\u043a\u043e\u043c \u0445\u043e\u0437\u044f\u0439\u0441\u0442\u0432\u0435, \u0441\u0442\u0440\u043e\u0438\u0442\u0435\u043b\u044c\u0441\u0442\u0432\u0435 \u0438 \u043a\u043e\u043c\u043c\u0443\u043d\u0430\u043b\u044c\u043d\u043e\u043c \u0445\u043e\u0437\u044f\u0439\u0441\u0442\u0432\u0435.<\/p>\n","protected":false,"raw":"<!-- wp:paragraph -->\n<p>\u0412\u044b\u0441\u043e\u043a\u043e\u043a\u0430\u0447\u0435\u0441\u0442\u0432\u0435\u043d\u043d\u044b\u0435 \u0430\u043a\u0441\u0435\u0441\u0441\u0443\u0430\u0440\u044b \u0434\u043b\u044f \u043f\u043e\u0433\u0440\u0443\u0437\u0447\u0438\u043a\u043e\u0432 \u0434\u043b\u044f \u043a\u043e\u043c\u043c\u0443\u043d\u0430\u043b\u044c\u043d\u043e\u0439, \u043b\u043e\u0433\u0438\u0441\u0442\u0438\u0447\u0435\u0441\u043a\u043e\u0439, \u0441\u0442\u0440\u043e\u0438\u0442\u0435\u043b\u044c\u043d\u043e\u0439 \u0438 \u0441\u0435\u043b\u044c\u0441\u043a\u043e\u0445\u043e\u0437\u044f\u0439\u0441\u0442\u0432\u0435\u043d\u043d\u043e\u0439 \u0442\u0435\u0445\u043d\u0438\u043a\u0438. \u0428\u0438\u0440\u043e\u043a\u0438\u0439 \u0432\u044b\u0431\u043e\u0440 \u0430\u043a\u0441\u0435\u0441\u0441\u0443\u0430\u0440\u043e\u0432 \u0434\u043b\u044f \u043f\u043e\u0433\u0440\u0443\u0437\u0447\u0438\u043a\u043e\u0432 \u0433\u0430\u0440\u0430\u043d\u0442\u0438\u0440\u0443\u0435\u0442 \u0431\u0435\u0441\u043f\u0435\u0440\u0435\u0431\u043e\u0439\u043d\u0443\u044e \u0438 \u043a\u0430\u0447\u0435\u0441\u0442\u0432\u0435\u043d\u043d\u0443\u044e \u0440\u0430\u0431\u043e\u0442\u0443. \u0421\u043f\u0435\u0446\u0438\u0430\u043b\u0438\u0441\u0442\u044b \u0422\u0415\u0425-\u041d\u0418\u041a\u0410 \u0441 \u043c\u043d\u043e\u0433\u043e\u043b\u0435\u0442\u043d\u0438\u043c \u043e\u043f\u044b\u0442\u043e\u043c \u043e\u0442\u0432\u0435\u0442\u044f\u0442 \u043d\u0430 \u0432\u0441\u0435 \u0432\u0430\u0448\u0438 \u0432\u043e\u043f\u0440\u043e\u0441\u044b \u0438 \u043f\u043e\u043c\u043e\u0433\u0443\u0442 \u0432\u044b\u0431\u0440\u0430\u0442\u044c \u043d\u0430\u0438\u0431\u043e\u043b\u0435\u0435 \u043f\u043e\u0434\u0445\u043e\u0434\u044f\u0449\u0443\u044e \u0442\u0435\u0445\u043d\u0438\u043a\u0443 \u0434\u043b\u044f \u0443\u0441\u043f\u0435\u0448\u043d\u043e\u0433\u043e \u0440\u0430\u0437\u0432\u0438\u0442\u0438\u044f \u0432\u0430\u0448\u0435\u0433\u043e \u0431\u0438\u0437\u043d\u0435\u0441\u0430. \u041e\u0431\u043e\u0440\u0443\u0434\u043e\u0432\u0430\u043d\u0438\u0435 \u0441 \u043f\u0440\u043e\u0444\u0435\u0441\u0441\u0438\u043e\u043d\u0430\u043b\u044c\u043d\u044b\u043c\u0438 \u0442\u0435\u0445\u043d\u0438\u0447\u0435\u0441\u043a\u0438\u043c\u0438 \u0445\u0430\u0440\u0430\u043a\u0442\u0435\u0440\u0438\u0441\u0442\u0438\u043a\u0430\u043c\u0438 \u043e\u0431\u0435\u0441\u043f\u0435\u0447\u0438\u0432\u0430\u0435\u0442 \u0434\u043b\u0438\u0442\u0435\u043b\u044c\u043d\u0443\u044e \u044d\u043a\u0441\u043f\u043b\u0443\u0430\u0442\u0430\u0446\u0438\u044e \u0438 \u043f\u0440\u0438\u0441\u043f\u043e\u0441\u043e\u0431\u043b\u0435\u043d\u043e \u0434\u043b\u044f \u0440\u0430\u0431\u043e\u0442\u044b \u0432 \u0438\u043d\u0442\u0435\u043d\u0441\u0438\u0432\u043d\u044b\u0445 \u0443\u0441\u043b\u043e\u0432\u0438\u044f\u0445 \u0432 \u0441\u0435\u043b\u044c\u0441\u043a\u043e\u043c \u0445\u043e\u0437\u044f\u0439\u0441\u0442\u0432\u0435, \u0441\u0442\u0440\u043e\u0438\u0442\u0435\u043b\u044c\u0441\u0442\u0432\u0435 \u0438 \u043a\u043e\u043c\u043c\u0443\u043d\u0430\u043b\u044c\u043d\u043e\u043c \u0445\u043e\u0437\u044f\u0439\u0441\u0442\u0432\u0435.<\/p>\n<!-- \/wp:paragraph -->"},"excerpt":{"rendered":"","protected":false,"raw":""},"author":1,"featured_media":0,"parent":0,"menu_order":0,"comment_status":"closed","ping_status":"closed","template":"","meta":{"_lt_post_content":"<!-- wp:paragraph -->\n<p>Auk\u0161tos kokyb\u0117s <strong>krautuv\u0173 priedai<\/strong> komunalinei, logistikos, statybos ir \u017eem\u0117s \u016bkio technikai. Plati <strong>krautuv\u0173 pried\u0173<\/strong> pasi\u016bla garantuoja skland\u0173 ir kokybi\u0161k\u0105 darb\u0105. Ilgamet\u0119 patirt\u012f turintys TECH-NIKA specialistai atsakys \u012f visus j\u016bs\u0173 klausimus ir pad\u0117s pasirinkti tinkamiausius padargus s\u0117kmingai j\u016bs\u0173 veiklos pl\u0117trai. Profesionalios technin\u0117s charakteristikos \u012franga u\u017etikrina ilgaam\u017e\u0119 eksploatacij\u0105 ir yra pritaikyta darbui intensyviomis s\u0105lygomis \u017eem\u0117s \u016bkio, statybos ir komunaliniame sektoriuje. <\/p>\n<!-- \/wp:paragraph -->","_lt_post_name":"krautuvu-priedai","_lt_post_excerpt":"","_lt_post_title":"Krautuv\u0173 priedai","_en_post_content":"<!-- wp:paragraph -->\n<p>High-quality loader accessories for utility, logistics, construction and agricultural machinery. A wide range of loader accessories guarantees smooth and high-quality work. TECH-NIKA specialists with many years of experience will answer all your questions and help you choose the most suitable implements for the successful development of your business. Equipment with professional technical characteristics ensures long-term operation and is adapted to work in intensive conditions in the agricultural, construction and utility sectors.<\/p>\n<!-- \/wp:paragraph -->","_en_post_name":"","_en_post_excerpt":"","_en_post_title":"Equipment for wheel and front loaders","_ru_post_content":"<!-- wp:paragraph -->\n<p>\u0412\u044b\u0441\u043e\u043a\u043e\u043a\u0430\u0447\u0435\u0441\u0442\u0432\u0435\u043d\u043d\u044b\u0435 \u0430\u043a\u0441\u0435\u0441\u0441\u0443\u0430\u0440\u044b \u0434\u043b\u044f \u043f\u043e\u0433\u0440\u0443\u0437\u0447\u0438\u043a\u043e\u0432 \u0434\u043b\u044f \u043a\u043e\u043c\u043c\u0443\u043d\u0430\u043b\u044c\u043d\u043e\u0439, \u043b\u043e\u0433\u0438\u0441\u0442\u0438\u0447\u0435\u0441\u043a\u043e\u0439, \u0441\u0442\u0440\u043e\u0438\u0442\u0435\u043b\u044c\u043d\u043e\u0439 \u0438 \u0441\u0435\u043b\u044c\u0441\u043a\u043e\u0445\u043e\u0437\u044f\u0439\u0441\u0442\u0432\u0435\u043d\u043d\u043e\u0439 \u0442\u0435\u0445\u043d\u0438\u043a\u0438. \u0428\u0438\u0440\u043e\u043a\u0438\u0439 \u0432\u044b\u0431\u043e\u0440 \u0430\u043a\u0441\u0435\u0441\u0441\u0443\u0430\u0440\u043e\u0432 \u0434\u043b\u044f \u043f\u043e\u0433\u0440\u0443\u0437\u0447\u0438\u043a\u043e\u0432 \u0433\u0430\u0440\u0430\u043d\u0442\u0438\u0440\u0443\u0435\u0442 \u0431\u0435\u0441\u043f\u0435\u0440\u0435\u0431\u043e\u0439\u043d\u0443\u044e \u0438 \u043a\u0430\u0447\u0435\u0441\u0442\u0432\u0435\u043d\u043d\u0443\u044e \u0440\u0430\u0431\u043e\u0442\u0443. \u0421\u043f\u0435\u0446\u0438\u0430\u043b\u0438\u0441\u0442\u044b \u0422\u0415\u0425-\u041d\u0418\u041a\u0410 \u0441 \u043c\u043d\u043e\u0433\u043e\u043b\u0435\u0442\u043d\u0438\u043c \u043e\u043f\u044b\u0442\u043e\u043c \u043e\u0442\u0432\u0435\u0442\u044f\u0442 \u043d\u0430 \u0432\u0441\u0435 \u0432\u0430\u0448\u0438 \u0432\u043e\u043f\u0440\u043e\u0441\u044b \u0438 \u043f\u043e\u043c\u043e\u0433\u0443\u0442 \u0432\u044b\u0431\u0440\u0430\u0442\u044c \u043d\u0430\u0438\u0431\u043e\u043b\u0435\u0435 \u043f\u043e\u0434\u0445\u043e\u0434\u044f\u0449\u0443\u044e \u0442\u0435\u0445\u043d\u0438\u043a\u0443 \u0434\u043b\u044f \u0443\u0441\u043f\u0435\u0448\u043d\u043e\u0433\u043e \u0440\u0430\u0437\u0432\u0438\u0442\u0438\u044f \u0432\u0430\u0448\u0435\u0433\u043e \u0431\u0438\u0437\u043d\u0435\u0441\u0430. \u041e\u0431\u043e\u0440\u0443\u0434\u043e\u0432\u0430\u043d\u0438\u0435 \u0441 \u043f\u0440\u043e\u0444\u0435\u0441\u0441\u0438\u043e\u043d\u0430\u043b\u044c\u043d\u044b\u043c\u0438 \u0442\u0435\u0445\u043d\u0438\u0447\u0435\u0441\u043a\u0438\u043c\u0438 \u0445\u0430\u0440\u0430\u043a\u0442\u0435\u0440\u0438\u0441\u0442\u0438\u043a\u0430\u043c\u0438 \u043e\u0431\u0435\u0441\u043f\u0435\u0447\u0438\u0432\u0430\u0435\u0442 \u0434\u043b\u0438\u0442\u0435\u043b\u044c\u043d\u0443\u044e \u044d\u043a\u0441\u043f\u043b\u0443\u0430\u0442\u0430\u0446\u0438\u044e \u0438 \u043f\u0440\u0438\u0441\u043f\u043e\u0441\u043e\u0431\u043b\u0435\u043d\u043e \u0434\u043b\u044f \u0440\u0430\u0431\u043e\u0442\u044b \u0432 \u0438\u043d\u0442\u0435\u043d\u0441\u0438\u0432\u043d\u044b\u0445 \u0443\u0441\u043b\u043e\u0432\u0438\u044f\u0445 \u0432 \u0441\u0435\u043b\u044c\u0441\u043a\u043e\u043c \u0445\u043e\u0437\u044f\u0439\u0441\u0442\u0432\u0435, \u0441\u0442\u0440\u043e\u0438\u0442\u0435\u043b\u044c\u0441\u0442\u0432\u0435 \u0438 \u043a\u043e\u043c\u043c\u0443\u043d\u0430\u043b\u044c\u043d\u043e\u043c \u0445\u043e\u0437\u044f\u0439\u0441\u0442\u0432\u0435.<\/p>\n<!-- \/wp:paragraph -->","_ru_post_name":"dopolnitelnoe-oborudovanie-dlya-pogruzchikov","_ru_post_excerpt":"","_ru_post_title":"\u0414\u043e\u043f\u043e\u043b\u043d\u0438\u0442\u0435\u043b\u044c\u043d\u043e\u0435 \u043e\u0431\u043e\u0440\u0443\u0434\u043e\u0432\u0430\u043d\u0438\u0435 \u0434\u043b\u044f \u043f\u043e\u0433\u0440\u0443\u0437\u0447\u0438\u043a\u043e\u0432","edit_language":"ru","footnotes":""},"class_list":["post-15","page","type-page","status-publish"],"_links":{"self":[{"href":"https:\/\/tech-nika.lt\/ru\/wp-json\/wp\/v2\/pages\/15","targetHints":{"allow":["GET"]}}],"collection":[{"href":"https:\/\/tech-nika.lt\/ru\/wp-json\/wp\/v2\/pages"}],"about":[{"href":"https:\/\/tech-nika.lt\/ru\/wp-json\/wp\/v2\/types\/page"}],"author":[{"embeddable":true,"href":"https:\/\/tech-nika.lt\/ru\/wp-json\/wp\/v2\/users\/1"}],"replies":[{"embeddable":true,"href":"https:\/\/tech-nika.lt\/ru\/wp-json\/wp\/v2\/comments?post=15"}],"version-history":[{"count":9,"href":"https:\/\/tech-nika.lt\/ru\/wp-json\/wp\/v2\/pages\/15\/revisions"}],"predecessor-version":[{"id":1645,"href":"https:\/\/tech-nika.lt\/ru\/wp-json\/wp\/v2\/pages\/15\/revisions\/1645"}],"wp:attachment":[{"href":"https:\/\/tech-nika.lt\/ru\/wp-json\/wp\/v2\/media?parent=15"}],"curies":[{"name":"wp","href":"https:\/\/api.w.org\/{rel}","templated":true}]}}