{"id":6,"date":"2019-01-09T08:57:05","date_gmt":"2019-01-09T10:57:05","guid":{"rendered":"https:\/\/tech-nika.lt\/?page_id=6"},"modified":"2024-02-13T09:04:59","modified_gmt":"2024-02-13T11:04:59","slug":"","status":"publish","type":"page","link":"https:\/\/tech-nika.lt\/ru\/","title":{"rendered":"\u041d\u0410\u0412\u0415\u0421\u041d\u041e\u0415 \u041e\u0411\u041e\u0420\u0423\u0414\u041e\u0412\u0410\u041d\u0418\u0415","raw":"\u041d\u0410\u0412\u0415\u0421\u041d\u041e\u0415 \u041e\u0411\u041e\u0420\u0423\u0414\u041e\u0412\u0410\u041d\u0418\u0415"},"content":{"rendered":"\n<p>\u0421\u043f\u0430\u0441\u0438\u0431\u043e, \u0447\u0442\u043e \u043f\u043e\u0441\u0435\u0442\u0438\u043b\u0438 \u043d\u0430\u0448\u0443 \u0441\u0442\u0440\u0430\u043d\u0438\u0446\u0443.<\/p>\n\n\n\n<p>\u041c\u044b \u0443\u0441\u043f\u0435\u0448\u043d\u0430\u044f \u043a\u043e\u043c\u0430\u043d\u0434\u0430 \u0441 2010 \u0433\u043e\u0434\u0430, \u0441\u043f\u043e\u0441\u043e\u0431\u043d\u0430\u044f \u043f\u0440\u0435\u0434\u043b\u043e\u0436\u0438\u0442\u044c \u0432\u0430\u043c \u0448\u0438\u0440\u043e\u043a\u0438\u0439 \u0430\u0441\u0441\u043e\u0440\u0442\u0438\u043c\u0435\u043d\u0442 \u0430\u043a\u0441\u0435\u0441\u0441\u0443\u0430\u0440\u043e\u0432 \u0434\u043b\u044f \u043f\u043e\u0433\u0440\u0443\u0437\u0447\u0438\u043a\u043e\u0432: \u043a\u0430\u0447\u0435\u0441\u0442\u0432\u0435\u043d\u043d\u043e\u0435 \u043e\u0431\u043e\u0440\u0443\u0434\u043e\u0432\u0430\u043d\u0438\u0435, \u0430\u043a\u0441\u0435\u0441\u0441\u0443\u0430\u0440\u044b \u0434\u043b\u044f \u043a\u043e\u043c\u043c\u0443\u043d\u0430\u043b\u044c\u043d\u043e\u0439, \u043b\u043e\u0433\u0438\u0441\u0442\u0438\u0447\u0435\u0441\u043a\u043e\u0439, \u0441\u0442\u0440\u043e\u0438\u0442\u0435\u043b\u044c\u043d\u043e\u0439 \u0438 \u0441\u0435\u043b\u044c\u0441\u043a\u043e\u0445\u043e\u0437\u044f\u0439\u0441\u0442\u0432\u0435\u043d\u043d\u043e\u0439 \u0442\u0435\u0445\u043d\u0438\u043a\u0438. \u041c\u044b \u0440\u0430\u0434\u044b, \u0447\u0442\u043e \u0441 \u043f\u0435\u0440\u0432\u043e\u0433\u043e \u0433\u043e\u0434\u0430 \u0440\u0430\u0431\u043e\u0442\u044b \u043a\u043e\u043c\u043f\u0430\u043d\u0438\u044e \u043e\u0446\u0435\u043d\u0438\u043b\u0438 \u043d\u0435 \u0442\u043e\u043b\u044c\u043a\u043e \u043a\u043b\u0438\u0435\u043d\u0442\u044b \u0438\u0437 \u041b\u0438\u0442\u0432\u044b, \u043d\u043e \u0438 \u041f\u043e\u043b\u044c\u0448\u0438, \u0413\u0435\u0440\u043c\u0430\u043d\u0438\u0438, \u041b\u0430\u0442\u0432\u0438\u0438, \u042d\u0441\u0442\u043e\u043d\u0438\u0438, \u0412\u0435\u043b\u0438\u043a\u043e\u0431\u0440\u0438\u0442\u0430\u043d\u0438\u0438, \u0418\u0442\u0430\u043b\u0438\u0438, \u041d\u0438\u0434\u0435\u0440\u043b\u0430\u043d\u0434\u043e\u0432, \u041d\u043e\u0440\u0432\u0435\u0433\u0438\u0438, \u0422\u0443\u0440\u0446\u0438\u0438, K\u0430\u0437\u0430\u0445\u0441\u0442\u0430\u043d\u0430. , \u041d\u0438\u0433\u0435\u0440\u0438\u044f, \u041a\u0443\u0432\u0435\u0439\u0442, \u0427\u0438\u043b\u0438. \u0421\u0442\u043e\u043b\u044c \u0432\u044b\u0441\u043e\u043a\u0438\u0435 \u043e\u0446\u0435\u043d\u043a\u0438 \u043f\u043e\u0437\u0432\u043e\u043b\u0438\u043b\u0438 \u0437\u043d\u0430\u0447\u0438\u0442\u0435\u043b\u044c\u043d\u043e \u0440\u0430\u0441\u0448\u0438\u0440\u0438\u0442\u044c \u0434\u0435\u044f\u0442\u0435\u043b\u044c\u043d\u043e\u0441\u0442\u044c \u043a\u043e\u043c\u043f\u0430\u043d\u0438\u0438 \u0438 \u0441\u0442\u0430\u0442\u044c \u043e\u0434\u043d\u0438\u043c \u0438\u0437 \u0431\u0435\u0441\u0442\u0441\u0435\u043b\u043b\u0435\u0440\u043e\u0432 \u0432\u0442\u043e\u0440\u0438\u0447\u043d\u043e\u0433\u043e \u0440\u044b\u043d\u043a\u0430 \u0437\u0430\u043f\u0447\u0430\u0441\u0442\u0435\u0439 \u043c\u0430\u0440\u043a\u0438 VOLVO.<\/p>\n\n\n\n<p>\u0421 2017 \u0433\u043e\u0434\u0430 \u043c\u044b \u043f\u0440\u0435\u0434\u0441\u0442\u0430\u0432\u043b\u044f\u0435\u043c \u043f\u043e\u043b\u044c\u0441\u043a\u0438\u0445 \u043f\u0440\u043e\u0438\u0437\u0432\u043e\u0434\u0438\u0442\u0435\u043b\u0435\u0439 \u0438 \u0443\u0436\u0435 \u0441\u0435\u0439\u0447\u0430\u0441 \u043c\u043e\u0436\u0435\u043c \u043f\u0440\u0435\u0434\u043b\u043e\u0436\u0438\u0442\u044c \u043e\u0447\u0435\u043d\u044c \u0448\u0438\u0440\u043e\u043a\u0438\u0439 \u0432\u044b\u0431\u043e\u0440 \u043e\u0440\u0443\u0434\u0438\u0439 \u0434\u043b\u044f \u0441\u0435\u043b\u044c\u0441\u043a\u043e\u0433\u043e \u0445\u043e\u0437\u044f\u0439\u0441\u0442\u0432\u0430, \u0441\u0442\u0440\u043e\u0438\u0442\u0435\u043b\u044c\u0441\u0442\u0432\u0430 \u0438 \u043a\u043e\u043c\u043c\u0443\u043d\u0430\u043b\u044c\u043d\u043e\u0433\u043e \u0445\u043e\u0437\u044f\u0439\u0441\u0442\u0432\u0430.<\/p>\n\n\n\n<p>\u0415\u0441\u043b\u0438 \u0432\u044b \u0438\u0449\u0435\u0442\u0435 \u043d\u0435\u0434\u043e\u0440\u043e\u0433\u043e\u0433\u043e, \u043d\u043e \u043a\u0430\u0447\u0435\u0441\u0442\u0432\u0435\u043d\u043d\u043e\u0433\u043e \u043f\u043e\u043c\u043e\u0449\u043d\u0438\u043a\u0430, \u0432\u044b \u043f\u043e\u043f\u0430\u043b\u0438 \u043f\u043e \u0430\u0434\u0440\u0435\u0441\u0443!<\/p>\n\n\n\n<p>\u0415\u0441\u043b\u0438 \u0443 \u0432\u0430\u0441 \u0432\u043e\u0437\u043d\u0438\u043a\u043d\u0443\u0442 \u0432\u043e\u043f\u0440\u043e\u0441\u044b, \u0441\u043c\u0435\u043b\u043e \u043e\u0431\u0440\u0430\u0449\u0430\u0439\u0442\u0435\u0441\u044c \u043a \u043d\u0430\u0448\u0438\u043c \u0441\u043f\u0435\u0446\u0438\u0430\u043b\u0438\u0441\u0442\u0430\u043c. \u041c\u044b \u043f\u0440\u0435\u0434\u043e\u0441\u0442\u0430\u0432\u0438\u043c \u043d\u0435\u043e\u0431\u0445\u043e\u0434\u0438\u043c\u044b\u0435 \u043a\u043e\u043d\u0441\u0443\u043b\u044c\u0442\u0430\u0446\u0438\u0438, \u043e\u0442\u0432\u0435\u0442\u0438\u043c \u043d\u0430 \u0432\u0441\u0435 \u0432\u043e\u043f\u0440\u043e\u0441\u044b, \u043f\u0440\u0438 \u0436\u0435\u043b\u0430\u043d\u0438\u0438 \u043e\u0440\u0433\u0430\u043d\u0438\u0437\u0443\u0435\u043c \u0432\u0441\u0442\u0440\u0435\u0447\u0443.<\/p>\n","protected":false,"raw":"<!-- wp:paragraph -->\n<p>\u0421\u043f\u0430\u0441\u0438\u0431\u043e, \u0447\u0442\u043e \u043f\u043e\u0441\u0435\u0442\u0438\u043b\u0438 \u043d\u0430\u0448\u0443 \u0441\u0442\u0440\u0430\u043d\u0438\u0446\u0443.<\/p>\n<!-- \/wp:paragraph -->\n\n<!-- wp:paragraph -->\n<p>\u041c\u044b \u0443\u0441\u043f\u0435\u0448\u043d\u0430\u044f \u043a\u043e\u043c\u0430\u043d\u0434\u0430 \u0441 2010 \u0433\u043e\u0434\u0430, \u0441\u043f\u043e\u0441\u043e\u0431\u043d\u0430\u044f \u043f\u0440\u0435\u0434\u043b\u043e\u0436\u0438\u0442\u044c \u0432\u0430\u043c \u0448\u0438\u0440\u043e\u043a\u0438\u0439 \u0430\u0441\u0441\u043e\u0440\u0442\u0438\u043c\u0435\u043d\u0442 \u0430\u043a\u0441\u0435\u0441\u0441\u0443\u0430\u0440\u043e\u0432 \u0434\u043b\u044f \u043f\u043e\u0433\u0440\u0443\u0437\u0447\u0438\u043a\u043e\u0432: \u043a\u0430\u0447\u0435\u0441\u0442\u0432\u0435\u043d\u043d\u043e\u0435 \u043e\u0431\u043e\u0440\u0443\u0434\u043e\u0432\u0430\u043d\u0438\u0435, \u0430\u043a\u0441\u0435\u0441\u0441\u0443\u0430\u0440\u044b \u0434\u043b\u044f \u043a\u043e\u043c\u043c\u0443\u043d\u0430\u043b\u044c\u043d\u043e\u0439, \u043b\u043e\u0433\u0438\u0441\u0442\u0438\u0447\u0435\u0441\u043a\u043e\u0439, \u0441\u0442\u0440\u043e\u0438\u0442\u0435\u043b\u044c\u043d\u043e\u0439 \u0438 \u0441\u0435\u043b\u044c\u0441\u043a\u043e\u0445\u043e\u0437\u044f\u0439\u0441\u0442\u0432\u0435\u043d\u043d\u043e\u0439 \u0442\u0435\u0445\u043d\u0438\u043a\u0438. \u041c\u044b \u0440\u0430\u0434\u044b, \u0447\u0442\u043e \u0441 \u043f\u0435\u0440\u0432\u043e\u0433\u043e \u0433\u043e\u0434\u0430 \u0440\u0430\u0431\u043e\u0442\u044b \u043a\u043e\u043c\u043f\u0430\u043d\u0438\u044e \u043e\u0446\u0435\u043d\u0438\u043b\u0438 \u043d\u0435 \u0442\u043e\u043b\u044c\u043a\u043e \u043a\u043b\u0438\u0435\u043d\u0442\u044b \u0438\u0437 \u041b\u0438\u0442\u0432\u044b, \u043d\u043e \u0438 \u041f\u043e\u043b\u044c\u0448\u0438, \u0413\u0435\u0440\u043c\u0430\u043d\u0438\u0438, \u041b\u0430\u0442\u0432\u0438\u0438, \u042d\u0441\u0442\u043e\u043d\u0438\u0438, \u0412\u0435\u043b\u0438\u043a\u043e\u0431\u0440\u0438\u0442\u0430\u043d\u0438\u0438, \u0418\u0442\u0430\u043b\u0438\u0438, \u041d\u0438\u0434\u0435\u0440\u043b\u0430\u043d\u0434\u043e\u0432, \u041d\u043e\u0440\u0432\u0435\u0433\u0438\u0438, \u0422\u0443\u0440\u0446\u0438\u0438, K\u0430\u0437\u0430\u0445\u0441\u0442\u0430\u043d\u0430. , \u041d\u0438\u0433\u0435\u0440\u0438\u044f, \u041a\u0443\u0432\u0435\u0439\u0442, \u0427\u0438\u043b\u0438. \u0421\u0442\u043e\u043b\u044c \u0432\u044b\u0441\u043e\u043a\u0438\u0435 \u043e\u0446\u0435\u043d\u043a\u0438 \u043f\u043e\u0437\u0432\u043e\u043b\u0438\u043b\u0438 \u0437\u043d\u0430\u0447\u0438\u0442\u0435\u043b\u044c\u043d\u043e \u0440\u0430\u0441\u0448\u0438\u0440\u0438\u0442\u044c \u0434\u0435\u044f\u0442\u0435\u043b\u044c\u043d\u043e\u0441\u0442\u044c \u043a\u043e\u043c\u043f\u0430\u043d\u0438\u0438 \u0438 \u0441\u0442\u0430\u0442\u044c \u043e\u0434\u043d\u0438\u043c \u0438\u0437 \u0431\u0435\u0441\u0442\u0441\u0435\u043b\u043b\u0435\u0440\u043e\u0432 \u0432\u0442\u043e\u0440\u0438\u0447\u043d\u043e\u0433\u043e \u0440\u044b\u043d\u043a\u0430 \u0437\u0430\u043f\u0447\u0430\u0441\u0442\u0435\u0439 \u043c\u0430\u0440\u043a\u0438 VOLVO.<\/p>\n<!-- \/wp:paragraph -->\n\n<!-- wp:paragraph -->\n<p>\u0421 2017 \u0433\u043e\u0434\u0430 \u043c\u044b \u043f\u0440\u0435\u0434\u0441\u0442\u0430\u0432\u043b\u044f\u0435\u043c \u043f\u043e\u043b\u044c\u0441\u043a\u0438\u0445 \u043f\u0440\u043e\u0438\u0437\u0432\u043e\u0434\u0438\u0442\u0435\u043b\u0435\u0439 \u0438 \u0443\u0436\u0435 \u0441\u0435\u0439\u0447\u0430\u0441 \u043c\u043e\u0436\u0435\u043c \u043f\u0440\u0435\u0434\u043b\u043e\u0436\u0438\u0442\u044c \u043e\u0447\u0435\u043d\u044c \u0448\u0438\u0440\u043e\u043a\u0438\u0439 \u0432\u044b\u0431\u043e\u0440 \u043e\u0440\u0443\u0434\u0438\u0439 \u0434\u043b\u044f \u0441\u0435\u043b\u044c\u0441\u043a\u043e\u0433\u043e \u0445\u043e\u0437\u044f\u0439\u0441\u0442\u0432\u0430, \u0441\u0442\u0440\u043e\u0438\u0442\u0435\u043b\u044c\u0441\u0442\u0432\u0430 \u0438 \u043a\u043e\u043c\u043c\u0443\u043d\u0430\u043b\u044c\u043d\u043e\u0433\u043e \u0445\u043e\u0437\u044f\u0439\u0441\u0442\u0432\u0430.<\/p>\n<!-- \/wp:paragraph -->\n\n<!-- wp:paragraph -->\n<p>\u0415\u0441\u043b\u0438 \u0432\u044b \u0438\u0449\u0435\u0442\u0435 \u043d\u0435\u0434\u043e\u0440\u043e\u0433\u043e\u0433\u043e, \u043d\u043e \u043a\u0430\u0447\u0435\u0441\u0442\u0432\u0435\u043d\u043d\u043e\u0433\u043e \u043f\u043e\u043c\u043e\u0449\u043d\u0438\u043a\u0430, \u0432\u044b \u043f\u043e\u043f\u0430\u043b\u0438 \u043f\u043e \u0430\u0434\u0440\u0435\u0441\u0443!<\/p>\n<!-- \/wp:paragraph -->\n\n<!-- wp:paragraph -->\n<p>\u0415\u0441\u043b\u0438 \u0443 \u0432\u0430\u0441 \u0432\u043e\u0437\u043d\u0438\u043a\u043d\u0443\u0442 \u0432\u043e\u043f\u0440\u043e\u0441\u044b, \u0441\u043c\u0435\u043b\u043e \u043e\u0431\u0440\u0430\u0449\u0430\u0439\u0442\u0435\u0441\u044c \u043a \u043d\u0430\u0448\u0438\u043c \u0441\u043f\u0435\u0446\u0438\u0430\u043b\u0438\u0441\u0442\u0430\u043c. \u041c\u044b \u043f\u0440\u0435\u0434\u043e\u0441\u0442\u0430\u0432\u0438\u043c \u043d\u0435\u043e\u0431\u0445\u043e\u0434\u0438\u043c\u044b\u0435 \u043a\u043e\u043d\u0441\u0443\u043b\u044c\u0442\u0430\u0446\u0438\u0438, \u043e\u0442\u0432\u0435\u0442\u0438\u043c \u043d\u0430 \u0432\u0441\u0435 \u0432\u043e\u043f\u0440\u043e\u0441\u044b, \u043f\u0440\u0438 \u0436\u0435\u043b\u0430\u043d\u0438\u0438 \u043e\u0440\u0433\u0430\u043d\u0438\u0437\u0443\u0435\u043c \u0432\u0441\u0442\u0440\u0435\u0447\u0443.<\/p>\n<!-- \/wp:paragraph -->"},"excerpt":{"rendered":"","protected":false,"raw":""},"author":1,"featured_media":0,"parent":0,"menu_order":0,"comment_status":"closed","ping_status":"closed","template":"","meta":{"_lt_post_content":"<!-- wp:paragraph -->\n<p>\n\nA\u010di\u016b, kad apsilank\u0117te m\u016bs\u0173 puslapyje.\n\n<\/p>\n<!-- \/wp:paragraph -->\n\n<!-- wp:paragraph -->\n<p>Mes esame nuo 2010 met\u0173 s\u0117kmingai veikianti komanda, galinti jums pasi\u016blyti plat\u0173 krautuv\u0173 pried\u0173 asortiment\u0105: kokybi\u0161ki padargai, komunalin\u0117s, logistikos, statybos ir \u017eem\u0117s \u016bkio technikos priedai. D\u017eiaugiam\u0117s, kad nuo pat pirm\u0173j\u0173 veiklos met\u0173 \u012fmon\u0119 \u012fvertino ne tik klientai i\u0161 Lietuvos, bet ir Lenkijos , Vokietijos, Latvijos, Estijos, Did\u017eiosios Britanijos, Italijos, Nyderland\u0173, Norvegijos, Turkijos, Rusijos, Baltarusijos, Kazachstano, Nigerijos, Kuveito, \u010cil\u0117s. Tokie auk\u0161ti vertinimai sudar\u0117 s\u0105lygas gerokai i\u0161pl\u0117sti \u012fmon\u0117s veikl\u0105 ir tapti viena i\u0161 geriausi\u0173 antrin\u0117s rinkos VOLVO preki\u0173 \u017eenklo dali\u0173 pardav\u0117ja.<\/p>\n<!-- \/wp:paragraph -->\n\n<!-- wp:paragraph -->\n<p>Nuo 2017 m. mes atstovaujame lenk\u0173 gamintojus ir jau galime pasi\u016blyti itin plat\u0173 padarg\u0173, skirt\u0173 \u017eem\u0117s \u016bkiui, statybos ar komunaliniam sektoriui, pasirinkim\u0105. <\/p>\n<!-- \/wp:paragraph -->\n\n<!-- wp:paragraph -->\n<p>Jei ie\u0161kote nebrangaus, bet kokybi\u0161ko pagalbininko, J\u016bs u\u017esukote ten, kur reikia! <\/p>\n<!-- \/wp:paragraph -->\n\n<!-- wp:paragraph -->\n<p>Jei turite klausim\u0173, dr\u0105siai kreipkit\u0117s \u012f m\u016bs\u0173 specialistus. Suteiksime reikalingas konsultacijas, atsakysime \u012f visus klausimus, o pageidaujant suderinsime susitikim\u0105.<\/p>\n<!-- \/wp:paragraph -->\n\n<!-- wp:paragraph -->\n<p><\/p>\n<!-- \/wp:paragraph -->\n\n<!-- wp:paragraph -->\n<p><\/p>\n<!-- \/wp:paragraph -->\n\n<!-- wp:gallery {\"linkTo\":\"none\"} -->\n<figure class=\"wp-block-gallery has-nested-images columns-default is-cropped\"><!-- wp:image {\"id\":389,\"sizeSlug\":\"large\",\"linkDestination\":\"none\"} -->\n<figure class=\"wp-block-image size-large\"><img src=\"https:\/\/tech-nika.lt\/wp-content\/uploads\/mieszalnik-seria-mt-1.jpg\" alt=\"\" class=\"wp-image-389\" \/><\/figure>\n<!-- \/wp:image -->\n\n<!-- wp:image {\"id\":391,\"sizeSlug\":\"large\",\"linkDestination\":\"none\"} -->\n<figure class=\"wp-block-image size-large\"><img src=\"https:\/\/tech-nika.lt\/wp-content\/uploads\/2.jpg\" alt=\"\" class=\"wp-image-391\" \/><\/figure>\n<!-- \/wp:image -->\n\n<!-- wp:image {\"id\":392,\"sizeSlug\":\"large\",\"linkDestination\":\"none\"} -->\n<figure class=\"wp-block-image size-large\"><img src=\"https:\/\/tech-nika.lt\/wp-content\/uploads\/1.jpg\" alt=\"\" class=\"wp-image-392\" \/><\/figure>\n<!-- \/wp:image --><\/figure>\n<!-- \/wp:gallery -->\n\n<!-- wp:gallery {\"linkTo\":\"none\"} -->\n<figure class=\"wp-block-gallery has-nested-images columns-default is-cropped\"><!-- wp:image {\"id\":398,\"sizeSlug\":\"large\",\"linkDestination\":\"none\"} -->\n<figure class=\"wp-block-image size-large\"><img src=\"https:\/\/tech-nika.lt\/wp-content\/uploads\/Bez-nazwy-2-1.jpg\" alt=\"\" class=\"wp-image-398\" \/><\/figure>\n<!-- \/wp:image -->\n\n<!-- wp:image {\"id\":564,\"sizeSlug\":\"large\",\"linkDestination\":\"none\"} -->\n<figure class=\"wp-block-image size-large\"><img src=\"https:\/\/tech-nika.lt\/wp-content\/uploads\/zml1.jpg\" alt=\"\u0161luota zml1\" class=\"wp-image-564\" \/><\/figure>\n<!-- \/wp:image -->\n\n<!-- wp:image {\"id\":565,\"sizeSlug\":\"large\",\"linkDestination\":\"none\"} -->\n<figure class=\"wp-block-image size-large\"><img src=\"https:\/\/tech-nika.lt\/wp-content\/uploads\/1-2.png\" alt=\"\u0161luota\" class=\"wp-image-565\" \/><\/figure>\n<!-- \/wp:image --><\/figure>\n<!-- \/wp:gallery -->\n\n<!-- wp:gallery {\"linkTo\":\"none\"} -->\n<figure class=\"wp-block-gallery has-nested-images columns-default is-cropped\"><!-- wp:image {\"id\":566,\"sizeSlug\":\"large\",\"linkDestination\":\"none\"} -->\n<figure class=\"wp-block-image size-large\"><img src=\"https:\/\/tech-nika.lt\/wp-content\/uploads\/kausas-griebtuvas-1.jpg\" alt=\"kausas griebtuvas\" class=\"wp-image-566\" \/><\/figure>\n<!-- \/wp:image -->\n\n<!-- wp:image {\"id\":567,\"sizeSlug\":\"large\",\"linkDestination\":\"none\"} -->\n<figure class=\"wp-block-image size-large\"><img src=\"https:\/\/tech-nika.lt\/wp-content\/uploads\/rulonu-griebtuvas-2.jpg\" alt=\"\" class=\"wp-image-567\" \/><\/figure>\n<!-- \/wp:image -->\n\n<!-- wp:image {\"id\":568,\"sizeSlug\":\"large\",\"linkDestination\":\"none\"} -->\n<figure class=\"wp-block-image size-large\"><img src=\"https:\/\/tech-nika.lt\/wp-content\/uploads\/sakes-meslui.jpg\" alt=\"\u0160akes meslui\" class=\"wp-image-568\" \/><\/figure>\n<!-- \/wp:image --><\/figure>\n<!-- \/wp:gallery -->","_lt_post_name":"titulinis","_lt_post_excerpt":"","_lt_post_title":"Padargai vis\u0173 r\u016b\u0161i\u0173 technikai","_en_post_content":"<!-- wp:paragraph -->\n<p>Thank you for visiting our page.<\/p>\n<!-- \/wp:paragraph -->\n\n<!-- wp:paragraph -->\n<p>We have been a successful team since 2010, able to offer you a wide range of loader accessories: quality implements, utility, logistics, construction and agricultural machinery accessories. We are glad that since the first year of operation, the company has been appreciated not only by customers from Lithuania, but also Poland, Germany, Latvia, Estonia, Great Britain, Italy, the Netherlands, Norway, Turkey, Kazakhstan, Nigeria, Kuwait, Chile. Such high evaluations made it possible to significantly expand the company's activities and become one of the best sellers of aftermarket VOLVO brand parts.<\/p>\n<!-- \/wp:paragraph -->\n\n<!-- wp:paragraph -->\n<p>Since 2017 we represent Polish manufacturers and can already offer a very wide selection of implements for agriculture, construction or the utility sector.<\/p>\n<!-- \/wp:paragraph -->\n\n<!-- wp:paragraph -->\n<p>If you are looking for an inexpensive but high-quality assistant, you have come to the right place!<\/p>\n<!-- \/wp:paragraph -->\n\n<!-- wp:paragraph -->\n<p>If you have any questions, feel free to contact our specialists. We will provide the necessary consultations, answer all questions, and arrange a meeting if desired.<\/p>\n<!-- \/wp:paragraph -->","_en_post_name":"","_en_post_excerpt":"","_en_post_title":"Implements for all types of techniques","_ru_post_content":"<!-- wp:paragraph -->\n<p>\u0421\u043f\u0430\u0441\u0438\u0431\u043e, \u0447\u0442\u043e \u043f\u043e\u0441\u0435\u0442\u0438\u043b\u0438 \u043d\u0430\u0448\u0443 \u0441\u0442\u0440\u0430\u043d\u0438\u0446\u0443.<\/p>\n<!-- \/wp:paragraph -->\n\n<!-- wp:paragraph -->\n<p>\u041c\u044b \u0443\u0441\u043f\u0435\u0448\u043d\u0430\u044f \u043a\u043e\u043c\u0430\u043d\u0434\u0430 \u0441 2010 \u0433\u043e\u0434\u0430, \u0441\u043f\u043e\u0441\u043e\u0431\u043d\u0430\u044f \u043f\u0440\u0435\u0434\u043b\u043e\u0436\u0438\u0442\u044c \u0432\u0430\u043c \u0448\u0438\u0440\u043e\u043a\u0438\u0439 \u0430\u0441\u0441\u043e\u0440\u0442\u0438\u043c\u0435\u043d\u0442 \u0430\u043a\u0441\u0435\u0441\u0441\u0443\u0430\u0440\u043e\u0432 \u0434\u043b\u044f \u043f\u043e\u0433\u0440\u0443\u0437\u0447\u0438\u043a\u043e\u0432: \u043a\u0430\u0447\u0435\u0441\u0442\u0432\u0435\u043d\u043d\u043e\u0435 \u043e\u0431\u043e\u0440\u0443\u0434\u043e\u0432\u0430\u043d\u0438\u0435, \u0430\u043a\u0441\u0435\u0441\u0441\u0443\u0430\u0440\u044b \u0434\u043b\u044f \u043a\u043e\u043c\u043c\u0443\u043d\u0430\u043b\u044c\u043d\u043e\u0439, \u043b\u043e\u0433\u0438\u0441\u0442\u0438\u0447\u0435\u0441\u043a\u043e\u0439, \u0441\u0442\u0440\u043e\u0438\u0442\u0435\u043b\u044c\u043d\u043e\u0439 \u0438 \u0441\u0435\u043b\u044c\u0441\u043a\u043e\u0445\u043e\u0437\u044f\u0439\u0441\u0442\u0432\u0435\u043d\u043d\u043e\u0439 \u0442\u0435\u0445\u043d\u0438\u043a\u0438. \u041c\u044b \u0440\u0430\u0434\u044b, \u0447\u0442\u043e \u0441 \u043f\u0435\u0440\u0432\u043e\u0433\u043e \u0433\u043e\u0434\u0430 \u0440\u0430\u0431\u043e\u0442\u044b \u043a\u043e\u043c\u043f\u0430\u043d\u0438\u044e \u043e\u0446\u0435\u043d\u0438\u043b\u0438 \u043d\u0435 \u0442\u043e\u043b\u044c\u043a\u043e \u043a\u043b\u0438\u0435\u043d\u0442\u044b \u0438\u0437 \u041b\u0438\u0442\u0432\u044b, \u043d\u043e \u0438 \u041f\u043e\u043b\u044c\u0448\u0438, \u0413\u0435\u0440\u043c\u0430\u043d\u0438\u0438, \u041b\u0430\u0442\u0432\u0438\u0438, \u042d\u0441\u0442\u043e\u043d\u0438\u0438, \u0412\u0435\u043b\u0438\u043a\u043e\u0431\u0440\u0438\u0442\u0430\u043d\u0438\u0438, \u0418\u0442\u0430\u043b\u0438\u0438, \u041d\u0438\u0434\u0435\u0440\u043b\u0430\u043d\u0434\u043e\u0432, \u041d\u043e\u0440\u0432\u0435\u0433\u0438\u0438, \u0422\u0443\u0440\u0446\u0438\u0438, K\u0430\u0437\u0430\u0445\u0441\u0442\u0430\u043d\u0430. , \u041d\u0438\u0433\u0435\u0440\u0438\u044f, \u041a\u0443\u0432\u0435\u0439\u0442, \u0427\u0438\u043b\u0438. \u0421\u0442\u043e\u043b\u044c \u0432\u044b\u0441\u043e\u043a\u0438\u0435 \u043e\u0446\u0435\u043d\u043a\u0438 \u043f\u043e\u0437\u0432\u043e\u043b\u0438\u043b\u0438 \u0437\u043d\u0430\u0447\u0438\u0442\u0435\u043b\u044c\u043d\u043e \u0440\u0430\u0441\u0448\u0438\u0440\u0438\u0442\u044c \u0434\u0435\u044f\u0442\u0435\u043b\u044c\u043d\u043e\u0441\u0442\u044c \u043a\u043e\u043c\u043f\u0430\u043d\u0438\u0438 \u0438 \u0441\u0442\u0430\u0442\u044c \u043e\u0434\u043d\u0438\u043c \u0438\u0437 \u0431\u0435\u0441\u0442\u0441\u0435\u043b\u043b\u0435\u0440\u043e\u0432 \u0432\u0442\u043e\u0440\u0438\u0447\u043d\u043e\u0433\u043e \u0440\u044b\u043d\u043a\u0430 \u0437\u0430\u043f\u0447\u0430\u0441\u0442\u0435\u0439 \u043c\u0430\u0440\u043a\u0438 VOLVO.<\/p>\n<!-- \/wp:paragraph -->\n\n<!-- wp:paragraph -->\n<p>\u0421 2017 \u0433\u043e\u0434\u0430 \u043c\u044b \u043f\u0440\u0435\u0434\u0441\u0442\u0430\u0432\u043b\u044f\u0435\u043c \u043f\u043e\u043b\u044c\u0441\u043a\u0438\u0445 \u043f\u0440\u043e\u0438\u0437\u0432\u043e\u0434\u0438\u0442\u0435\u043b\u0435\u0439 \u0438 \u0443\u0436\u0435 \u0441\u0435\u0439\u0447\u0430\u0441 \u043c\u043e\u0436\u0435\u043c \u043f\u0440\u0435\u0434\u043b\u043e\u0436\u0438\u0442\u044c \u043e\u0447\u0435\u043d\u044c \u0448\u0438\u0440\u043e\u043a\u0438\u0439 \u0432\u044b\u0431\u043e\u0440 \u043e\u0440\u0443\u0434\u0438\u0439 \u0434\u043b\u044f \u0441\u0435\u043b\u044c\u0441\u043a\u043e\u0433\u043e \u0445\u043e\u0437\u044f\u0439\u0441\u0442\u0432\u0430, \u0441\u0442\u0440\u043e\u0438\u0442\u0435\u043b\u044c\u0441\u0442\u0432\u0430 \u0438 \u043a\u043e\u043c\u043c\u0443\u043d\u0430\u043b\u044c\u043d\u043e\u0433\u043e \u0445\u043e\u0437\u044f\u0439\u0441\u0442\u0432\u0430.<\/p>\n<!-- \/wp:paragraph -->\n\n<!-- wp:paragraph -->\n<p>\u0415\u0441\u043b\u0438 \u0432\u044b \u0438\u0449\u0435\u0442\u0435 \u043d\u0435\u0434\u043e\u0440\u043e\u0433\u043e\u0433\u043e, \u043d\u043e \u043a\u0430\u0447\u0435\u0441\u0442\u0432\u0435\u043d\u043d\u043e\u0433\u043e \u043f\u043e\u043c\u043e\u0449\u043d\u0438\u043a\u0430, \u0432\u044b \u043f\u043e\u043f\u0430\u043b\u0438 \u043f\u043e \u0430\u0434\u0440\u0435\u0441\u0443!<\/p>\n<!-- \/wp:paragraph -->\n\n<!-- wp:paragraph -->\n<p>\u0415\u0441\u043b\u0438 \u0443 \u0432\u0430\u0441 \u0432\u043e\u0437\u043d\u0438\u043a\u043d\u0443\u0442 \u0432\u043e\u043f\u0440\u043e\u0441\u044b, \u0441\u043c\u0435\u043b\u043e \u043e\u0431\u0440\u0430\u0449\u0430\u0439\u0442\u0435\u0441\u044c \u043a \u043d\u0430\u0448\u0438\u043c \u0441\u043f\u0435\u0446\u0438\u0430\u043b\u0438\u0441\u0442\u0430\u043c. \u041c\u044b \u043f\u0440\u0435\u0434\u043e\u0441\u0442\u0430\u0432\u0438\u043c \u043d\u0435\u043e\u0431\u0445\u043e\u0434\u0438\u043c\u044b\u0435 \u043a\u043e\u043d\u0441\u0443\u043b\u044c\u0442\u0430\u0446\u0438\u0438, \u043e\u0442\u0432\u0435\u0442\u0438\u043c \u043d\u0430 \u0432\u0441\u0435 \u0432\u043e\u043f\u0440\u043e\u0441\u044b, \u043f\u0440\u0438 \u0436\u0435\u043b\u0430\u043d\u0438\u0438 \u043e\u0440\u0433\u0430\u043d\u0438\u0437\u0443\u0435\u043c \u0432\u0441\u0442\u0440\u0435\u0447\u0443.<\/p>\n<!-- \/wp:paragraph -->","_ru_post_name":"","_ru_post_excerpt":"","_ru_post_title":"\u041d\u0410\u0412\u0415\u0421\u041d\u041e\u0415 \u041e\u0411\u041e\u0420\u0423\u0414\u041e\u0412\u0410\u041d\u0418\u0415","edit_language":"ru","footnotes":""},"class_list":["post-6","page","type-page","status-publish"],"_links":{"self":[{"href":"https:\/\/tech-nika.lt\/ru\/wp-json\/wp\/v2\/pages\/6","targetHints":{"allow":["GET"]}}],"collection":[{"href":"https:\/\/tech-nika.lt\/ru\/wp-json\/wp\/v2\/pages"}],"about":[{"href":"https:\/\/tech-nika.lt\/ru\/wp-json\/wp\/v2\/types\/page"}],"author":[{"embeddable":true,"href":"https:\/\/tech-nika.lt\/ru\/wp-json\/wp\/v2\/users\/1"}],"replies":[{"embeddable":true,"href":"https:\/\/tech-nika.lt\/ru\/wp-json\/wp\/v2\/comments?post=6"}],"version-history":[{"count":36,"href":"https:\/\/tech-nika.lt\/ru\/wp-json\/wp\/v2\/pages\/6\/revisions"}],"predecessor-version":[{"id":1644,"href":"https:\/\/tech-nika.lt\/ru\/wp-json\/wp\/v2\/pages\/6\/revisions\/1644"}],"wp:attachment":[{"href":"https:\/\/tech-nika.lt\/ru\/wp-json\/wp\/v2\/media?parent=6"}],"curies":[{"name":"wp","href":"https:\/\/api.w.org\/{rel}","templated":true}]}}