{"id":1013,"date":"2019-04-16T08:41:32","date_gmt":"2019-04-16T10:41:32","guid":{"rendered":"https:\/\/tech-nika.lt\/?post_type=product&#038;p=1013"},"modified":"2019-11-25T01:33:51","modified_gmt":"2019-11-25T03:33:51","slug":"","status":"publish","type":"product","link":"https:\/\/tech-nika.lt\/ru\/product\/meslo-sakes-16-m\/","title":{"rendered":"","raw":""},"content":{"rendered":"","protected":false,"raw":""},"excerpt":{"rendered":"","protected":false,"raw":""},"featured_media":974,"template":"","meta":{"_lt_post_content":"Turintys ar pri\u017ei\u016brintis dideles gyvuli\u0173 bandas, \u017eino, kad galvijus reikia ne tik maitinti, bet ir apkuopti. Ypa\u010d tai tampa aktualu \u0161altuoju laikotarpiu, kai gyv\u016bnai suvaromi \u012f tvartus ir fermas. Tokiam darbui puikiai tinka m\u0117\u0161lo \u0161ak\u0117s skirtos ne tik m\u0117\u0161lui, \u0161iaudams, \u0161ienui, silosui ar pana\u0161iems kroviniams perkrauti ir transportuoti. \u0160ak\u0117s pagamintos taip, kad gali ne tik pakelti, bet ir \u201eatkabinti\u201c pri\u0161alus\u012f ar priaugus\u012f krovin\u012f, kas labai palengvina valymo darbus \u017eiem\u0105 ar tvarkant i\u0161 ank\u0161\u010diau susikaupusias atliekas.","_lt_post_name":"meslo-sakes-16-m","_lt_post_excerpt":"Plotis 1,6 m;\r\nSvoris 130 kg.\r\n\r\nKaina nurodyta su pristatymu Lietuvoje.\r\nSuteikiamos garantijos.","_lt_post_title":"M\u0117\u0161lo \u0161ak\u0117s 1,6 m","_en_post_content":"","_en_post_name":"","_en_post_excerpt":"","_en_post_title":"","_ru_post_content":"","_ru_post_name":"","_ru_post_excerpt":"","_ru_post_title":"","edit_language":"ru"},"product_brand":[],"product_cat":[69],"product_tag":[],"class_list":{"0":"post-1013","1":"product","2":"type-product","3":"status-publish","4":"has-post-thumbnail","6":"product_cat-meslo-sakes","8":"first","9":"instock","10":"taxable","11":"shipping-taxable","12":"purchasable","13":"product-type-simple"},"_links":{"self":[{"href":"https:\/\/tech-nika.lt\/ru\/wp-json\/wp\/v2\/product\/1013","targetHints":{"allow":["GET"]}}],"collection":[{"href":"https:\/\/tech-nika.lt\/ru\/wp-json\/wp\/v2\/product"}],"about":[{"href":"https:\/\/tech-nika.lt\/ru\/wp-json\/wp\/v2\/types\/product"}],"wp:featuredmedia":[{"embeddable":true,"href":"https:\/\/tech-nika.lt\/ru\/wp-json\/wp\/v2\/media\/974"}],"wp:attachment":[{"href":"https:\/\/tech-nika.lt\/ru\/wp-json\/wp\/v2\/media?parent=1013"}],"wp:term":[{"taxonomy":"product_brand","embeddable":true,"href":"https:\/\/tech-nika.lt\/ru\/wp-json\/wp\/v2\/product_brand?post=1013"},{"taxonomy":"product_cat","embeddable":true,"href":"https:\/\/tech-nika.lt\/ru\/wp-json\/wp\/v2\/product_cat?post=1013"},{"taxonomy":"product_tag","embeddable":true,"href":"https:\/\/tech-nika.lt\/ru\/wp-json\/wp\/v2\/product_tag?post=1013"}],"curies":[{"name":"wp","href":"https:\/\/api.w.org\/{rel}","templated":true}]}}