{"id":1074,"date":"2019-04-16T10:44:25","date_gmt":"2019-04-16T12:44:25","guid":{"rendered":"https:\/\/tech-nika.lt\/?post_type=product&#038;p=1074"},"modified":"2022-04-22T06:19:29","modified_gmt":"2022-04-22T08:19:29","slug":"","status":"publish","type":"product","link":"https:\/\/tech-nika.lt\/ru\/product\/kausas-griebtuvas-22-m-105-m3\/","title":{"rendered":"","raw":""},"content":{"rendered":"","protected":false,"raw":""},"excerpt":{"rendered":"","protected":false,"raw":""},"featured_media":1046,"template":"","meta":{"_lt_post_content":"\u0160is kau\u0161as \u2013 griebtuvas tinka beveik visiems \u016bkio darbams, kai reikia surinkti ir perve\u017eti \u012fvairias organin\u0117s kilm\u0117s \u0161iuk\u0161les, ta\u010diau gali b\u016bti naudojamas ir biri\u0173 med\u017eiag\u0173 transportavimui ar krovai statybose ar antrini\u0173 \u017ealiav\u0173 supirkimo sand\u0117liuose. U\u017edaresnis ir tankesnis, lyginant su pirmo tipo modeliu, \u0161io griebtuvo dangtis skirtas dirbti su ma\u017eesniu ir biriu kroviniu.","_lt_post_name":"kausas-griebtuvas-22-m-105-m3","_lt_post_excerpt":"Plotis 2,2 m;\r\nT\u016bris 1,05 m3;\r\nSvoris 480 kg.\r\n\r\nKaina nurodyta su pristatymu Lietuvoje.\r\nSuteikiamos garantijos.","_lt_post_title":"Kau\u0161as - griebtuvas, 2,2 m, 1,05 m3","_en_post_content":"","_en_post_name":"","_en_post_excerpt":"","_en_post_title":"","_ru_post_content":"","_ru_post_name":"","_ru_post_excerpt":"","_ru_post_title":"","edit_language":"ru"},"product_brand":[],"product_cat":[76],"product_tag":[],"class_list":{"0":"post-1074","1":"product","2":"type-product","3":"status-publish","4":"has-post-thumbnail","6":"product_cat-kausas-griebtuvas-2-modelis","8":"first","9":"instock","10":"taxable","11":"shipping-taxable","12":"purchasable","13":"product-type-simple"},"_links":{"self":[{"href":"https:\/\/tech-nika.lt\/ru\/wp-json\/wp\/v2\/product\/1074","targetHints":{"allow":["GET"]}}],"collection":[{"href":"https:\/\/tech-nika.lt\/ru\/wp-json\/wp\/v2\/product"}],"about":[{"href":"https:\/\/tech-nika.lt\/ru\/wp-json\/wp\/v2\/types\/product"}],"wp:featuredmedia":[{"embeddable":true,"href":"https:\/\/tech-nika.lt\/ru\/wp-json\/wp\/v2\/media\/1046"}],"wp:attachment":[{"href":"https:\/\/tech-nika.lt\/ru\/wp-json\/wp\/v2\/media?parent=1074"}],"wp:term":[{"taxonomy":"product_brand","embeddable":true,"href":"https:\/\/tech-nika.lt\/ru\/wp-json\/wp\/v2\/product_brand?post=1074"},{"taxonomy":"product_cat","embeddable":true,"href":"https:\/\/tech-nika.lt\/ru\/wp-json\/wp\/v2\/product_cat?post=1074"},{"taxonomy":"product_tag","embeddable":true,"href":"https:\/\/tech-nika.lt\/ru\/wp-json\/wp\/v2\/product_tag?post=1074"}],"curies":[{"name":"wp","href":"https:\/\/api.w.org\/{rel}","templated":true}]}}