{"id":1090,"date":"2019-04-24T06:18:30","date_gmt":"2019-04-24T08:18:30","guid":{"rendered":"https:\/\/tech-nika.lt\/?post_type=product&#038;p=1090"},"modified":"2022-04-22T06:48:17","modified_gmt":"2022-04-22T08:48:17","slug":"","status":"publish","type":"product","link":"https:\/\/tech-nika.lt\/ru\/product\/diskinis-plugas-5-diskai\/","title":{"rendered":"","raw":""},"content":{"rendered":"","protected":false,"raw":""},"excerpt":{"rendered":"","protected":false,"raw":""},"featured_media":1076,"template":"","meta":{"_lt_post_content":"Diskinis pl\u016bgas:\r\n\r\nDi<img class=\"size-medium wp-image-1088 alignright\" src=\"https:\/\/tech-nika.lt\/wp-content\/uploads\/schema-1-600x336.png\" alt=\"\" width=\"600\" height=\"336\" \/>sk\u0173 skai\u010dius - 5 vnt.;\r\nBendras ilgis - 2875 mm;\r\nBendras plotis - 1715 mm;\r\nSvoris - 635 kg;\r\nArimo gylis 200 - 250 mm;\r\nArimo plotis 1410 - 1530 mm;\r\nDarbinis disko skersmuo 660 mm;\r\nAtraminio rato skersmuo - 510 mm;\r\nReikalinga galia 95-105 AG.\r\n\r\nhttps:\/\/www.youtube.com\/watch?v=SHj4CbPqgCs\r\n\r\n&nbsp;","_lt_post_name":"diskinis-plugas-5-diskai","_lt_post_excerpt":"Pl\u016bgas vis\u0173 pirma skirtas kultivuojamiems \u017eem\u0117s ir mi\u0161ko darbams atlikti.\r\nJis puikiai tarnauja akmeningose vietov\u0117se bei \u012fsi\u0161aknijusiuose laukuose ir pievose.\r\nIdealiai tinka mi\u0161ko ap\u017eeldinimui, vietose, kuriose vyrauja kr\u016bmai, taip pat prie\u0161gaisrini\u0173 griovi\u0173 arimui.\r\n\r\nPl\u016bgas susideda i\u0161 pagrindinio r\u0117mo, prie kurio pritvirtinti stulpai su darbiniais elementais (diskais), atraminis ratas, reguliuojantis arimo gyl\u012f, stabilizavimo ratas ir judanti pakabinimo sistema kat. leid\u017eiant teisingai nustatyti pirm\u0105j\u0105 vag\u0105.\r\n\r\nKaina nurodyta su pristatymu Lietuvoje.\r\nSuteikiamos garantijos.","_lt_post_title":"Diskinis pl\u016bgas, 5 diskai","_en_post_content":"","_en_post_name":"","_en_post_excerpt":"","_en_post_title":"","_ru_post_content":"","_ru_post_name":"","_ru_post_excerpt":"","_ru_post_title":"","edit_language":"ru"},"product_brand":[],"product_cat":[77],"product_tag":[],"class_list":{"0":"post-1090","1":"product","2":"type-product","3":"status-publish","4":"has-post-thumbnail","6":"product_cat-diskinis-plugas","8":"first","9":"instock","10":"taxable","11":"shipping-taxable","12":"purchasable","13":"product-type-simple"},"_links":{"self":[{"href":"https:\/\/tech-nika.lt\/ru\/wp-json\/wp\/v2\/product\/1090","targetHints":{"allow":["GET"]}}],"collection":[{"href":"https:\/\/tech-nika.lt\/ru\/wp-json\/wp\/v2\/product"}],"about":[{"href":"https:\/\/tech-nika.lt\/ru\/wp-json\/wp\/v2\/types\/product"}],"wp:featuredmedia":[{"embeddable":true,"href":"https:\/\/tech-nika.lt\/ru\/wp-json\/wp\/v2\/media\/1076"}],"wp:attachment":[{"href":"https:\/\/tech-nika.lt\/ru\/wp-json\/wp\/v2\/media?parent=1090"}],"wp:term":[{"taxonomy":"product_brand","embeddable":true,"href":"https:\/\/tech-nika.lt\/ru\/wp-json\/wp\/v2\/product_brand?post=1090"},{"taxonomy":"product_cat","embeddable":true,"href":"https:\/\/tech-nika.lt\/ru\/wp-json\/wp\/v2\/product_cat?post=1090"},{"taxonomy":"product_tag","embeddable":true,"href":"https:\/\/tech-nika.lt\/ru\/wp-json\/wp\/v2\/product_tag?post=1090"}],"curies":[{"name":"wp","href":"https:\/\/api.w.org\/{rel}","templated":true}]}}