{"id":1172,"date":"2019-06-04T09:37:16","date_gmt":"2019-06-04T11:37:16","guid":{"rendered":"https:\/\/tech-nika.lt\/?post_type=product&#038;p=1172"},"modified":"2021-09-07T09:29:47","modified_gmt":"2021-09-07T11:29:47","slug":"","status":"publish","type":"product","link":"https:\/\/tech-nika.lt\/ru\/product\/universalus-kausas-2-18-m-06-m3\/","title":{"rendered":"","raw":""},"content":{"rendered":"","protected":false,"raw":""},"excerpt":{"rendered":"","protected":false,"raw":""},"featured_media":1155,"template":"","meta":{"_lt_post_content":"Darbinis plotis - 1,8 m;\r\nT\u016bris: 0,6 m3;\r\nGylis: 0,85 m;\r\nAuk\u0161tis: 0,7 m;\r\nSvoris - 195 kg;","_lt_post_name":"universalus-kausas-2-18-m-06-m3","_lt_post_excerpt":"Universalus kau\u0161as krautuvui puikiai tinka pakrauti, i\u0161krauti ir gabenti birias med\u017eiagas. Taip pat gali b\u016bti naudojamas valyti snieg\u0105.\r\n\r\nKaina nurodyta su pristatymu Lietuvoje.\r\nSuteikiamos garantijos.","_lt_post_title":"Universalus kau\u0161as 2, 1,8 m, 0,6 m3","_en_post_content":"","_en_post_name":"","_en_post_excerpt":"","_en_post_title":"","_ru_post_content":"","_ru_post_name":"","_ru_post_excerpt":"","_ru_post_title":"","edit_language":"ru"},"product_brand":[],"product_cat":[81],"product_tag":[],"class_list":{"0":"post-1172","1":"product","2":"type-product","3":"status-publish","4":"has-post-thumbnail","6":"product_cat-universalus-kausas-2-modelis","8":"first","9":"instock","10":"taxable","11":"shipping-taxable","12":"purchasable","13":"product-type-simple"},"_links":{"self":[{"href":"https:\/\/tech-nika.lt\/ru\/wp-json\/wp\/v2\/product\/1172","targetHints":{"allow":["GET"]}}],"collection":[{"href":"https:\/\/tech-nika.lt\/ru\/wp-json\/wp\/v2\/product"}],"about":[{"href":"https:\/\/tech-nika.lt\/ru\/wp-json\/wp\/v2\/types\/product"}],"wp:featuredmedia":[{"embeddable":true,"href":"https:\/\/tech-nika.lt\/ru\/wp-json\/wp\/v2\/media\/1155"}],"wp:attachment":[{"href":"https:\/\/tech-nika.lt\/ru\/wp-json\/wp\/v2\/media?parent=1172"}],"wp:term":[{"taxonomy":"product_brand","embeddable":true,"href":"https:\/\/tech-nika.lt\/ru\/wp-json\/wp\/v2\/product_brand?post=1172"},{"taxonomy":"product_cat","embeddable":true,"href":"https:\/\/tech-nika.lt\/ru\/wp-json\/wp\/v2\/product_cat?post=1172"},{"taxonomy":"product_tag","embeddable":true,"href":"https:\/\/tech-nika.lt\/ru\/wp-json\/wp\/v2\/product_tag?post=1172"}],"curies":[{"name":"wp","href":"https:\/\/api.w.org\/{rel}","templated":true}]}}