{"id":1186,"date":"2019-06-14T07:59:57","date_gmt":"2019-06-14T09:59:57","guid":{"rendered":"https:\/\/tech-nika.lt\/?post_type=product&#038;p=1186"},"modified":"2023-08-08T05:06:08","modified_gmt":"2023-08-08T07:06:08","slug":"","status":"publish","type":"product","link":"https:\/\/tech-nika.lt\/ru\/product\/bugninis-sijojimo-kausas-psb-500-l\/","title":{"rendered":"","raw":""},"content":{"rendered":"","protected":false,"raw":""},"excerpt":{"rendered":"","protected":false,"raw":""},"featured_media":1538,"template":"","meta":{"_lt_post_content":"B\u016bgninis sijojimo kau\u0161as gali b\u016bti naudojamas griovimo darbams, skirtiems atskirti \u0161iuk\u0161les, dirvo\u017eem\u012f ir durpi\u0173 atliekas. Taip pat \u017eem\u0117s darbams ir akmening\u0173 dirvo\u017eemi\u0173 melioravimo darbams, kai reikia atsijoti smulki\u0105 ir stambi\u0105 frakcijas. Idealiai tinka nat\u016brali\u0173 med\u017eiag\u0173, pavyzd\u017eiui, \u017evyro ar sm\u0117lio, atsijojimui.\r\nTvirta konstrukcija u\u017etikrina patikimum\u0105 ir ilgaam\u017ei\u0161kum\u0105.\r\n\r\nSijojimo kau\u0161o sietas pagamintas i\u0161 kei\u010diam\u0173 modulini\u0173 plok\u0161\u010di\u0173, kurios leid\u017eia greitai pakeisti sijojimo dyd\u012f.\r\n\r\nPrivalumai:\r\n- nuimamas priedas prie pasirinkto ma\u0161inos modelio.\r\n- sieto dydis pritaikytas pagal klient\u0173 poreikius, pvz., 30 \u00d7 30, 40 \u00d7 40, 50 \u00d7 50 arba 60 \u00d7 60.\r\n- maitinimas i\u0161 standartin\u0117s hidraulin\u0117s linijos.\r\n- perkrovos vo\u017etuvas, apsaugantis prietaiso varikl\u012f.\r\n- HADROX HB500 sunki\u0173j\u0173 gr\u016bd\u0173 sijojimo plok\u0161t\u0117s.\r\n\r\n[embed]https:\/\/www.youtube.com\/watch?v=qpVkLblETwo[\/embed]\r\n\r\nStandartin\u0117 \u012frenginio jungtis yra EURO. U\u017e ne\u017eym\u0173 papildom\u0105 mokest\u012f galima pagaminti individuali\u0105 j\u016bs\u0173 krautuvui ar traktoriui tinkam\u0105 jungt\u012f.","_lt_post_name":"bugninis-sijojimo-kausas-psb-500-l","_lt_post_excerpt":"Krautuvo\/traktoriaus mas\u0117 - 7-12 T;\r\nNuosavas svoris - 580 kg;\r\nSijojimo kau\u0161o skersmuo - 930 mm;\r\nSijojimo kau\u0161o gylis - 824 mm;\r\nT\u016bris - 500 l;\r\nAlyvos srautas min - 40 l\/min.\r\n\r\nKaina nurodyta su pristatymu Lietuvoje.\r\nSuteikiamos garantijos.","_lt_post_title":"B\u016bgninis sijojimo kau\u0161as PSB 500l","_en_post_content":"","_en_post_name":"","_en_post_excerpt":"","_en_post_title":"","_ru_post_content":"","_ru_post_name":"","_ru_post_excerpt":"","_ru_post_title":"","edit_language":"ru"},"product_brand":[],"product_cat":[52],"product_tag":[],"class_list":{"0":"post-1186","1":"product","2":"type-product","3":"status-publish","4":"has-post-thumbnail","6":"product_cat-bugninis-sijojimo-kausas","8":"first","9":"instock","10":"taxable","11":"shipping-taxable","12":"purchasable","13":"product-type-simple"},"_links":{"self":[{"href":"https:\/\/tech-nika.lt\/ru\/wp-json\/wp\/v2\/product\/1186","targetHints":{"allow":["GET"]}}],"collection":[{"href":"https:\/\/tech-nika.lt\/ru\/wp-json\/wp\/v2\/product"}],"about":[{"href":"https:\/\/tech-nika.lt\/ru\/wp-json\/wp\/v2\/types\/product"}],"wp:featuredmedia":[{"embeddable":true,"href":"https:\/\/tech-nika.lt\/ru\/wp-json\/wp\/v2\/media\/1538"}],"wp:attachment":[{"href":"https:\/\/tech-nika.lt\/ru\/wp-json\/wp\/v2\/media?parent=1186"}],"wp:term":[{"taxonomy":"product_brand","embeddable":true,"href":"https:\/\/tech-nika.lt\/ru\/wp-json\/wp\/v2\/product_brand?post=1186"},{"taxonomy":"product_cat","embeddable":true,"href":"https:\/\/tech-nika.lt\/ru\/wp-json\/wp\/v2\/product_cat?post=1186"},{"taxonomy":"product_tag","embeddable":true,"href":"https:\/\/tech-nika.lt\/ru\/wp-json\/wp\/v2\/product_tag?post=1186"}],"curies":[{"name":"wp","href":"https:\/\/api.w.org\/{rel}","templated":true}]}}