{"id":1557,"date":"2021-04-28T06:13:57","date_gmt":"2021-04-28T08:13:57","guid":{"rendered":"https:\/\/tech-nika.lt\/?post_type=product&#038;p=1557"},"modified":"2023-08-08T04:58:10","modified_gmt":"2023-08-08T06:58:10","slug":"","status":"publish","type":"product","link":"https:\/\/tech-nika.lt\/ru\/product\/zemes-lygintuvas\/","title":{"rendered":"","raw":""},"content":{"rendered":"","protected":false,"raw":""},"excerpt":{"rendered":"","protected":false,"raw":""},"featured_media":1561,"template":"","meta":{"_lt_post_content":"<img class=\" wp-image-1560 alignright\" src=\"https:\/\/tech-nika.lt\/wp-content\/uploads\/zgt1.jpg\" alt=\"\" width=\"254\" height=\"395\" \/>\u017dem\u0117s lygintuvas ZGT-250 yra daugiafunkcinis \u012frenginys, naudojamas neasfaltuot\u0173 lauko ir mi\u0161ko keli\u0173 lyginimui, stumiant kr\u016bvas \u017eem\u0117s, sm\u0117lio ir kit\u0173 biri\u0173 med\u017eiag\u0173.\r\n\u017diemos sezonu jis gali b\u016bti naudojamas sniego valymui.\r\n\r\n\u017dem\u0117s lyngintuvo plok\u0161t\u0117s pad\u0117tis nustatoma hidrauliniu cilindru.\r\nTvirti atraminiai ratai neleid\u017eia a\u0161menims per daug nugrimzti \u012f \u017eem\u0119.","_lt_post_name":"zemes-lygintuvas","_lt_post_excerpt":"Darbinis plotis - 250 mm;\r\nIlgis - 2100 mm;\r\nAuk\u0161tis - 1200 mm;\r\nReikalingas hidraulini\u0173 lizd\u0173 skai\u010dius - 2;\r\nNuosavas svoris - 500 kg;\r\nEnergijos poreikis - 22 kW;\r\nElektros instaliacija - 12 V lizdas.\r\n\r\n\u041a\u0430ina nurodyta su pristatymu Lietuvoje.\r\nSuteikiama 12 m\u0117nesi\u0173 garantija.","_lt_post_title":"\u017dEM\u0116S LYGINTUVAS","_en_post_content":"","_en_post_name":"","_en_post_excerpt":"","_en_post_title":"","_ru_post_content":"","_ru_post_name":"","_ru_post_excerpt":"","_ru_post_title":"","edit_language":"ru"},"product_brand":[],"product_cat":[433],"product_tag":[434,435],"class_list":{"0":"post-1557","1":"product","2":"type-product","3":"status-publish","4":"has-post-thumbnail","6":"product_cat-zemes-lygintuvas","7":"product_tag-zemes-ligintuvas","8":"product_tag-zgt250","10":"first","11":"instock","12":"taxable","13":"shipping-taxable","14":"purchasable","15":"product-type-simple"},"_links":{"self":[{"href":"https:\/\/tech-nika.lt\/ru\/wp-json\/wp\/v2\/product\/1557","targetHints":{"allow":["GET"]}}],"collection":[{"href":"https:\/\/tech-nika.lt\/ru\/wp-json\/wp\/v2\/product"}],"about":[{"href":"https:\/\/tech-nika.lt\/ru\/wp-json\/wp\/v2\/types\/product"}],"wp:featuredmedia":[{"embeddable":true,"href":"https:\/\/tech-nika.lt\/ru\/wp-json\/wp\/v2\/media\/1561"}],"wp:attachment":[{"href":"https:\/\/tech-nika.lt\/ru\/wp-json\/wp\/v2\/media?parent=1557"}],"wp:term":[{"taxonomy":"product_brand","embeddable":true,"href":"https:\/\/tech-nika.lt\/ru\/wp-json\/wp\/v2\/product_brand?post=1557"},{"taxonomy":"product_cat","embeddable":true,"href":"https:\/\/tech-nika.lt\/ru\/wp-json\/wp\/v2\/product_cat?post=1557"},{"taxonomy":"product_tag","embeddable":true,"href":"https:\/\/tech-nika.lt\/ru\/wp-json\/wp\/v2\/product_tag?post=1557"}],"curies":[{"name":"wp","href":"https:\/\/api.w.org\/{rel}","templated":true}]}}