{"id":1600,"date":"2022-10-27T05:15:58","date_gmt":"2022-10-27T07:15:58","guid":{"rendered":"https:\/\/tech-nika.lt\/?post_type=product&#038;p=1600"},"modified":"2023-08-08T05:18:07","modified_gmt":"2023-08-08T07:18:07","slug":"","status":"publish","type":"product","link":"https:\/\/tech-nika.lt\/ru\/product\/sluota-ze-240-cm\/","title":{"rendered":"","raw":""},"content":{"rendered":"","protected":false,"raw":""},"excerpt":{"rendered":"","protected":false,"raw":""},"featured_media":539,"template":"","meta":{"_lt_post_content":"<img class=\"size-full wp-image-665 alignright\" src=\"https:\/\/tech-nika.lt\/wp-content\/uploads\/Untitled-13.png\" alt=\"\" width=\"447\" height=\"282\" \/>\u0160luota ZE:\r\n\r\nBendras plotis A - 275 cm;\r\nDarbinis plotis B - 240 cm;\r\n\r\n\u0160epe\u010dio skersmuo 50 cm;\r\n\u012erenginio svoris 280 kg.\r\n\r\nStandartin\u0117 jungtis yra pritvirtinimas prie krautuvo \u0161aki\u0173 ir pritvirtinimas prie krautuvo kau\u0161o.\r\nU\u017e papildom\u0105 mokest\u012f galima pagaminti kliento pageidaujam\u0105 jungt\u012f.","_lt_post_name":"sluota-ze-240-cm","_lt_post_excerpt":"\u0160luota tinka \u012fvairiems pavir\u0161iams greitai ir lengvai valyti. J\u0105 galima prijungti prie \u012fvairiausio tipo teleskopini\u0173, frontalini\u0173 krautuv\u0173 ar traktori\u0173.\r\nPa\u010dios \u0161luotos skersmuo yra 50 cm, kas u\u017etikrina jos ilgaam\u017ei\u0161kum\u0105 ir kokybi\u0161k\u0105 darbo rezultat\u0105. Lengvai kei\u010diami \u0161luotos valymo segmentai, leid\u017eia taupyti jo eksploatacinius ka\u0161tus.\r\nU\u017e papildom\u0105 mokest\u012f galima \u012frengti hidraulin\u012f \u0161luotos darbinio kampo reguliavim\u0105.\r\n\r\n\u0160epe\u010dio \u0161eri\u0173 tarnavimo laikas dirbant kiekvien\u0105 dien\u0105 po 8 val. nuo 1 iki 1,5 met\u0173.\r\n\r\nKaina nurodyta su pristatymu Lietuvoje.\r\nSuteikiame garantijas.","_lt_post_title":"\u0160luota ZE- 240 cm","_en_post_content":"","_en_post_name":"","_en_post_excerpt":"","_en_post_title":"","_ru_post_content":"","_ru_post_name":"","_ru_post_excerpt":"","_ru_post_title":"","edit_language":"ru"},"product_brand":[],"product_cat":[44],"product_tag":[],"class_list":{"0":"post-1600","1":"product","2":"type-product","3":"status-publish","4":"has-post-thumbnail","6":"product_cat-sluota-ze","8":"first","9":"instock","10":"taxable","11":"shipping-taxable","12":"purchasable","13":"product-type-simple"},"_links":{"self":[{"href":"https:\/\/tech-nika.lt\/ru\/wp-json\/wp\/v2\/product\/1600","targetHints":{"allow":["GET"]}}],"collection":[{"href":"https:\/\/tech-nika.lt\/ru\/wp-json\/wp\/v2\/product"}],"about":[{"href":"https:\/\/tech-nika.lt\/ru\/wp-json\/wp\/v2\/types\/product"}],"wp:featuredmedia":[{"embeddable":true,"href":"https:\/\/tech-nika.lt\/ru\/wp-json\/wp\/v2\/media\/539"}],"wp:attachment":[{"href":"https:\/\/tech-nika.lt\/ru\/wp-json\/wp\/v2\/media?parent=1600"}],"wp:term":[{"taxonomy":"product_brand","embeddable":true,"href":"https:\/\/tech-nika.lt\/ru\/wp-json\/wp\/v2\/product_brand?post=1600"},{"taxonomy":"product_cat","embeddable":true,"href":"https:\/\/tech-nika.lt\/ru\/wp-json\/wp\/v2\/product_cat?post=1600"},{"taxonomy":"product_tag","embeddable":true,"href":"https:\/\/tech-nika.lt\/ru\/wp-json\/wp\/v2\/product_tag?post=1600"}],"curies":[{"name":"wp","href":"https:\/\/api.w.org\/{rel}","templated":true}]}}