{"id":1618,"date":"2023-08-08T10:18:43","date_gmt":"2023-08-08T12:18:43","guid":{"rendered":"https:\/\/tech-nika.lt\/?post_type=product&#038;p=1618"},"modified":"2024-11-26T09:17:06","modified_gmt":"2024-11-26T11:17:06","slug":"%d1%81%d0%bd%d0%b5%d0%b3%d0%be%d0%be%d1%87%d0%b8%d1%81%d1%82%d0%b8%d1%82%d0%b5%d0%bb%d1%8c-%d1%82%d0%b8%d0%bf-f-%d1%83%d1%81%d0%b8%d0%bb%d0%b5%d0%bd%d0%bd%d1%8b%d0%b9-pkf30","status":"publish","type":"product","link":"https:\/\/tech-nika.lt\/ru\/product\/%d1%81%d0%bd%d0%b5%d0%b3%d0%be%d0%be%d1%87%d0%b8%d1%81%d1%82%d0%b8%d1%82%d0%b5%d0%bb%d1%8c-%d1%82%d0%b8%d0%bf-f-%d1%83%d1%81%d0%b8%d0%bb%d0%b5%d0%bd%d0%bd%d1%8b%d0%b9-pkf30\/","title":{"rendered":"\u0421\u043d\u0435\u0433\u043e\u043e\u0447\u0438\u0441\u0442\u0438\u0442\u0435\u043b\u044c - \u0442\u0438\u043f F - \u0443\u0441\u0438\u043b\u0435\u043d\u043d\u044b\u0439 PKF30","raw":"\u0421\u043d\u0435\u0433\u043e\u043e\u0447\u0438\u0441\u0442\u0438\u0442\u0435\u043b\u044c - \u0442\u0438\u043f F - \u0443\u0441\u0438\u043b\u0435\u043d\u043d\u044b\u0439 PKF30"},"content":{"rendered":"<p>\u0414\u043b\u0438\u043d\u0430: 3 \u043c<\/p>\n<p>\u0414\u043e\u043f\u043e\u043b\u043d\u0438\u0442\u0435\u043b\u044c\u043d\u043e\u0435 \u043e\u0431\u043e\u0440\u0443\u0434\u043e\u0432\u0430\u043d\u0438\u0435:<br \/>\n1 \u0433\u0438\u0434\u0440\u043e\u0446\u0438\u043b\u0438\u043d\u0434\u0440 \u2013 220 \u0435\u0432\u0440\u043e + \u041d\u0414\u0421;<br \/>\n2 \u0433\u0438\u0434\u0440\u043e\u0446\u0438\u043b\u0438\u043d\u0434\u0440\u0430 \u2013 410 \u0435\u0432\u0440\u043e + \u041d\u0414\u0421;<br \/>\n\u0414\u0435\u043c\u043f\u0444\u0438\u0440\u0443\u044e\u0449\u0438\u0435 \u043f\u043b\u0430\u0441\u0442\u0438\u043d\u0447\u0430\u0442\u044b\u0435 \u043f\u0440\u0443\u0436\u0438\u043d\u044b \u2014 198 \u0435\u0432\u0440\u043e + \u041d\u0414\u0421;<br \/>\n\u041e\u043f\u043e\u0440\u043d\u044b\u0435 \u043a\u043e\u043b\u0435\u0441\u0430 \u0438\u043b\u0438 \u0440\u0430\u0437\u0434\u0432\u0438\u0436\u043d\u044b\u0435 \u043f\u043b\u0430\u0441\u0442\u0438\u043d\u044b \u2014 220 \u0435\u0432\u0440\u043e + \u041d\u0414\u0421;<br \/>\n\u041f\u043e\u043b\u043e\u0442\u043d\u043e \u0441\u0442\u0430\u043b\u044c\u043d\u043e\u0435 HB500 \u2013 120 \u0435\u0432\u0440\u043e\/\u043c + \u041d\u0414\u0421;<br \/>\n\u041f\u043e\u043b\u0438\u0443\u0440\u0435\u0442\u0430\u043d\u043e\u0432\u043e\u0435 \u043f\u043e\u043b\u043e\u0442\u043d\u043e \u2014 160 \u0435\u0432\u0440\u043e\/\u043c + \u041d\u0414\u0421.<\/p>\n","protected":false,"raw":"\u0414\u043b\u0438\u043d\u0430: 3 \u043c\r\n\r\n\u0414\u043e\u043f\u043e\u043b\u043d\u0438\u0442\u0435\u043b\u044c\u043d\u043e\u0435 \u043e\u0431\u043e\u0440\u0443\u0434\u043e\u0432\u0430\u043d\u0438\u0435:\r\n1 \u0433\u0438\u0434\u0440\u043e\u0446\u0438\u043b\u0438\u043d\u0434\u0440 \u2013 220 \u0435\u0432\u0440\u043e + \u041d\u0414\u0421;\r\n2 \u0433\u0438\u0434\u0440\u043e\u0446\u0438\u043b\u0438\u043d\u0434\u0440\u0430 \u2013 410 \u0435\u0432\u0440\u043e + \u041d\u0414\u0421;\r\n\u0414\u0435\u043c\u043f\u0444\u0438\u0440\u0443\u044e\u0449\u0438\u0435 \u043f\u043b\u0430\u0441\u0442\u0438\u043d\u0447\u0430\u0442\u044b\u0435 \u043f\u0440\u0443\u0436\u0438\u043d\u044b \u2014 198 \u0435\u0432\u0440\u043e + \u041d\u0414\u0421;\r\n\u041e\u043f\u043e\u0440\u043d\u044b\u0435 \u043a\u043e\u043b\u0435\u0441\u0430 \u0438\u043b\u0438 \u0440\u0430\u0437\u0434\u0432\u0438\u0436\u043d\u044b\u0435 \u043f\u043b\u0430\u0441\u0442\u0438\u043d\u044b \u2014 220 \u0435\u0432\u0440\u043e + \u041d\u0414\u0421;\r\n\u041f\u043e\u043b\u043e\u0442\u043d\u043e \u0441\u0442\u0430\u043b\u044c\u043d\u043e\u0435 HB500 \u2013 120 \u0435\u0432\u0440\u043e\/\u043c + \u041d\u0414\u0421;\r\n\u041f\u043e\u043b\u0438\u0443\u0440\u0435\u0442\u0430\u043d\u043e\u0432\u043e\u0435 \u043f\u043e\u043b\u043e\u0442\u043d\u043e \u2014 160 \u0435\u0432\u0440\u043e\/\u043c + \u041d\u0414\u0421.\r\n\r\n"},"excerpt":{"rendered":"<p>\u0421\u043d\u0435\u0433\u043e\u043e\u0442\u0432\u0430\u043b, \u0438\u0437\u0433\u043e\u0442\u043e\u0432\u043b\u0435\u043d\u043d\u044b\u0439 \u0438\u0437 \u043f\u0440\u043e\u0447\u043d\u043e\u0439 \u0441\u0442\u0430\u043b\u0438, \u043f\u0440\u0435\u0434\u043d\u0430\u0437\u043d\u0430\u0447\u0435\u043d \u0434\u043b\u044f \u0441\u0433\u043b\u0430\u0436\u0438\u0432\u0430\u043d\u0438\u044f \u0433\u0440\u0430\u0432\u0438\u0439\u043d\u044b\u0445 \u0434\u043e\u0440\u043e\u0433, \u0443\u0431\u043e\u0440\u043a\u0438 \u043d\u0430\u0432\u043e\u0437\u0430 \u043d\u0430 \u0444\u0435\u0440\u043c\u0430\u0445 \u0438\u043b\u0438 \u0443\u0431\u043e\u0440\u043a\u0438 \u0441\u043d\u0435\u0433\u0430. \u0421\u0430\u043c\u043e \u043b\u0435\u0437\u0432\u0438\u0435 \u0438\u0437\u0433\u043e\u0442\u043e\u0432\u043b\u0435\u043d\u043e \u0438\u0437 \u0446\u0435\u043b\u044c\u043d\u043e\u0433\u043e \u043b\u0438\u0441\u0442\u0430, \u043a \u043d\u0438\u0436\u043d\u0435\u0439 \u0447\u0430\u0441\u0442\u0438 \u043f\u0440\u0438\u043a\u0440\u0435\u043f\u043b\u0435\u043d\u0430 \u0440\u0435\u0437\u0438\u043d\u043e\u0432\u0430\u044f \u043e\u0441\u043d\u043e\u0432\u0430, \u0447\u0442\u043e \u0433\u0430\u0440\u0430\u043d\u0442\u0438\u0440\u0443\u0435\u0442, \u0447\u0442\u043e \u043e\u0447\u0438\u0449\u0430\u0435\u043c\u0430\u044f \u043f\u043e\u0432\u0435\u0440\u0445\u043d\u043e\u0441\u0442\u044c \u043d\u0435 \u0431\u0443\u0434\u0435\u0442 \u043f\u043e\u0446\u0430\u0440\u0430\u043f\u0430\u043d\u0430 \u0438\u043b\u0438 \u0438\u043d\u044b\u043c \u043e\u0431\u0440\u0430\u0437\u043e\u043c \u043f\u043e\u0432\u0440\u0435\u0436\u0434\u0435\u043d\u0430.<\/p>\n<p>\u041d\u043e\u0436 \u0441 \u043f\u043e\u043c\u043e\u0449\u044c\u044e \u0433\u0438\u0434\u0440\u0430\u0432\u043b\u0438\u0447\u0435\u0441\u043a\u043e\u0439 \u0441\u0438\u0441\u0442\u0435\u043c\u044b \u043c\u043e\u0436\u0435\u0442 \u0431\u044b\u0442\u044c \u043d\u0430\u043f\u0440\u0430\u0432\u043b\u0435\u043d \u043f\u043e\u0434 \u0443\u0433\u043b\u043e\u043c 25 \u0433\u0440\u0430\u0434\u0443\u0441\u043e\u0432 \u043a\u0430\u043a \u0432\u043f\u0440\u0430\u0432\u043e, \u0442\u0430\u043a \u0438 \u0432\u043b\u0435\u0432\u043e, \u0447\u0442\u043e \u0434\u0435\u043b\u0430\u0435\u0442 \u0435\u0433\u043e \u0443\u043d\u0438\u0432\u0435\u0440\u0441\u0430\u043b\u044c\u043d\u044b\u043c \u0447\u0438\u0441\u0442\u044f\u0449\u0438\u043c \u0443\u0441\u0442\u0440\u043e\u0439\u0441\u0442\u0432\u043e\u043c.<\/p>\n<p>\u041f\u043e \u0431\u043e\u043a\u0430\u043c \u043a\u0440\u044b\u043b\u044c\u0435\u0432 \u0441\u0442\u0435\u043a\u043b\u043e\u043e\u0447\u0438\u0441\u0442\u0438\u0442\u0435\u043b\u044f \u043f\u0440\u0438\u043a\u0440\u0435\u043f\u043b\u0435\u043d\u044b \u0444\u043e\u043d\u0430\u0440\u0438, \u043f\u043e\u0437\u0432\u043e\u043b\u044f\u044e\u0449\u0438\u0435 \u043f\u0440\u043e\u0432\u043e\u0434\u0438\u0442\u044c \u0440\u0430\u0431\u043e\u0442\u044b \u0434\u0430\u0436\u0435 \u0432 \u0442\u0435\u043c\u043d\u043e\u0435 \u0432\u0440\u0435\u043c\u044f \u0441\u0443\u0442\u043e\u043a.<\/p>\n<p>\u0417\u0430\u0449\u0438\u0442\u043d\u0430\u044f \u0440\u0435\u0437\u0438\u043d\u0430 \u0430\u0440\u043c\u0438\u0440\u043e\u0432\u0430\u043d\u0430 \u043a\u043e\u0440\u0434\u043e\u043c.<\/p>\n<p>\u0426\u0435\u043d\u0430 \u0443\u043a\u0430\u0437\u0430\u043d\u0430 \u0441 \u0434\u043e\u0441\u0442\u0430\u0432\u043a\u043e\u0439 \u043f\u043e \u041b\u0438\u0442\u0432\u0435.<br \/>\n\u0413\u0430\u0440\u0430\u043d\u0442\u0438\u0438 \u043f\u0440\u0435\u0434\u043e\u0441\u0442\u0430\u0432\u043b\u044f\u044e\u0442\u0441\u044f.<\/p>\n","protected":false,"raw":"\u0421\u043d\u0435\u0433\u043e\u043e\u0442\u0432\u0430\u043b, \u0438\u0437\u0433\u043e\u0442\u043e\u0432\u043b\u0435\u043d\u043d\u044b\u0439 \u0438\u0437 \u043f\u0440\u043e\u0447\u043d\u043e\u0439 \u0441\u0442\u0430\u043b\u0438, \u043f\u0440\u0435\u0434\u043d\u0430\u0437\u043d\u0430\u0447\u0435\u043d \u0434\u043b\u044f \u0441\u0433\u043b\u0430\u0436\u0438\u0432\u0430\u043d\u0438\u044f \u0433\u0440\u0430\u0432\u0438\u0439\u043d\u044b\u0445 \u0434\u043e\u0440\u043e\u0433, \u0443\u0431\u043e\u0440\u043a\u0438 \u043d\u0430\u0432\u043e\u0437\u0430 \u043d\u0430 \u0444\u0435\u0440\u043c\u0430\u0445 \u0438\u043b\u0438 \u0443\u0431\u043e\u0440\u043a\u0438 \u0441\u043d\u0435\u0433\u0430. \u0421\u0430\u043c\u043e \u043b\u0435\u0437\u0432\u0438\u0435 \u0438\u0437\u0433\u043e\u0442\u043e\u0432\u043b\u0435\u043d\u043e \u0438\u0437 \u0446\u0435\u043b\u044c\u043d\u043e\u0433\u043e \u043b\u0438\u0441\u0442\u0430, \u043a \u043d\u0438\u0436\u043d\u0435\u0439 \u0447\u0430\u0441\u0442\u0438 \u043f\u0440\u0438\u043a\u0440\u0435\u043f\u043b\u0435\u043d\u0430 \u0440\u0435\u0437\u0438\u043d\u043e\u0432\u0430\u044f \u043e\u0441\u043d\u043e\u0432\u0430, \u0447\u0442\u043e \u0433\u0430\u0440\u0430\u043d\u0442\u0438\u0440\u0443\u0435\u0442, \u0447\u0442\u043e \u043e\u0447\u0438\u0449\u0430\u0435\u043c\u0430\u044f \u043f\u043e\u0432\u0435\u0440\u0445\u043d\u043e\u0441\u0442\u044c \u043d\u0435 \u0431\u0443\u0434\u0435\u0442 \u043f\u043e\u0446\u0430\u0440\u0430\u043f\u0430\u043d\u0430 \u0438\u043b\u0438 \u0438\u043d\u044b\u043c \u043e\u0431\u0440\u0430\u0437\u043e\u043c \u043f\u043e\u0432\u0440\u0435\u0436\u0434\u0435\u043d\u0430.\r\n\r\n\u041d\u043e\u0436 \u0441 \u043f\u043e\u043c\u043e\u0449\u044c\u044e \u0433\u0438\u0434\u0440\u0430\u0432\u043b\u0438\u0447\u0435\u0441\u043a\u043e\u0439 \u0441\u0438\u0441\u0442\u0435\u043c\u044b \u043c\u043e\u0436\u0435\u0442 \u0431\u044b\u0442\u044c \u043d\u0430\u043f\u0440\u0430\u0432\u043b\u0435\u043d \u043f\u043e\u0434 \u0443\u0433\u043b\u043e\u043c 25 \u0433\u0440\u0430\u0434\u0443\u0441\u043e\u0432 \u043a\u0430\u043a \u0432\u043f\u0440\u0430\u0432\u043e, \u0442\u0430\u043a \u0438 \u0432\u043b\u0435\u0432\u043e, \u0447\u0442\u043e \u0434\u0435\u043b\u0430\u0435\u0442 \u0435\u0433\u043e \u0443\u043d\u0438\u0432\u0435\u0440\u0441\u0430\u043b\u044c\u043d\u044b\u043c \u0447\u0438\u0441\u0442\u044f\u0449\u0438\u043c \u0443\u0441\u0442\u0440\u043e\u0439\u0441\u0442\u0432\u043e\u043c.\r\n\r\n\u041f\u043e \u0431\u043e\u043a\u0430\u043c \u043a\u0440\u044b\u043b\u044c\u0435\u0432 \u0441\u0442\u0435\u043a\u043b\u043e\u043e\u0447\u0438\u0441\u0442\u0438\u0442\u0435\u043b\u044f \u043f\u0440\u0438\u043a\u0440\u0435\u043f\u043b\u0435\u043d\u044b \u0444\u043e\u043d\u0430\u0440\u0438, \u043f\u043e\u0437\u0432\u043e\u043b\u044f\u044e\u0449\u0438\u0435 \u043f\u0440\u043e\u0432\u043e\u0434\u0438\u0442\u044c \u0440\u0430\u0431\u043e\u0442\u044b \u0434\u0430\u0436\u0435 \u0432 \u0442\u0435\u043c\u043d\u043e\u0435 \u0432\u0440\u0435\u043c\u044f \u0441\u0443\u0442\u043e\u043a.\r\n\r\n\u0417\u0430\u0449\u0438\u0442\u043d\u0430\u044f \u0440\u0435\u0437\u0438\u043d\u0430 \u0430\u0440\u043c\u0438\u0440\u043e\u0432\u0430\u043d\u0430 \u043a\u043e\u0440\u0434\u043e\u043c.\r\n\r\n\u0426\u0435\u043d\u0430 \u0443\u043a\u0430\u0437\u0430\u043d\u0430 \u0441 \u0434\u043e\u0441\u0442\u0430\u0432\u043a\u043e\u0439 \u043f\u043e \u041b\u0438\u0442\u0432\u0435.\r\n\u0413\u0430\u0440\u0430\u043d\u0442\u0438\u0438 \u043f\u0440\u0435\u0434\u043e\u0441\u0442\u0430\u0432\u043b\u044f\u044e\u0442\u0441\u044f."},"featured_media":792,"template":"","meta":{"_lt_post_content":"Modelis PKF30:\r\n\r\nIlgis: 3,0 m\r\n\r\nSvoris: 340 kg.\r\n\r\nPapildoma \u012franga:\r\n1 hidraulinis cilindras \u2013 220 eur + PVM;\r\n2 hidrauliniai cilindrai \u2013 410 eur + PVM;\r\nAmortizuojan\u010dios a\u0161men\u0173 spyruokl\u0117s \u2013 198 eur + PVM;\r\nAtraminiai ratukai arba slydimo l\u0117k\u0161tut\u0117s -220 eur + PVM;\r\nPlieninis peiliukas HB500 \u2013 120 eur\/m + PVM;\r\nPoliuretano peiliukas \u2013 160 eur\/m + PVM.","_lt_post_name":"sniego-peilis-sustiprintas-f-serija-pkf30","_lt_post_excerpt":"I\u0161 tvirto plieno pagamintas sniego peilis yra skirtas \u017evyruot\u0173 keli\u0173 lyginimui, m\u0117\u0161lo grandymui fermose ar sniego stumdymui. Pats peilis pagamintas i\u0161 vientiso lak\u0161to, o jo apa\u010dioje pritvirtintas guminis pagrindas, kuris u\u017etikrina, kad valomas pavir\u0161ius nebus subrai\u017eytas ar kitaip pa\u017eeistas.\r\n\r\nPeilis, hidraulin\u0117s sistemos pagalba, gali b\u016bti nukreiptas 25 laipsni\u0173 kampu tiek \u012f de\u0161in\u0119, tiek kair\u0119 pus\u0119, kas daro j\u012f universaliu valymo \u012frenginiu.\r\n\r\nPrie valytuvo sparn\u0173 \u0161on\u0173 pritaisyti \u017eibintai sudarantys s\u0105lygas darbus atlikti ir tamsiu paros metu.\r\n\r\nApsaugin\u0117 guma sutvirtinta kordu.\r\n\r\nKaina nurodyta su pristatymu Lietuvoje.\r\nSuteikiamos garantijos.","_lt_post_title":"Sniego peilis (sustiprintas) F serija PKF30","_en_post_content":"Additional equipment:\r\n1 hydraulic cylinder \u2013 220 eur + VAT;\r\n2 hydraulic cylinders \u2013 410 eur + VAT;\r\nBlade amortization \u2013 springs \u2013 198 eur + VAT;\r\nSupport wheels or slides -220 eur + VAT;\r\nSteel blade HB500 \u2013 120 eur\/m + VAT;\r\nPolyurethane blade \u2013 160 eur\/m + VAT.","_en_post_name":"snow-plow-f-type-reinforced-pkf30","_en_post_excerpt":"","_en_post_title":"Snow plow - F type - reinforced PKF30","_ru_post_content":"\u0414\u043b\u0438\u043d\u0430: 3 \u043c\r\n\r\n\u0414\u043e\u043f\u043e\u043b\u043d\u0438\u0442\u0435\u043b\u044c\u043d\u043e\u0435 \u043e\u0431\u043e\u0440\u0443\u0434\u043e\u0432\u0430\u043d\u0438\u0435:\r\n1 \u0433\u0438\u0434\u0440\u043e\u0446\u0438\u043b\u0438\u043d\u0434\u0440 \u2013 220 \u0435\u0432\u0440\u043e + \u041d\u0414\u0421;\r\n2 \u0433\u0438\u0434\u0440\u043e\u0446\u0438\u043b\u0438\u043d\u0434\u0440\u0430 \u2013 410 \u0435\u0432\u0440\u043e + \u041d\u0414\u0421;\r\n\u0414\u0435\u043c\u043f\u0444\u0438\u0440\u0443\u044e\u0449\u0438\u0435 \u043f\u043b\u0430\u0441\u0442\u0438\u043d\u0447\u0430\u0442\u044b\u0435 \u043f\u0440\u0443\u0436\u0438\u043d\u044b \u2014 198 \u0435\u0432\u0440\u043e + \u041d\u0414\u0421;\r\n\u041e\u043f\u043e\u0440\u043d\u044b\u0435 \u043a\u043e\u043b\u0435\u0441\u0430 \u0438\u043b\u0438 \u0440\u0430\u0437\u0434\u0432\u0438\u0436\u043d\u044b\u0435 \u043f\u043b\u0430\u0441\u0442\u0438\u043d\u044b \u2014 220 \u0435\u0432\u0440\u043e + \u041d\u0414\u0421;\r\n\u041f\u043e\u043b\u043e\u0442\u043d\u043e \u0441\u0442\u0430\u043b\u044c\u043d\u043e\u0435 HB500 \u2013 120 \u0435\u0432\u0440\u043e\/\u043c + \u041d\u0414\u0421;\r\n\u041f\u043e\u043b\u0438\u0443\u0440\u0435\u0442\u0430\u043d\u043e\u0432\u043e\u0435 \u043f\u043e\u043b\u043e\u0442\u043d\u043e \u2014 160 \u0435\u0432\u0440\u043e\/\u043c + \u041d\u0414\u0421.\r\n\r\n","_ru_post_name":"%d1%81%d0%bd%d0%b5%d0%b3%d0%be%d0%be%d1%87%d0%b8%d1%81%d1%82%d0%b8%d1%82%d0%b5%d0%bb%d1%8c-%d1%82%d0%b8%d0%bf-f-%d1%83%d1%81%d0%b8%d0%bb%d0%b5%d0%bd%d0%bd%d1%8b%d0%b9-pkf30","_ru_post_excerpt":"\u0421\u043d\u0435\u0433\u043e\u043e\u0442\u0432\u0430\u043b, \u0438\u0437\u0433\u043e\u0442\u043e\u0432\u043b\u0435\u043d\u043d\u044b\u0439 \u0438\u0437 \u043f\u0440\u043e\u0447\u043d\u043e\u0439 \u0441\u0442\u0430\u043b\u0438, \u043f\u0440\u0435\u0434\u043d\u0430\u0437\u043d\u0430\u0447\u0435\u043d \u0434\u043b\u044f \u0441\u0433\u043b\u0430\u0436\u0438\u0432\u0430\u043d\u0438\u044f \u0433\u0440\u0430\u0432\u0438\u0439\u043d\u044b\u0445 \u0434\u043e\u0440\u043e\u0433, \u0443\u0431\u043e\u0440\u043a\u0438 \u043d\u0430\u0432\u043e\u0437\u0430 \u043d\u0430 \u0444\u0435\u0440\u043c\u0430\u0445 \u0438\u043b\u0438 \u0443\u0431\u043e\u0440\u043a\u0438 \u0441\u043d\u0435\u0433\u0430. \u0421\u0430\u043c\u043e \u043b\u0435\u0437\u0432\u0438\u0435 \u0438\u0437\u0433\u043e\u0442\u043e\u0432\u043b\u0435\u043d\u043e \u0438\u0437 \u0446\u0435\u043b\u044c\u043d\u043e\u0433\u043e \u043b\u0438\u0441\u0442\u0430, \u043a \u043d\u0438\u0436\u043d\u0435\u0439 \u0447\u0430\u0441\u0442\u0438 \u043f\u0440\u0438\u043a\u0440\u0435\u043f\u043b\u0435\u043d\u0430 \u0440\u0435\u0437\u0438\u043d\u043e\u0432\u0430\u044f \u043e\u0441\u043d\u043e\u0432\u0430, \u0447\u0442\u043e \u0433\u0430\u0440\u0430\u043d\u0442\u0438\u0440\u0443\u0435\u0442, \u0447\u0442\u043e \u043e\u0447\u0438\u0449\u0430\u0435\u043c\u0430\u044f \u043f\u043e\u0432\u0435\u0440\u0445\u043d\u043e\u0441\u0442\u044c \u043d\u0435 \u0431\u0443\u0434\u0435\u0442 \u043f\u043e\u0446\u0430\u0440\u0430\u043f\u0430\u043d\u0430 \u0438\u043b\u0438 \u0438\u043d\u044b\u043c \u043e\u0431\u0440\u0430\u0437\u043e\u043c \u043f\u043e\u0432\u0440\u0435\u0436\u0434\u0435\u043d\u0430.\r\n\r\n\u041d\u043e\u0436 \u0441 \u043f\u043e\u043c\u043e\u0449\u044c\u044e \u0433\u0438\u0434\u0440\u0430\u0432\u043b\u0438\u0447\u0435\u0441\u043a\u043e\u0439 \u0441\u0438\u0441\u0442\u0435\u043c\u044b \u043c\u043e\u0436\u0435\u0442 \u0431\u044b\u0442\u044c \u043d\u0430\u043f\u0440\u0430\u0432\u043b\u0435\u043d \u043f\u043e\u0434 \u0443\u0433\u043b\u043e\u043c 25 \u0433\u0440\u0430\u0434\u0443\u0441\u043e\u0432 \u043a\u0430\u043a \u0432\u043f\u0440\u0430\u0432\u043e, \u0442\u0430\u043a \u0438 \u0432\u043b\u0435\u0432\u043e, \u0447\u0442\u043e \u0434\u0435\u043b\u0430\u0435\u0442 \u0435\u0433\u043e \u0443\u043d\u0438\u0432\u0435\u0440\u0441\u0430\u043b\u044c\u043d\u044b\u043c \u0447\u0438\u0441\u0442\u044f\u0449\u0438\u043c \u0443\u0441\u0442\u0440\u043e\u0439\u0441\u0442\u0432\u043e\u043c.\r\n\r\n\u041f\u043e \u0431\u043e\u043a\u0430\u043c \u043a\u0440\u044b\u043b\u044c\u0435\u0432 \u0441\u0442\u0435\u043a\u043b\u043e\u043e\u0447\u0438\u0441\u0442\u0438\u0442\u0435\u043b\u044f \u043f\u0440\u0438\u043a\u0440\u0435\u043f\u043b\u0435\u043d\u044b \u0444\u043e\u043d\u0430\u0440\u0438, \u043f\u043e\u0437\u0432\u043e\u043b\u044f\u044e\u0449\u0438\u0435 \u043f\u0440\u043e\u0432\u043e\u0434\u0438\u0442\u044c \u0440\u0430\u0431\u043e\u0442\u044b \u0434\u0430\u0436\u0435 \u0432 \u0442\u0435\u043c\u043d\u043e\u0435 \u0432\u0440\u0435\u043c\u044f \u0441\u0443\u0442\u043e\u043a.\r\n\r\n\u0417\u0430\u0449\u0438\u0442\u043d\u0430\u044f \u0440\u0435\u0437\u0438\u043d\u0430 \u0430\u0440\u043c\u0438\u0440\u043e\u0432\u0430\u043d\u0430 \u043a\u043e\u0440\u0434\u043e\u043c.\r\n\r\n\u0426\u0435\u043d\u0430 \u0443\u043a\u0430\u0437\u0430\u043d\u0430 \u0441 \u0434\u043e\u0441\u0442\u0430\u0432\u043a\u043e\u0439 \u043f\u043e \u041b\u0438\u0442\u0432\u0435.\r\n\u0413\u0430\u0440\u0430\u043d\u0442\u0438\u0438 \u043f\u0440\u0435\u0434\u043e\u0441\u0442\u0430\u0432\u043b\u044f\u044e\u0442\u0441\u044f.","_ru_post_title":"\u0421\u043d\u0435\u0433\u043e\u043e\u0447\u0438\u0441\u0442\u0438\u0442\u0435\u043b\u044c - \u0442\u0438\u043f F - \u0443\u0441\u0438\u043b\u0435\u043d\u043d\u044b\u0439 PKF30","edit_language":"ru"},"product_brand":[],"product_cat":[60],"product_tag":[],"class_list":{"0":"post-1618","1":"product","2":"type-product","3":"status-publish","4":"has-post-thumbnail","6":"product_cat-sniego-peilis-f-sustiprintas","8":"first","9":"instock","10":"taxable","11":"shipping-taxable","12":"purchasable","13":"product-type-simple"},"_links":{"self":[{"href":"https:\/\/tech-nika.lt\/ru\/wp-json\/wp\/v2\/product\/1618","targetHints":{"allow":["GET"]}}],"collection":[{"href":"https:\/\/tech-nika.lt\/ru\/wp-json\/wp\/v2\/product"}],"about":[{"href":"https:\/\/tech-nika.lt\/ru\/wp-json\/wp\/v2\/types\/product"}],"wp:featuredmedia":[{"embeddable":true,"href":"https:\/\/tech-nika.lt\/ru\/wp-json\/wp\/v2\/media\/792"}],"wp:attachment":[{"href":"https:\/\/tech-nika.lt\/ru\/wp-json\/wp\/v2\/media?parent=1618"}],"wp:term":[{"taxonomy":"product_brand","embeddable":true,"href":"https:\/\/tech-nika.lt\/ru\/wp-json\/wp\/v2\/product_brand?post=1618"},{"taxonomy":"product_cat","embeddable":true,"href":"https:\/\/tech-nika.lt\/ru\/wp-json\/wp\/v2\/product_cat?post=1618"},{"taxonomy":"product_tag","embeddable":true,"href":"https:\/\/tech-nika.lt\/ru\/wp-json\/wp\/v2\/product_tag?post=1618"}],"curies":[{"name":"wp","href":"https:\/\/api.w.org\/{rel}","templated":true}]}}