{"id":1627,"date":"2023-08-08T10:32:55","date_gmt":"2023-08-08T12:32:55","guid":{"rendered":"https:\/\/tech-nika.lt\/?post_type=product&#038;p=1627"},"modified":"2024-12-05T05:44:33","modified_gmt":"2024-12-05T07:44:33","slug":"sniego-valytuvas-sakiniam-krautuvui-2-m","status":"publish","type":"product","link":"https:\/\/tech-nika.lt\/ru\/product\/sniego-valytuvas-sakiniam-krautuvui-2-m\/","title":{"rendered":"\u0421\u043d\u0435\u0433\u043e\u043e\u0447\u0438\u0441\u0442\u0438\u0442\u0435\u043b\u044c \u0434\u043b\u044f \u0432\u0438\u043b\u043e\u0447\u043d\u043e\u0433\u043e \u043f\u043e\u0433\u0440\u0443\u0437\u0447\u0438\u043a\u0430 PWW2","raw":"\u0421\u043d\u0435\u0433\u043e\u043e\u0447\u0438\u0441\u0442\u0438\u0442\u0435\u043b\u044c \u0434\u043b\u044f \u0432\u0438\u043b\u043e\u0447\u043d\u043e\u0433\u043e \u043f\u043e\u0433\u0440\u0443\u0437\u0447\u0438\u043a\u0430 PWW2"},"content":{"rendered":"<p>\u0421\u043d\u0435\u0433\u043e\u0443\u0431\u043e\u0440\u0449\u0438\u043a \u0434\u043b\u044f \u0432\u0438\u043b\u043e\u0447\u043d\u043e\u0433\u043e \u043f\u043e\u0433\u0440\u0443\u0437\u0447\u0438\u043a\u0430, PWW2:<\/p>\n<p>\u0428\u0438\u0440\u0438\u043d\u0430 2 \u043c.<\/p>\n<p>\u0414\u043e\u043f\u043e\u043b\u043d\u0438\u0442\u0435\u043b\u044c\u043d\u043e\u0435 \u043e\u0431\u043e\u0440\u0443\u0434\u043e\u0432\u0430\u043d\u0438\u0435:<br \/>\n1 \u0413\u0438\u0434\u0440\u043e\u0446\u0438\u043b\u0438\u043d\u0434\u0440 \u2014 220 \u0435\u0432\u0440\u043e + \u041d\u0414\u0421;<br \/>\n2 \u0413\u0438\u0434\u0440\u043e\u0446\u0438\u043b\u0438\u043d\u0434\u0440 \u2014 410 \u0435\u0432\u0440\u043e + \u041d\u0414\u0421;<br \/>\n\u0421\u0442\u0430\u043b\u044c\u043d\u043e\u0439 \u043d\u043e\u0436 HB500 \u2014 120 \u0435\u0432\u0440\u043e\/\u043c + \u041d\u0414\u0421;<br \/>\n\u041f\u043e\u043b\u0438\u0443\u0440\u0435\u0442\u0430\u043d\u043e\u0432\u044b\u0439 \u043d\u043e\u0436 \u2014 160 \u0435\u0432\u0440\u043e\/\u043c + \u041d\u0414\u0421.<\/p>\n","protected":false,"raw":"\u0421\u043d\u0435\u0433\u043e\u0443\u0431\u043e\u0440\u0449\u0438\u043a \u0434\u043b\u044f \u0432\u0438\u043b\u043e\u0447\u043d\u043e\u0433\u043e \u043f\u043e\u0433\u0440\u0443\u0437\u0447\u0438\u043a\u0430, PWW2:\r\n\r\n\u0428\u0438\u0440\u0438\u043d\u0430 2 \u043c.\r\n\r\n\u0414\u043e\u043f\u043e\u043b\u043d\u0438\u0442\u0435\u043b\u044c\u043d\u043e\u0435 \u043e\u0431\u043e\u0440\u0443\u0434\u043e\u0432\u0430\u043d\u0438\u0435:\r\n1 \u0413\u0438\u0434\u0440\u043e\u0446\u0438\u043b\u0438\u043d\u0434\u0440 \u2014 220 \u0435\u0432\u0440\u043e + \u041d\u0414\u0421;\r\n2 \u0413\u0438\u0434\u0440\u043e\u0446\u0438\u043b\u0438\u043d\u0434\u0440 \u2014 410 \u0435\u0432\u0440\u043e + \u041d\u0414\u0421;\r\n\u0421\u0442\u0430\u043b\u044c\u043d\u043e\u0439 \u043d\u043e\u0436 HB500 \u2014 120 \u0435\u0432\u0440\u043e\/\u043c + \u041d\u0414\u0421;\r\n\u041f\u043e\u043b\u0438\u0443\u0440\u0435\u0442\u0430\u043d\u043e\u0432\u044b\u0439 \u043d\u043e\u0436 \u2014 160 \u0435\u0432\u0440\u043e\/\u043c + \u041d\u0414\u0421.\r\n\r\n"},"excerpt":{"rendered":"<p>\u0411\u043b\u0430\u0433\u043e\u0434\u0430\u0440\u044f \u044d\u0442\u043e\u043c\u0443 \u043e\u0442\u0432\u0430\u043b\u0443 \u0434\u043b\u044f \u0441\u043d\u0435\u0433\u0430 \u0432\u044b \u0440\u0435\u0448\u0438\u0442\u0435 \u043f\u0440\u043e\u0431\u043b\u0435\u043c\u0443 \u043e\u0447\u0438\u0441\u0442\u043a\u0438 \u043f\u0440\u0438\u043b\u0435\u0433\u0430\u044e\u0449\u0435\u0439 \u0442\u0435\u0440\u0440\u0438\u0442\u043e\u0440\u0438\u0438 \u043e\u0442 \u0441\u043d\u0435\u0433\u0430, \u043d\u0435 \u043f\u043e\u043a\u0443\u043f\u0430\u044f \u0434\u043e\u0440\u043e\u0433\u043e\u0441\u0442\u043e\u044f\u0449\u0443\u044e \u0442\u0435\u0445\u043d\u0438\u043a\u0443.<br \/>\n\u041a\u043e\u043d\u0441\u0442\u0440\u0443\u043a\u0446\u0438\u044f \u043d\u043e\u0436\u0430 \u043f\u0440\u043e\u0441\u0442\u0430\u044f, \u043d\u043e \u0443\u0434\u043e\u0431\u043d\u0430\u044f. \u0423\u0431\u0438\u0440\u0430\u0442\u044c \u043c\u043e\u0436\u043d\u043e \u043a\u0430\u043a \u0442\u043e\u043b\u043a\u0430\u044f \u0441\u043d\u0435\u0433 \u0432\u043f\u0435\u0440\u0435\u0434, \u0442\u0430\u043a \u0438 \u043f\u043e\u0432\u043e\u0440\u0430\u0447\u0438\u0432\u0430\u044f \u043e\u0442\u0432\u0430\u043b \u0432\u0431\u043e\u043a, \u0447\u0442\u043e\u0431\u044b \u043e\u0442\u043e\u0434\u0432\u0438\u043d\u0443\u0442\u044c \u0441\u043d\u0435\u0433 \u043a \u0431\u043e\u0440\u0434\u044e\u0440\u0443.<br \/>\n\u041d\u043e\u0436 \u043b\u0435\u0433\u043a\u043e \u0438 \u0431\u044b\u0441\u0442\u0440\u043e \u0443\u0441\u0442\u0430\u043d\u0430\u0432\u043b\u0438\u0432\u0430\u0435\u0442\u0441\u044f \u043d\u0430 \u0432\u0438\u043b\u043e\u0447\u043d\u044b\u0439 \u043f\u043e\u0433\u0440\u0443\u0437\u0447\u0438\u043a, \u0432\u0432\u0435\u0434\u044f \u0432\u0438\u043b\u044b \u0432 \u043f\u043e\u043b\u043e\u0441\u0442\u0438 \u0440\u0430\u043c\u044b \u0438 \u0437\u0430\u0442\u044f\u043d\u0443\u0432 \u0432\u0438\u043d\u0442\u044b.<br \/>\n\u0423\u0433\u043e\u043b \u043f\u043e\u0432\u043e\u0440\u043e\u0442\u0430 \u0440\u0435\u0433\u0443\u043b\u0438\u0440\u0443\u0435\u0442\u0441\u044f \u0432\u0440\u0443\u0447\u043d\u0443\u044e \u043f\u043e\u0432\u043e\u0440\u043e\u0442\u043e\u043c \u0432\u0438\u043d\u0442\u0430 \u043d\u0430 \u043d\u0443\u0436\u043d\u044b\u0439 \u0443\u0433\u043e\u043b.<br \/>\n\u041e\u0442\u0432\u0430\u043b \u0434\u043b\u044f \u0441\u043d\u0435\u0433\u0430 \u043f\u043e\u0434\u0445\u043e\u0434\u0438\u0442 \u043a\u043e \u0432\u0441\u0435\u043c \u0432\u0438\u043b\u043e\u0447\u043d\u044b\u043c \u043f\u043e\u0433\u0440\u0443\u0437\u0447\u0438\u043a\u0430\u043c.<\/p>\n<p>\u041f\u043b\u0438\u0442\u0430 \u0442\u043e\u043b\u0449\u0438\u043d\u043e\u0439 5 \u2013 6 \u043c\u043c; \u0430\u0440\u043c\u0438\u0440\u043e\u0432\u0430\u043d\u0438\u0435 \u2013 \u0442\u043e\u043b\u0449\u0438\u043d\u043e\u0439 8 \u043c\u043c.<\/p>\n<p>&nbsp;<\/p>\n<p>\u0421\u0442\u043e\u0438\u043c\u043e\u0441\u0442\u044c \u0434\u043e\u0441\u0442\u0430\u0432\u043a\u0438 \u043e\u0433\u043e\u0432\u0430\u0440\u0438\u0432\u0430\u0435\u0442\u0441\u044f \u0438\u043d\u0434\u0438\u0432\u0438\u0434\u0443\u0430\u043b\u044c\u043d\u043e.<br \/>\n\u0413\u0430\u0440\u0430\u043d\u0442\u0438\u0438 \u043f\u0440\u0435\u0434\u043e\u0441\u0442\u0430\u0432\u043b\u044f\u044e\u0442\u0441\u044f.<\/p>\n","protected":false,"raw":"\u0411\u043b\u0430\u0433\u043e\u0434\u0430\u0440\u044f \u044d\u0442\u043e\u043c\u0443 \u043e\u0442\u0432\u0430\u043b\u0443 \u0434\u043b\u044f \u0441\u043d\u0435\u0433\u0430 \u0432\u044b \u0440\u0435\u0448\u0438\u0442\u0435 \u043f\u0440\u043e\u0431\u043b\u0435\u043c\u0443 \u043e\u0447\u0438\u0441\u0442\u043a\u0438 \u043f\u0440\u0438\u043b\u0435\u0433\u0430\u044e\u0449\u0435\u0439 \u0442\u0435\u0440\u0440\u0438\u0442\u043e\u0440\u0438\u0438 \u043e\u0442 \u0441\u043d\u0435\u0433\u0430, \u043d\u0435 \u043f\u043e\u043a\u0443\u043f\u0430\u044f \u0434\u043e\u0440\u043e\u0433\u043e\u0441\u0442\u043e\u044f\u0449\u0443\u044e \u0442\u0435\u0445\u043d\u0438\u043a\u0443.\r\n\u041a\u043e\u043d\u0441\u0442\u0440\u0443\u043a\u0446\u0438\u044f \u043d\u043e\u0436\u0430 \u043f\u0440\u043e\u0441\u0442\u0430\u044f, \u043d\u043e \u0443\u0434\u043e\u0431\u043d\u0430\u044f. \u0423\u0431\u0438\u0440\u0430\u0442\u044c \u043c\u043e\u0436\u043d\u043e \u043a\u0430\u043a \u0442\u043e\u043b\u043a\u0430\u044f \u0441\u043d\u0435\u0433 \u0432\u043f\u0435\u0440\u0435\u0434, \u0442\u0430\u043a \u0438 \u043f\u043e\u0432\u043e\u0440\u0430\u0447\u0438\u0432\u0430\u044f \u043e\u0442\u0432\u0430\u043b \u0432\u0431\u043e\u043a, \u0447\u0442\u043e\u0431\u044b \u043e\u0442\u043e\u0434\u0432\u0438\u043d\u0443\u0442\u044c \u0441\u043d\u0435\u0433 \u043a \u0431\u043e\u0440\u0434\u044e\u0440\u0443.\r\n\u041d\u043e\u0436 \u043b\u0435\u0433\u043a\u043e \u0438 \u0431\u044b\u0441\u0442\u0440\u043e \u0443\u0441\u0442\u0430\u043d\u0430\u0432\u043b\u0438\u0432\u0430\u0435\u0442\u0441\u044f \u043d\u0430 \u0432\u0438\u043b\u043e\u0447\u043d\u044b\u0439 \u043f\u043e\u0433\u0440\u0443\u0437\u0447\u0438\u043a, \u0432\u0432\u0435\u0434\u044f \u0432\u0438\u043b\u044b \u0432 \u043f\u043e\u043b\u043e\u0441\u0442\u0438 \u0440\u0430\u043c\u044b \u0438 \u0437\u0430\u0442\u044f\u043d\u0443\u0432 \u0432\u0438\u043d\u0442\u044b.\r\n\u0423\u0433\u043e\u043b \u043f\u043e\u0432\u043e\u0440\u043e\u0442\u0430 \u0440\u0435\u0433\u0443\u043b\u0438\u0440\u0443\u0435\u0442\u0441\u044f \u0432\u0440\u0443\u0447\u043d\u0443\u044e \u043f\u043e\u0432\u043e\u0440\u043e\u0442\u043e\u043c \u0432\u0438\u043d\u0442\u0430 \u043d\u0430 \u043d\u0443\u0436\u043d\u044b\u0439 \u0443\u0433\u043e\u043b.\r\n\u041e\u0442\u0432\u0430\u043b \u0434\u043b\u044f \u0441\u043d\u0435\u0433\u0430 \u043f\u043e\u0434\u0445\u043e\u0434\u0438\u0442 \u043a\u043e \u0432\u0441\u0435\u043c \u0432\u0438\u043b\u043e\u0447\u043d\u044b\u043c \u043f\u043e\u0433\u0440\u0443\u0437\u0447\u0438\u043a\u0430\u043c.\r\n\r\n\u041f\u043b\u0438\u0442\u0430 \u0442\u043e\u043b\u0449\u0438\u043d\u043e\u0439 5 \u2013 6 \u043c\u043c; \u0430\u0440\u043c\u0438\u0440\u043e\u0432\u0430\u043d\u0438\u0435 \u2013 \u0442\u043e\u043b\u0449\u0438\u043d\u043e\u0439 8 \u043c\u043c.\r\n\r\n&nbsp;\r\n\r\n\u0421\u0442\u043e\u0438\u043c\u043e\u0441\u0442\u044c \u0434\u043e\u0441\u0442\u0430\u0432\u043a\u0438 \u043e\u0433\u043e\u0432\u0430\u0440\u0438\u0432\u0430\u0435\u0442\u0441\u044f \u0438\u043d\u0434\u0438\u0432\u0438\u0434\u0443\u0430\u043b\u044c\u043d\u043e.\r\n\u0413\u0430\u0440\u0430\u043d\u0442\u0438\u0438 \u043f\u0440\u0435\u0434\u043e\u0441\u0442\u0430\u0432\u043b\u044f\u044e\u0442\u0441\u044f."},"featured_media":764,"template":"","meta":{"_lt_post_content":"Sniego valytuvas \u0161akiniam krautuvui, PWW2:\r\n\r\nPlotis 2 m.\r\n\r\nPapildoma \u012franga:\r\n1 hidraulinis cilindras \u2013 220 eur + PVM;\r\n2 hidrauliniai cilindrai \u2013 410 eur + PVM;\r\nPoliuretano juosta \u2013 160 eur\/m + PVM.","_lt_post_name":"sniego-valytuvas-sakiniam-krautuvui-2-m","_lt_post_excerpt":"\u0160io sniego peilio d\u0117ka J\u016bs i\u0161spr\u0119site aplinkos teritorijos i\u0161valymo nuo sniego neperkant brangios technikos.\r\nPeilio konstrukcija yra paprasta, bet patogi. Valyti galite tiek stumiant snieg\u0105 \u012f priek\u012f, tiek pasukus peil\u012f \u012f \u0161on\u0105 stumti snieg\u0105 \u012f kelkra\u0161t\u012f.\r\nPeilis lengvai ir greitai montuojamas ant \u0161akinio krautuvo, \u0161ak\u0117mis \u012fva\u017eiuojant \u012f r\u0117mo ertmes ir u\u017ever\u017eiant var\u017etus.\r\nPos\u016bkio kampas reguliuojamas rankiniu b\u016bdu, sukant sraigt\u0105 iki reikiamo 9norimo) kampo.\r\nSniego peilis tinka prie vis\u0173 \u0161akini\u0173 krautuv\u0173.\r\n\r\nPlok\u0161t\u0117 5 - 6 mm storio; sustiprinimas - 8 mm storis.\r\n\r\n&nbsp;\r\n\r\nPristatymo kaina derinama individualiai.\r\nSuteikiamos garantijos.","_lt_post_title":"Sniego valytuvas \u0161akiniam krautuvui PWW2","_en_post_content":"Snow blower for forklift, PWW2:\r\n\r\nWidth 2 m.\r\n\r\nAdditional Equipment:\r\n1 Hydraulic cylinder \u2013 220 eur + VAT;\r\n2 hydraulic cylinder \u2013 410 eur + VAT;\r\nSteel Blade HB500 \u2013 120 eur\/ m + VAT;\r\nPolyurethane Blade \u2013 160 eur\/ m + VAT.","_en_post_name":"sniego-valytuvas-sakiniam-krautuvui-2-m","_en_post_excerpt":"Thanks to this snow blade, you will solve the problem of clearing the surrounding area from snow without buying expensive equipment.\r\nThe design of the knife is simple but comfortable. You can clean both by pushing the snow forward and by turning the blade sideways to push the snow to the curb.\r\nThe knife is easily and quickly installed on the forklift by driving the forks into the frame cavities and tightening the screws.\r\nThe turning angle is adjusted manually by turning the screw to the desired) angle.\r\nThe snow blade fits all forklifts.\r\n\r\nPlate 5 - 6 mm thick; reinforcement - 8 mm thick.\r\n\r\n&nbsp;\r\n\r\nThe delivery price is negotiated individually.\r\nGuarantees are provided.","_en_post_title":"Snow plow for a fork lift PWW2","_ru_post_content":"\u0421\u043d\u0435\u0433\u043e\u0443\u0431\u043e\u0440\u0449\u0438\u043a \u0434\u043b\u044f \u0432\u0438\u043b\u043e\u0447\u043d\u043e\u0433\u043e \u043f\u043e\u0433\u0440\u0443\u0437\u0447\u0438\u043a\u0430, PWW2:\r\n\r\n\u0428\u0438\u0440\u0438\u043d\u0430 2 \u043c.\r\n\r\n\u0414\u043e\u043f\u043e\u043b\u043d\u0438\u0442\u0435\u043b\u044c\u043d\u043e\u0435 \u043e\u0431\u043e\u0440\u0443\u0434\u043e\u0432\u0430\u043d\u0438\u0435:\r\n1 \u0413\u0438\u0434\u0440\u043e\u0446\u0438\u043b\u0438\u043d\u0434\u0440 \u2014 220 \u0435\u0432\u0440\u043e + \u041d\u0414\u0421;\r\n2 \u0413\u0438\u0434\u0440\u043e\u0446\u0438\u043b\u0438\u043d\u0434\u0440 \u2014 410 \u0435\u0432\u0440\u043e + \u041d\u0414\u0421;\r\n\u0421\u0442\u0430\u043b\u044c\u043d\u043e\u0439 \u043d\u043e\u0436 HB500 \u2014 120 \u0435\u0432\u0440\u043e\/\u043c + \u041d\u0414\u0421;\r\n\u041f\u043e\u043b\u0438\u0443\u0440\u0435\u0442\u0430\u043d\u043e\u0432\u044b\u0439 \u043d\u043e\u0436 \u2014 160 \u0435\u0432\u0440\u043e\/\u043c + \u041d\u0414\u0421.\r\n\r\n","_ru_post_name":"sniego-valytuvas-sakiniam-krautuvui-2-m","_ru_post_excerpt":"\u0411\u043b\u0430\u0433\u043e\u0434\u0430\u0440\u044f \u044d\u0442\u043e\u043c\u0443 \u043e\u0442\u0432\u0430\u043b\u0443 \u0434\u043b\u044f \u0441\u043d\u0435\u0433\u0430 \u0432\u044b \u0440\u0435\u0448\u0438\u0442\u0435 \u043f\u0440\u043e\u0431\u043b\u0435\u043c\u0443 \u043e\u0447\u0438\u0441\u0442\u043a\u0438 \u043f\u0440\u0438\u043b\u0435\u0433\u0430\u044e\u0449\u0435\u0439 \u0442\u0435\u0440\u0440\u0438\u0442\u043e\u0440\u0438\u0438 \u043e\u0442 \u0441\u043d\u0435\u0433\u0430, \u043d\u0435 \u043f\u043e\u043a\u0443\u043f\u0430\u044f \u0434\u043e\u0440\u043e\u0433\u043e\u0441\u0442\u043e\u044f\u0449\u0443\u044e \u0442\u0435\u0445\u043d\u0438\u043a\u0443.\r\n\u041a\u043e\u043d\u0441\u0442\u0440\u0443\u043a\u0446\u0438\u044f \u043d\u043e\u0436\u0430 \u043f\u0440\u043e\u0441\u0442\u0430\u044f, \u043d\u043e \u0443\u0434\u043e\u0431\u043d\u0430\u044f. \u0423\u0431\u0438\u0440\u0430\u0442\u044c \u043c\u043e\u0436\u043d\u043e \u043a\u0430\u043a \u0442\u043e\u043b\u043a\u0430\u044f \u0441\u043d\u0435\u0433 \u0432\u043f\u0435\u0440\u0435\u0434, \u0442\u0430\u043a \u0438 \u043f\u043e\u0432\u043e\u0440\u0430\u0447\u0438\u0432\u0430\u044f \u043e\u0442\u0432\u0430\u043b \u0432\u0431\u043e\u043a, \u0447\u0442\u043e\u0431\u044b \u043e\u0442\u043e\u0434\u0432\u0438\u043d\u0443\u0442\u044c \u0441\u043d\u0435\u0433 \u043a \u0431\u043e\u0440\u0434\u044e\u0440\u0443.\r\n\u041d\u043e\u0436 \u043b\u0435\u0433\u043a\u043e \u0438 \u0431\u044b\u0441\u0442\u0440\u043e \u0443\u0441\u0442\u0430\u043d\u0430\u0432\u043b\u0438\u0432\u0430\u0435\u0442\u0441\u044f \u043d\u0430 \u0432\u0438\u043b\u043e\u0447\u043d\u044b\u0439 \u043f\u043e\u0433\u0440\u0443\u0437\u0447\u0438\u043a, \u0432\u0432\u0435\u0434\u044f \u0432\u0438\u043b\u044b \u0432 \u043f\u043e\u043b\u043e\u0441\u0442\u0438 \u0440\u0430\u043c\u044b \u0438 \u0437\u0430\u0442\u044f\u043d\u0443\u0432 \u0432\u0438\u043d\u0442\u044b.\r\n\u0423\u0433\u043e\u043b \u043f\u043e\u0432\u043e\u0440\u043e\u0442\u0430 \u0440\u0435\u0433\u0443\u043b\u0438\u0440\u0443\u0435\u0442\u0441\u044f \u0432\u0440\u0443\u0447\u043d\u0443\u044e \u043f\u043e\u0432\u043e\u0440\u043e\u0442\u043e\u043c \u0432\u0438\u043d\u0442\u0430 \u043d\u0430 \u043d\u0443\u0436\u043d\u044b\u0439 \u0443\u0433\u043e\u043b.\r\n\u041e\u0442\u0432\u0430\u043b \u0434\u043b\u044f \u0441\u043d\u0435\u0433\u0430 \u043f\u043e\u0434\u0445\u043e\u0434\u0438\u0442 \u043a\u043e \u0432\u0441\u0435\u043c \u0432\u0438\u043b\u043e\u0447\u043d\u044b\u043c \u043f\u043e\u0433\u0440\u0443\u0437\u0447\u0438\u043a\u0430\u043c.\r\n\r\n\u041f\u043b\u0438\u0442\u0430 \u0442\u043e\u043b\u0449\u0438\u043d\u043e\u0439 5 \u2013 6 \u043c\u043c; \u0430\u0440\u043c\u0438\u0440\u043e\u0432\u0430\u043d\u0438\u0435 \u2013 \u0442\u043e\u043b\u0449\u0438\u043d\u043e\u0439 8 \u043c\u043c.\r\n\r\n&nbsp;\r\n\r\n\u0421\u0442\u043e\u0438\u043c\u043e\u0441\u0442\u044c \u0434\u043e\u0441\u0442\u0430\u0432\u043a\u0438 \u043e\u0433\u043e\u0432\u0430\u0440\u0438\u0432\u0430\u0435\u0442\u0441\u044f \u0438\u043d\u0434\u0438\u0432\u0438\u0434\u0443\u0430\u043b\u044c\u043d\u043e.\r\n\u0413\u0430\u0440\u0430\u043d\u0442\u0438\u0438 \u043f\u0440\u0435\u0434\u043e\u0441\u0442\u0430\u0432\u043b\u044f\u044e\u0442\u0441\u044f.","_ru_post_title":"\u0421\u043d\u0435\u0433\u043e\u043e\u0447\u0438\u0441\u0442\u0438\u0442\u0435\u043b\u044c \u0434\u043b\u044f \u0432\u0438\u043b\u043e\u0447\u043d\u043e\u0433\u043e \u043f\u043e\u0433\u0440\u0443\u0437\u0447\u0438\u043a\u0430 PWW2","edit_language":"ru"},"product_brand":[],"product_cat":[57],"product_tag":[436,437,107,108],"class_list":{"0":"post-1627","1":"product","2":"type-product","3":"status-publish","4":"has-post-thumbnail","6":"product_cat-sniego-valytuvas-sakiniam-krautuvui","7":"product_tag-pww","8":"product_tag-sakinio-krautuvo-priedai","9":"product_tag-sniego-peilis","10":"product_tag-sniego-valytuvas","12":"first","13":"instock","14":"taxable","15":"shipping-taxable","16":"purchasable","17":"product-type-simple"},"_links":{"self":[{"href":"https:\/\/tech-nika.lt\/ru\/wp-json\/wp\/v2\/product\/1627","targetHints":{"allow":["GET"]}}],"collection":[{"href":"https:\/\/tech-nika.lt\/ru\/wp-json\/wp\/v2\/product"}],"about":[{"href":"https:\/\/tech-nika.lt\/ru\/wp-json\/wp\/v2\/types\/product"}],"wp:featuredmedia":[{"embeddable":true,"href":"https:\/\/tech-nika.lt\/ru\/wp-json\/wp\/v2\/media\/764"}],"wp:attachment":[{"href":"https:\/\/tech-nika.lt\/ru\/wp-json\/wp\/v2\/media?parent=1627"}],"wp:term":[{"taxonomy":"product_brand","embeddable":true,"href":"https:\/\/tech-nika.lt\/ru\/wp-json\/wp\/v2\/product_brand?post=1627"},{"taxonomy":"product_cat","embeddable":true,"href":"https:\/\/tech-nika.lt\/ru\/wp-json\/wp\/v2\/product_cat?post=1627"},{"taxonomy":"product_tag","embeddable":true,"href":"https:\/\/tech-nika.lt\/ru\/wp-json\/wp\/v2\/product_tag?post=1627"}],"curies":[{"name":"wp","href":"https:\/\/api.w.org\/{rel}","templated":true}]}}