{"id":1766,"date":"2024-11-26T07:57:09","date_gmt":"2024-11-26T09:57:09","guid":{"rendered":"https:\/\/tech-nika.lt\/?post_type=product&#038;p=1766"},"modified":"2024-11-26T08:13:55","modified_gmt":"2024-11-26T10:13:55","slug":"sniego-valytuvas-v-maziems-krautuvams-ps147m","status":"publish","type":"product","link":"https:\/\/tech-nika.lt\/ru\/product\/sniego-valytuvas-v-maziems-krautuvams-ps147m\/","title":{"rendered":"\u0421\u043d\u0435\u0433\u043e\u0443\u0431\u043e\u0440\u0449\u0438\u043a V-\u043e\u0431\u0440\u0430\u0437\u043d\u044b\u0439 PS147M","raw":"\u0421\u043d\u0435\u0433\u043e\u0443\u0431\u043e\u0440\u0449\u0438\u043a V-\u043e\u0431\u0440\u0430\u0437\u043d\u044b\u0439 PS147M"},"content":{"rendered":"<p>\u042d\u0442\u043e\u0442 \u0441\u043d\u0435\u0433\u043e\u043e\u0447\u0438\u0441\u0442\u0438\u0442\u0435\u043b\u044c \u043f\u0440\u0435\u0434\u043d\u0430\u0437\u043d\u0430\u0447\u0435\u043d \u0434\u043b\u044f \u043d\u0435\u0431\u043e\u043b\u044c\u0448\u0438\u0445 \u0442\u0440\u0430\u043a\u0442\u043e\u0440\u043e\u0432 \u0438 \u043c\u0438\u043d\u0438-\u043f\u043e\u0433\u0440\u0443\u0437\u0447\u0438\u043a\u043e\u0432. \u0411\u043b\u0430\u0433\u043e\u0434\u0430\u0440\u044f \u043b\u0435\u0433\u043a\u043e\u0439 \u0438 \u043f\u0440\u043e\u0447\u043d\u043e\u0439 \u043a\u043e\u043d\u0441\u0442\u0440\u0443\u043a\u0446\u0438\u0438 \u043f\u0440\u0438\u043c\u0435\u043d\u044f\u0435\u0442\u0441\u044f \u0432 \u043c\u0430\u0448\u0438\u043d\u0430\u0445 \u043c\u0430\u043b\u043e\u0439 \u043c\u043e\u0449\u043d\u043e\u0441\u0442\u0438. \u041f\u043e\u0437\u0432\u043e\u043b\u044f\u0435\u0442 \u0443\u0431\u0438\u0440\u0430\u0442\u044c \u0441\u043d\u0435\u0433 \u0438\u0437 \u0442\u0440\u0443\u0434\u043d\u043e\u0434\u043e\u0441\u0442\u0443\u043f\u043d\u044b\u0445, \u0443\u0437\u043a\u0438\u0445 \u043c\u0435\u0441\u0442, \u043d\u0430\u043f\u0440. \u0442\u0440\u043e\u0442\u0443\u0430\u0440\u044b.<\/p>\n<p>\u0423\u0433\u043e\u043b \u043f\u043e\u0432\u043e\u0440\u043e\u0442\u0430 \u043d\u043e\u0436\u0435\u0439 \u0440\u0435\u0433\u0443\u043b\u0438\u0440\u0443\u0435\u0442\u0441\u044f \u0438\u0437 \u043a\u0430\u0431\u0438\u043d\u044b.<\/p>\n<p>\u041f\u043e \u0431\u043e\u043a\u0430\u043c \u0434\u0432\u043e\u0440\u043d\u0438\u043a\u043e\u0432 \u043f\u0440\u0438\u043a\u0440\u0435\u043f\u043b\u0435\u043d\u044b \u0444\u043e\u043d\u0430\u0440\u0438, \u043f\u043e\u044d\u0442\u043e\u043c\u0443 \u0440\u0430\u0431\u043e\u0442\u0443 \u043c\u043e\u0436\u043d\u043e \u043b\u0435\u0433\u043a\u043e \u0432\u044b\u043f\u043e\u043b\u043d\u0438\u0442\u044c \u0434\u0430\u0436\u0435 \u0432 \u0442\u0435\u043c\u043d\u043e\u0442\u0435.<\/p>\n<p>\u0426\u0435\u043d\u0430 \u0443\u043a\u0430\u0437\u0430\u043d\u0430 \u0441 \u0434\u043e\u0441\u0442\u0430\u0432\u043a\u043e\u0439 \u043f\u043e \u041b\u0438\u0442\u0432\u0435.<br \/>\n\u0413\u0430\u0440\u0430\u043d\u0442\u0438\u0438 \u043f\u0440\u0435\u0434\u043e\u0441\u0442\u0430\u0432\u043b\u044f\u044e\u0442\u0441\u044f.<\/p>\n","protected":false,"raw":"\u042d\u0442\u043e\u0442 \u0441\u043d\u0435\u0433\u043e\u043e\u0447\u0438\u0441\u0442\u0438\u0442\u0435\u043b\u044c \u043f\u0440\u0435\u0434\u043d\u0430\u0437\u043d\u0430\u0447\u0435\u043d \u0434\u043b\u044f \u043d\u0435\u0431\u043e\u043b\u044c\u0448\u0438\u0445 \u0442\u0440\u0430\u043a\u0442\u043e\u0440\u043e\u0432 \u0438 \u043c\u0438\u043d\u0438-\u043f\u043e\u0433\u0440\u0443\u0437\u0447\u0438\u043a\u043e\u0432. \u0411\u043b\u0430\u0433\u043e\u0434\u0430\u0440\u044f \u043b\u0435\u0433\u043a\u043e\u0439 \u0438 \u043f\u0440\u043e\u0447\u043d\u043e\u0439 \u043a\u043e\u043d\u0441\u0442\u0440\u0443\u043a\u0446\u0438\u0438 \u043f\u0440\u0438\u043c\u0435\u043d\u044f\u0435\u0442\u0441\u044f \u0432 \u043c\u0430\u0448\u0438\u043d\u0430\u0445 \u043c\u0430\u043b\u043e\u0439 \u043c\u043e\u0449\u043d\u043e\u0441\u0442\u0438. \u041f\u043e\u0437\u0432\u043e\u043b\u044f\u0435\u0442 \u0443\u0431\u0438\u0440\u0430\u0442\u044c \u0441\u043d\u0435\u0433 \u0438\u0437 \u0442\u0440\u0443\u0434\u043d\u043e\u0434\u043e\u0441\u0442\u0443\u043f\u043d\u044b\u0445, \u0443\u0437\u043a\u0438\u0445 \u043c\u0435\u0441\u0442, \u043d\u0430\u043f\u0440. \u0442\u0440\u043e\u0442\u0443\u0430\u0440\u044b.\r\n\r\n\u0423\u0433\u043e\u043b \u043f\u043e\u0432\u043e\u0440\u043e\u0442\u0430 \u043d\u043e\u0436\u0435\u0439 \u0440\u0435\u0433\u0443\u043b\u0438\u0440\u0443\u0435\u0442\u0441\u044f \u0438\u0437 \u043a\u0430\u0431\u0438\u043d\u044b.\r\n\r\n\u041f\u043e \u0431\u043e\u043a\u0430\u043c \u0434\u0432\u043e\u0440\u043d\u0438\u043a\u043e\u0432 \u043f\u0440\u0438\u043a\u0440\u0435\u043f\u043b\u0435\u043d\u044b \u0444\u043e\u043d\u0430\u0440\u0438, \u043f\u043e\u044d\u0442\u043e\u043c\u0443 \u0440\u0430\u0431\u043e\u0442\u0443 \u043c\u043e\u0436\u043d\u043e \u043b\u0435\u0433\u043a\u043e \u0432\u044b\u043f\u043e\u043b\u043d\u0438\u0442\u044c \u0434\u0430\u0436\u0435 \u0432 \u0442\u0435\u043c\u043d\u043e\u0442\u0435.\r\n\r\n\u0426\u0435\u043d\u0430 \u0443\u043a\u0430\u0437\u0430\u043d\u0430 \u0441 \u0434\u043e\u0441\u0442\u0430\u0432\u043a\u043e\u0439 \u043f\u043e \u041b\u0438\u0442\u0432\u0435.\r\n\u0413\u0430\u0440\u0430\u043d\u0442\u0438\u0438 \u043f\u0440\u0435\u0434\u043e\u0441\u0442\u0430\u0432\u043b\u044f\u044e\u0442\u0441\u044f."},"excerpt":{"rendered":"<p>\u0428\u0438\u0440\u0438\u043d\u0430 1,47 \u043c.<\/p>\n<p>\u0412\u044b\u0441\u043e\u0442\u0430 0,7 \u043c.<\/p>\n<p>\u0412\u0435\u0441 155 \u043a\u0433.<\/p>\n<p>\u0414\u043e\u043f\u043e\u043b\u043d\u0438\u0442\u0435\u043b\u044c\u043d\u043e\u0435 \u043e\u0431\u043e\u0440\u0443\u0434\u043e\u0432\u0430\u043d\u0438\u0435:<\/p>\n<p>\u041e\u043f\u043e\u0440\u043d\u044b\u0435 \u043a\u043e\u043b\u0435\u0441\u0430 \u0438\u043b\u0438 \u043b\u044b\u0436\u043d\u044b\u0435 \u043f\u043b\u0430\u0441\u0442\u0438\u043d\u044b &#8212; 220 \u0435\u0432\u0440\u043e + \u041d\u0414\u0421;<\/p>\n<p>\u0411\u043e\u043a\u043e\u0432\u0430\u044f \u0437\u0430\u0449\u0438\u0442\u0430 \u0438\u0437 \u043f\u043e\u043b\u0438\u0443\u0440\u0435\u0442\u0430\u043d\u0430 &#8212; 350 \u0435\u0432\u0440\u043e + \u041d\u0414\u0421;<\/p>\n<p>\u041f\u043e\u043b\u043e\u0442\u043d\u043e \u0441\u0442\u0430\u043b\u044c\u043d\u043e\u0435 HB500 \u2013 120 \u0435\u0432\u0440\u043e\/\u043c + \u041d\u0414\u0421;<\/p>\n<p>\u041f\u043e\u043b\u0438\u0443\u0440\u0435\u0442\u0430\u043d\u043e\u0432\u043e\u0435 \u043f\u043e\u043b\u043e\u0442\u043d\u043e &#8212; 160 \u0435\u0432\u0440\u043e\/\u043c + \u041d\u0414\u0421;<\/p>\n<p>\u0413\u0438\u0434\u0440\u043e\u0430\u043a\u043a\u0443\u043c\u0443\u043b\u044f\u0442\u043e\u0440 &#8212; 350 \u0435\u0432\u0440\u043e + \u041d\u0414\u0421.<\/p>\n","protected":false,"raw":"\u0428\u0438\u0440\u0438\u043d\u0430 1,47 \u043c.\r\n\r\n\u0412\u044b\u0441\u043e\u0442\u0430 0,7 \u043c.\r\n\r\n\u0412\u0435\u0441 155 \u043a\u0433.\r\n\r\n\u0414\u043e\u043f\u043e\u043b\u043d\u0438\u0442\u0435\u043b\u044c\u043d\u043e\u0435 \u043e\u0431\u043e\u0440\u0443\u0434\u043e\u0432\u0430\u043d\u0438\u0435:\r\n\r\n\u041e\u043f\u043e\u0440\u043d\u044b\u0435 \u043a\u043e\u043b\u0435\u0441\u0430 \u0438\u043b\u0438 \u043b\u044b\u0436\u043d\u044b\u0435 \u043f\u043b\u0430\u0441\u0442\u0438\u043d\u044b - 220 \u0435\u0432\u0440\u043e + \u041d\u0414\u0421;\r\n\r\n\u0411\u043e\u043a\u043e\u0432\u0430\u044f \u0437\u0430\u0449\u0438\u0442\u0430 \u0438\u0437 \u043f\u043e\u043b\u0438\u0443\u0440\u0435\u0442\u0430\u043d\u0430 - 350 \u0435\u0432\u0440\u043e + \u041d\u0414\u0421;\r\n\r\n\u041f\u043e\u043b\u043e\u0442\u043d\u043e \u0441\u0442\u0430\u043b\u044c\u043d\u043e\u0435 HB500 \u2013 120 \u0435\u0432\u0440\u043e\/\u043c + \u041d\u0414\u0421;\r\n\r\n\u041f\u043e\u043b\u0438\u0443\u0440\u0435\u0442\u0430\u043d\u043e\u0432\u043e\u0435 \u043f\u043e\u043b\u043e\u0442\u043d\u043e - 160 \u0435\u0432\u0440\u043e\/\u043c + \u041d\u0414\u0421;\r\n\r\n\u0413\u0438\u0434\u0440\u043e\u0430\u043a\u043a\u0443\u043c\u0443\u043b\u044f\u0442\u043e\u0440 - 350 \u0435\u0432\u0440\u043e + \u041d\u0414\u0421."},"featured_media":738,"template":"","meta":{"_lt_post_content":"\u0160is sniego peilis skirtas ma\u017eiems traktoriams ir mini krautuvams. D\u0117l savo lengvos ir patvarios konstrukcijos jis naudojamas ma\u017eos galios ma\u0161inose. Jis leid\u017eia pa\u0161alinti snieg\u0105\u00a0 nuo sunkiau pasiekiam\u0173, siauresni\u0173 viet\u0173 pvz. \u0161aligatvi\u0173.\r\n\r\nPeili\u0173 pasukimo kampas reguliuojamas i\u0161 kabinos.\r\n\r\nPrie valytuv\u0173 \u0161on\u0173 pritaisyti \u017eibintai, tod\u0117l darbus nesunkiai galima atlikti ir tamsiu paros metu.\r\n\r\nKaina nurodyta su pristatymu Lietuvoje.\r\nSuteikiamos garantijos.","_lt_post_name":"sniego-valytuvas-v-maziems-krautuvams-ps147m","_lt_post_excerpt":"Plotis\u00a0 1,47 m.\r\n\r\nAuk\u0161tis 0,7 m.\r\n\r\nSvoris 155 kg.\r\n\r\n<strong>Papildoma \u012franga:<\/strong>\r\n\r\nAtraminiai ratukai arba slidimo l\u0117k\u0161tut\u0117s \u2013 220 eur + PVM;\r\n\r\n\u0160onin\u0117s poliuretano apsaugos \u2013 350 eur + PVM;\r\n\r\nPlieninis peiliukas HB500 \u2013 120 eur\/m + PVM;\r\n\r\nPoliuretano peiliukas \u2013 160 eur\/m + PVM;\r\n\r\nHidroakumuliatorius \u2013 350 eur + PVM.","_lt_post_title":"Sniego valytuvas V ma\u017eiems krautuvams PS147M","_en_post_content":"This snow blade is designed for small tractors and skid steer loaders. Due to its lightweight and durable construction, it is used in low-power machines. It allows you to remove snow from hard-to-reach, narrow places, such as sidewalks.\r\n\r\nThe angle of rotation of the blades is adjustable from the cabin.\r\n\r\nLights are attached to the sides of the wipers, so work can be easily done even in the dark.\r\n\r\nThe price is indicated with delivery in Lithuania.\r\n\r\nGuarantees are provided.","_en_post_name":"sniego-valytuvas-v-maziems-krautuvams-ps147m","_en_post_excerpt":"Width 1,47 m.\r\n\r\nHeight 0.7 m.\r\n\r\nWeight 155 kg.\r\n\r\nAdditional equipment:\r\n\r\nSupport wheels or SLIDES \u2013 220 eur + VAT;\r\n\r\nSide polyurethane protectors \u2013 350 eur + VAT;\r\n\r\nSteel blade HB500 \u2013 120 eur\/m + VAT;\r\n\r\nPolyurethane blade \u2013 160 eur\/m + VAT;\r\n\r\nHydroaccumulators \u2013 350 eur + VAT.","_en_post_title":"SNOW PLOW -V SHAPE - FOR SMALL TRACTORS PS147M","_ru_post_content":"\u042d\u0442\u043e\u0442 \u0441\u043d\u0435\u0433\u043e\u043e\u0447\u0438\u0441\u0442\u0438\u0442\u0435\u043b\u044c \u043f\u0440\u0435\u0434\u043d\u0430\u0437\u043d\u0430\u0447\u0435\u043d \u0434\u043b\u044f \u043d\u0435\u0431\u043e\u043b\u044c\u0448\u0438\u0445 \u0442\u0440\u0430\u043a\u0442\u043e\u0440\u043e\u0432 \u0438 \u043c\u0438\u043d\u0438-\u043f\u043e\u0433\u0440\u0443\u0437\u0447\u0438\u043a\u043e\u0432. \u0411\u043b\u0430\u0433\u043e\u0434\u0430\u0440\u044f \u043b\u0435\u0433\u043a\u043e\u0439 \u0438 \u043f\u0440\u043e\u0447\u043d\u043e\u0439 \u043a\u043e\u043d\u0441\u0442\u0440\u0443\u043a\u0446\u0438\u0438 \u043f\u0440\u0438\u043c\u0435\u043d\u044f\u0435\u0442\u0441\u044f \u0432 \u043c\u0430\u0448\u0438\u043d\u0430\u0445 \u043c\u0430\u043b\u043e\u0439 \u043c\u043e\u0449\u043d\u043e\u0441\u0442\u0438. \u041f\u043e\u0437\u0432\u043e\u043b\u044f\u0435\u0442 \u0443\u0431\u0438\u0440\u0430\u0442\u044c \u0441\u043d\u0435\u0433 \u0438\u0437 \u0442\u0440\u0443\u0434\u043d\u043e\u0434\u043e\u0441\u0442\u0443\u043f\u043d\u044b\u0445, \u0443\u0437\u043a\u0438\u0445 \u043c\u0435\u0441\u0442, \u043d\u0430\u043f\u0440. \u0442\u0440\u043e\u0442\u0443\u0430\u0440\u044b.\r\n\r\n\u0423\u0433\u043e\u043b \u043f\u043e\u0432\u043e\u0440\u043e\u0442\u0430 \u043d\u043e\u0436\u0435\u0439 \u0440\u0435\u0433\u0443\u043b\u0438\u0440\u0443\u0435\u0442\u0441\u044f \u0438\u0437 \u043a\u0430\u0431\u0438\u043d\u044b.\r\n\r\n\u041f\u043e \u0431\u043e\u043a\u0430\u043c \u0434\u0432\u043e\u0440\u043d\u0438\u043a\u043e\u0432 \u043f\u0440\u0438\u043a\u0440\u0435\u043f\u043b\u0435\u043d\u044b \u0444\u043e\u043d\u0430\u0440\u0438, \u043f\u043e\u044d\u0442\u043e\u043c\u0443 \u0440\u0430\u0431\u043e\u0442\u0443 \u043c\u043e\u0436\u043d\u043e \u043b\u0435\u0433\u043a\u043e \u0432\u044b\u043f\u043e\u043b\u043d\u0438\u0442\u044c \u0434\u0430\u0436\u0435 \u0432 \u0442\u0435\u043c\u043d\u043e\u0442\u0435.\r\n\r\n\u0426\u0435\u043d\u0430 \u0443\u043a\u0430\u0437\u0430\u043d\u0430 \u0441 \u0434\u043e\u0441\u0442\u0430\u0432\u043a\u043e\u0439 \u043f\u043e \u041b\u0438\u0442\u0432\u0435.\r\n\u0413\u0430\u0440\u0430\u043d\u0442\u0438\u0438 \u043f\u0440\u0435\u0434\u043e\u0441\u0442\u0430\u0432\u043b\u044f\u044e\u0442\u0441\u044f.","_ru_post_name":"sniego-valytuvas-v-maziems-krautuvams-ps147m","_ru_post_excerpt":"\u0428\u0438\u0440\u0438\u043d\u0430 1,47 \u043c.\r\n\r\n\u0412\u044b\u0441\u043e\u0442\u0430 0,7 \u043c.\r\n\r\n\u0412\u0435\u0441 155 \u043a\u0433.\r\n\r\n\u0414\u043e\u043f\u043e\u043b\u043d\u0438\u0442\u0435\u043b\u044c\u043d\u043e\u0435 \u043e\u0431\u043e\u0440\u0443\u0434\u043e\u0432\u0430\u043d\u0438\u0435:\r\n\r\n\u041e\u043f\u043e\u0440\u043d\u044b\u0435 \u043a\u043e\u043b\u0435\u0441\u0430 \u0438\u043b\u0438 \u043b\u044b\u0436\u043d\u044b\u0435 \u043f\u043b\u0430\u0441\u0442\u0438\u043d\u044b - 220 \u0435\u0432\u0440\u043e + \u041d\u0414\u0421;\r\n\r\n\u0411\u043e\u043a\u043e\u0432\u0430\u044f \u0437\u0430\u0449\u0438\u0442\u0430 \u0438\u0437 \u043f\u043e\u043b\u0438\u0443\u0440\u0435\u0442\u0430\u043d\u0430 - 350 \u0435\u0432\u0440\u043e + \u041d\u0414\u0421;\r\n\r\n\u041f\u043e\u043b\u043e\u0442\u043d\u043e \u0441\u0442\u0430\u043b\u044c\u043d\u043e\u0435 HB500 \u2013 120 \u0435\u0432\u0440\u043e\/\u043c + \u041d\u0414\u0421;\r\n\r\n\u041f\u043e\u043b\u0438\u0443\u0440\u0435\u0442\u0430\u043d\u043e\u0432\u043e\u0435 \u043f\u043e\u043b\u043e\u0442\u043d\u043e - 160 \u0435\u0432\u0440\u043e\/\u043c + \u041d\u0414\u0421;\r\n\r\n\u0413\u0438\u0434\u0440\u043e\u0430\u043a\u043a\u0443\u043c\u0443\u043b\u044f\u0442\u043e\u0440 - 350 \u0435\u0432\u0440\u043e + \u041d\u0414\u0421.","_ru_post_title":"\u0421\u043d\u0435\u0433\u043e\u0443\u0431\u043e\u0440\u0449\u0438\u043a V-\u043e\u0431\u0440\u0430\u0437\u043d\u044b\u0439 PS147M","edit_language":"ru"},"product_brand":[],"product_cat":[56],"product_tag":[452,107,108,444],"class_list":{"0":"post-1766","1":"product","2":"type-product","3":"status-publish","4":"has-post-thumbnail","6":"product_cat-sniego-valytuvas-v-formos-maziems-krautuvams","7":"product_tag-ps147m","8":"product_tag-sniego-peilis","9":"product_tag-sniego-valytuvas","10":"product_tag-snow-plow","12":"first","13":"instock","14":"taxable","15":"shipping-taxable","16":"purchasable","17":"product-type-simple"},"_links":{"self":[{"href":"https:\/\/tech-nika.lt\/ru\/wp-json\/wp\/v2\/product\/1766","targetHints":{"allow":["GET"]}}],"collection":[{"href":"https:\/\/tech-nika.lt\/ru\/wp-json\/wp\/v2\/product"}],"about":[{"href":"https:\/\/tech-nika.lt\/ru\/wp-json\/wp\/v2\/types\/product"}],"wp:featuredmedia":[{"embeddable":true,"href":"https:\/\/tech-nika.lt\/ru\/wp-json\/wp\/v2\/media\/738"}],"wp:attachment":[{"href":"https:\/\/tech-nika.lt\/ru\/wp-json\/wp\/v2\/media?parent=1766"}],"wp:term":[{"taxonomy":"product_brand","embeddable":true,"href":"https:\/\/tech-nika.lt\/ru\/wp-json\/wp\/v2\/product_brand?post=1766"},{"taxonomy":"product_cat","embeddable":true,"href":"https:\/\/tech-nika.lt\/ru\/wp-json\/wp\/v2\/product_cat?post=1766"},{"taxonomy":"product_tag","embeddable":true,"href":"https:\/\/tech-nika.lt\/ru\/wp-json\/wp\/v2\/product_tag?post=1766"}],"curies":[{"name":"wp","href":"https:\/\/api.w.org\/{rel}","templated":true}]}}