{"id":287,"date":"2019-01-22T05:05:25","date_gmt":"2019-01-22T07:05:25","guid":{"rendered":"https:\/\/tech-nika.lt\/product\/\/"},"modified":"2025-01-10T05:57:05","modified_gmt":"2025-01-10T07:57:05","slug":"betono-maisykles-mt-120-120-cm-0494-cm3-turio","status":"publish","type":"product","link":"https:\/\/tech-nika.lt\/ru\/product\/betono-maisykles-mt-120-120-cm-0494-cm3-turio\/","title":{"rendered":"","raw":""},"content":{"rendered":"<p>\u0411\u0435\u0442\u043e\u043d\u043e\u043c\u0435\u0448\u0430\u043b\u043a\u0430 \u043e\u0441\u043e\u0431\u043e \u043f\u0440\u043e\u0447\u043d\u043e\u0439 \u0438 \u043d\u0430\u0434\u0435\u0436\u043d\u043e\u0439 \u043a\u043e\u043d\u0441\u0442\u0440\u0443\u043a\u0446\u0438\u0438. \u0414\u043b\u044f \u0431\u0435\u0442\u043e\u043d\u043e\u0441\u043c\u0435\u0441\u0438\u0442\u0435\u043b\u044f \u0442\u0440\u0435\u0431\u0443\u0435\u0442\u0441\u044f \u0422\u041e\u041b\u042c\u041a\u041e \u043e\u0434\u043d\u0430 \u0440\u0430\u0431\u043e\u0447\u0430\u044f \u0433\u0438\u0434\u0440\u043e\u043b\u0438\u043d\u0438\u044f \u043e\u0442 \u0442\u0440\u0430\u043a\u0442\u043e\u0440\u0430 \u0438\u043b\u0438 \u043f\u043e\u0433\u0440\u0443\u0437\u0447\u0438\u043a\u0430, \u043a\u043e\u0442\u043e\u0440\u0430\u044f \u0432\u0440\u0430\u0449\u0430\u0435\u0442 \u0441\u043c\u0435\u0441\u0438\u0442\u0435\u043b\u044c\u043d\u044b\u0439 \u044d\u043b\u0435\u043c\u0435\u043d\u0442, \u0430 \u043a\u043b\u0430\u043f\u0430\u043d \u0432\u044b\u043f\u0443\u0441\u043a\u0430 \u0440\u0430\u0441\u0442\u0432\u043e\u0440\u0430 \u043e\u0442\u043a\u0440\u044b\u0432\u0430\u0435\u0442\u0441\u044f \u044d\u043b\u0435\u043a\u0442\u0440\u043e\u043c\u0430\u0433\u043d\u0438\u0442\u043d\u044b\u043c \u0441\u043f\u043e\u0441\u043e\u0431\u043e\u043c. \u0428\u043d\u0435\u043a \u0441\u043c\u0435\u0441\u0438\u0442\u0435\u043b\u044f \u0432\u0440\u0430\u0449\u0430\u0435\u0442\u0441\u044f \u0437\u0430 \u0441\u0447\u0435\u0442 \u0433\u0438\u0434\u0440\u0430\u0432\u043b\u0438\u0447\u0435\u0441\u043a\u043e\u0433\u043e \u043f\u0440\u0438\u0432\u043e\u0434\u0430. \u041f\u043e\u0434\u0448\u0438\u043f\u043d\u0438\u043a\u0438 \u0431\u0435\u0442\u043e\u043d\u043e\u0441\u043c\u0435\u0441\u0438\u0442\u0435\u043b\u044f \u0438\u043c\u0435\u044e\u0442 \u043e\u0442\u0434\u0435\u043b\u044c\u043d\u044b\u0435 \u0442\u043e\u0447\u043a\u0438 \u0441\u043c\u0430\u0437\u043a\u0438. \u041e\u0447\u0435\u043d\u044c \u0443\u0434\u043e\u0431\u043d\u043e\u0435 \u043f\u043e\u0434\u043a\u043b\u044e\u0447\u0435\u043d\u0438\u0435 \u0431\u0435\u0442\u043e\u043d\u043e\u0441\u043c\u0435\u0441\u0438\u0442\u0435\u043b\u044f \u043a \u043f\u043e\u0433\u0440\u0443\u0437\u0447\u0438\u043a\u0443\/\u0442\u0440\u0430\u043a\u0442\u043e\u0440\u0443, \u0447\u0442\u043e \u043f\u043e\u0437\u0432\u043e\u043b\u044f\u0435\u0442 \u0431\u044b\u0441\u0442\u0440\u043e \u0438 \u043b\u0435\u0433\u043a\u043e (\u0441 \u043f\u043e\u043c\u043e\u0449\u044c\u044e \u0432\u0438\u043d\u0442\u043e\u0432) \u0437\u0430\u043c\u0435\u043d\u0438\u0442\u044c \u0435\u0433\u043e \u0438 \u043f\u0440\u0438 \u043d\u0435\u043e\u0431\u0445\u043e\u0434\u0438\u043c\u043e\u0441\u0442\u0438 \u0430\u0434\u0430\u043f\u0442\u0438\u0440\u043e\u0432\u0430\u0442\u044c \u043f\u043e\u0434 \u0434\u0440\u0443\u0433\u0443\u044e \u043c\u043e\u0434\u0435\u043b\u044c \u043f\u043e\u0433\u0440\u0443\u0437\u0447\u0438\u043a\u0430 \u0438\u043b\u0438 \u0442\u0440\u0430\u043a\u0442\u043e\u0440\u0430.<\/p>\n<p>\u0411\u0435\u0442\u043e\u043d\u043e\u043c\u0435\u0448\u0430\u043b\u043a\u0430 \u0438\u0437\u0433\u043e\u0442\u043e\u0432\u043b\u0435\u043d\u0430 \u200b\u200b\u0438\u0437 \u0432\u044b\u0441\u043e\u043a\u043e\u043a\u0430\u0447\u0435\u0441\u0442\u0432\u0435\u043d\u043d\u043e\u0439 \u043b\u0438\u0441\u0442\u043e\u0432\u043e\u0439 \u0441\u0442\u0430\u043b\u0438:<br \/>\n\u0421\u043c\u0435\u0441\u0438\u0442\u0435\u043b\u044c\u043d\u044b\u0439 \u044d\u043b\u0435\u043c\u0435\u043d\u0442 \u0438\u0437\u0433\u043e\u0442\u043e\u0432\u043b\u0435\u043d \u0438\u0437 \u0438\u0437\u043d\u043e\u0441\u043e\u0441\u0442\u043e\u0439\u043a\u043e\u0439 \u0441\u0442\u0430\u043b\u0438, \u0442\u043e\u043b\u0449\u0438\u043d\u0430 &#8212; 12 \u043c\u043c.<br \/>\n\u0414\u043d\u043e\/\u0432\u0435\u0440\u0445 \u0441\u043c\u0435\u0441\u0438\u0442\u0435\u043b\u044f \u0438\u0437\u0433\u043e\u0442\u043e\u0432\u043b\u0435\u043d\u043e \u0438\u0437 \u043a\u043e\u043d\u0441\u0442\u0440\u0443\u043a\u0446\u0438\u043e\u043d\u043d\u043e\u0439 \u0441\u0442\u0430\u043b\u0438 \u0442\u043e\u043b\u0449\u0438\u043d\u043e\u0439 6 \u043c\u043c.<br \/>\n\u0411\u043e\u043a\u043e\u0432\u0438\u043d\u044b \u0441\u043c\u0435\u0441\u0438\u0442\u0435\u043b\u044f \u0438\u0437\u0433\u043e\u0442\u043e\u0432\u043b\u0435\u043d\u044b \u0438\u0437 \u043a\u043e\u043d\u0441\u0442\u0440\u0443\u043a\u0446\u0438\u043e\u043d\u043d\u043e\u0439 \u0441\u0442\u0430\u043b\u0438 \u0442\u043e\u043b\u0449\u0438\u043d\u043e\u0439 10 \u043c\u043c.<br \/>\n\u041b\u043e\u043f\u0430\u0441\u0442\u044c \u0441\u043c\u0435\u0441\u0438\u0442\u0435\u043b\u044f \u0438\u0437\u0433\u043e\u0442\u043e\u0432\u043b\u0435\u043d\u0430 \u200b\u200b\u0438\u0437 \u0438\u0437\u043d\u043e\u0441\u043e\u0441\u0442\u043e\u0439\u043a\u043e\u0439 \u0441\u0442\u0430\u043b\u0438 HARDOX.<\/p>\n<p><img loading=\"lazy\" decoding=\"async\" class=\"alignnone size-medium wp-image-1528\" src=\"https:\/\/tech-nika.lt\/wp-content\/uploads\/wymiary-mieszalnik-600x188.jpg\" alt=\"\" width=\"600\" height=\"188\" srcset=\"https:\/\/tech-nika.lt\/wp-content\/uploads\/wymiary-mieszalnik-600x188.jpg 600w, https:\/\/tech-nika.lt\/wp-content\/uploads\/wymiary-mieszalnik.jpg 754w\" sizes=\"auto, (max-width: 600px) 100vw, 600px\" \/><\/p>\n<p>\u0411\u0435\u0442\u043e\u043d\u043e\u043c\u0435\u0448\u0430\u043b\u043a\u0430 \u0432 \u0441\u0442\u0430\u043d\u0434\u0430\u0440\u0442\u043d\u043e\u0439 \u043a\u043e\u043c\u043f\u043b\u0435\u043a\u0442\u0430\u0446\u0438\u0438 \u043e\u0441\u043d\u0430\u0449\u0435\u043d\u0430 \u0440\u0430\u0437\u044a\u0435\u043c\u0430\u043c\u0438 \u0415\u0412\u0420\u041e, \u043d\u043e \u0432\u043e\u0437\u043c\u043e\u0436\u043d\u043e \u0438\u0437\u0433\u043e\u0442\u043e\u0432\u043b\u0435\u043d\u0438\u0435 \u0440\u0430\u0437\u044a\u0435\u043c\u0430 \u0434\u043b\u044f \u0432\u0441\u0435\u0445 \u043c\u043e\u0434\u0435\u043b\u0435\u0439 \u0434\u0440\u0443\u0433\u0438\u0445 \u043f\u0440\u043e\u0438\u0437\u0432\u043e\u0434\u0438\u0442\u0435\u043b\u0435\u0439 \u043f\u043e\u0433\u0440\u0443\u0437\u0447\u0438\u043a\u043e\u0432 \u0438\u043b\u0438 \u0442\u0440\u0430\u043a\u0442\u043e\u0440\u043e\u0432. \u042d\u0442\u043e\u0442 \u043c\u0438\u043a\u0441\u0435\u0440 \u0442\u0430\u043a\u0436\u0435 \u043f\u043e\u0434\u0445\u043e\u0434\u0438\u0442 \u0434\u043b\u044f \u0442\u0435\u043b\u0435\u0441\u043a\u043e\u043f\u0438\u0447\u0435\u0441\u043a\u0438\u0445 \u043f\u043e\u0433\u0440\u0443\u0437\u0447\u0438\u043a\u043e\u0432.<\/p>\n","protected":false,"raw":"\u0411\u0435\u0442\u043e\u043d\u043e\u043c\u0435\u0448\u0430\u043b\u043a\u0430 \u043e\u0441\u043e\u0431\u043e \u043f\u0440\u043e\u0447\u043d\u043e\u0439 \u0438 \u043d\u0430\u0434\u0435\u0436\u043d\u043e\u0439 \u043a\u043e\u043d\u0441\u0442\u0440\u0443\u043a\u0446\u0438\u0438. \u0414\u043b\u044f \u0431\u0435\u0442\u043e\u043d\u043e\u0441\u043c\u0435\u0441\u0438\u0442\u0435\u043b\u044f \u0442\u0440\u0435\u0431\u0443\u0435\u0442\u0441\u044f \u0422\u041e\u041b\u042c\u041a\u041e \u043e\u0434\u043d\u0430 \u0440\u0430\u0431\u043e\u0447\u0430\u044f \u0433\u0438\u0434\u0440\u043e\u043b\u0438\u043d\u0438\u044f \u043e\u0442 \u0442\u0440\u0430\u043a\u0442\u043e\u0440\u0430 \u0438\u043b\u0438 \u043f\u043e\u0433\u0440\u0443\u0437\u0447\u0438\u043a\u0430, \u043a\u043e\u0442\u043e\u0440\u0430\u044f \u0432\u0440\u0430\u0449\u0430\u0435\u0442 \u0441\u043c\u0435\u0441\u0438\u0442\u0435\u043b\u044c\u043d\u044b\u0439 \u044d\u043b\u0435\u043c\u0435\u043d\u0442, \u0430 \u043a\u043b\u0430\u043f\u0430\u043d \u0432\u044b\u043f\u0443\u0441\u043a\u0430 \u0440\u0430\u0441\u0442\u0432\u043e\u0440\u0430 \u043e\u0442\u043a\u0440\u044b\u0432\u0430\u0435\u0442\u0441\u044f \u044d\u043b\u0435\u043a\u0442\u0440\u043e\u043c\u0430\u0433\u043d\u0438\u0442\u043d\u044b\u043c \u0441\u043f\u043e\u0441\u043e\u0431\u043e\u043c. \u0428\u043d\u0435\u043a \u0441\u043c\u0435\u0441\u0438\u0442\u0435\u043b\u044f \u0432\u0440\u0430\u0449\u0430\u0435\u0442\u0441\u044f \u0437\u0430 \u0441\u0447\u0435\u0442 \u0433\u0438\u0434\u0440\u0430\u0432\u043b\u0438\u0447\u0435\u0441\u043a\u043e\u0433\u043e \u043f\u0440\u0438\u0432\u043e\u0434\u0430. \u041f\u043e\u0434\u0448\u0438\u043f\u043d\u0438\u043a\u0438 \u0431\u0435\u0442\u043e\u043d\u043e\u0441\u043c\u0435\u0441\u0438\u0442\u0435\u043b\u044f \u0438\u043c\u0435\u044e\u0442 \u043e\u0442\u0434\u0435\u043b\u044c\u043d\u044b\u0435 \u0442\u043e\u0447\u043a\u0438 \u0441\u043c\u0430\u0437\u043a\u0438. \u041e\u0447\u0435\u043d\u044c \u0443\u0434\u043e\u0431\u043d\u043e\u0435 \u043f\u043e\u0434\u043a\u043b\u044e\u0447\u0435\u043d\u0438\u0435 \u0431\u0435\u0442\u043e\u043d\u043e\u0441\u043c\u0435\u0441\u0438\u0442\u0435\u043b\u044f \u043a \u043f\u043e\u0433\u0440\u0443\u0437\u0447\u0438\u043a\u0443\/\u0442\u0440\u0430\u043a\u0442\u043e\u0440\u0443, \u0447\u0442\u043e \u043f\u043e\u0437\u0432\u043e\u043b\u044f\u0435\u0442 \u0431\u044b\u0441\u0442\u0440\u043e \u0438 \u043b\u0435\u0433\u043a\u043e (\u0441 \u043f\u043e\u043c\u043e\u0449\u044c\u044e \u0432\u0438\u043d\u0442\u043e\u0432) \u0437\u0430\u043c\u0435\u043d\u0438\u0442\u044c \u0435\u0433\u043e \u0438 \u043f\u0440\u0438 \u043d\u0435\u043e\u0431\u0445\u043e\u0434\u0438\u043c\u043e\u0441\u0442\u0438 \u0430\u0434\u0430\u043f\u0442\u0438\u0440\u043e\u0432\u0430\u0442\u044c \u043f\u043e\u0434 \u0434\u0440\u0443\u0433\u0443\u044e \u043c\u043e\u0434\u0435\u043b\u044c \u043f\u043e\u0433\u0440\u0443\u0437\u0447\u0438\u043a\u0430 \u0438\u043b\u0438 \u0442\u0440\u0430\u043a\u0442\u043e\u0440\u0430.\r\n\r\n\u0411\u0435\u0442\u043e\u043d\u043e\u043c\u0435\u0448\u0430\u043b\u043a\u0430 \u0438\u0437\u0433\u043e\u0442\u043e\u0432\u043b\u0435\u043d\u0430 \u200b\u200b\u0438\u0437 \u0432\u044b\u0441\u043e\u043a\u043e\u043a\u0430\u0447\u0435\u0441\u0442\u0432\u0435\u043d\u043d\u043e\u0439 \u043b\u0438\u0441\u0442\u043e\u0432\u043e\u0439 \u0441\u0442\u0430\u043b\u0438:\r\n\u0421\u043c\u0435\u0441\u0438\u0442\u0435\u043b\u044c\u043d\u044b\u0439 \u044d\u043b\u0435\u043c\u0435\u043d\u0442 \u0438\u0437\u0433\u043e\u0442\u043e\u0432\u043b\u0435\u043d \u0438\u0437 \u0438\u0437\u043d\u043e\u0441\u043e\u0441\u0442\u043e\u0439\u043a\u043e\u0439 \u0441\u0442\u0430\u043b\u0438, \u0442\u043e\u043b\u0449\u0438\u043d\u0430 - 12 \u043c\u043c.\r\n\u0414\u043d\u043e\/\u0432\u0435\u0440\u0445 \u0441\u043c\u0435\u0441\u0438\u0442\u0435\u043b\u044f \u0438\u0437\u0433\u043e\u0442\u043e\u0432\u043b\u0435\u043d\u043e \u0438\u0437 \u043a\u043e\u043d\u0441\u0442\u0440\u0443\u043a\u0446\u0438\u043e\u043d\u043d\u043e\u0439 \u0441\u0442\u0430\u043b\u0438 \u0442\u043e\u043b\u0449\u0438\u043d\u043e\u0439 6 \u043c\u043c.\r\n\u0411\u043e\u043a\u043e\u0432\u0438\u043d\u044b \u0441\u043c\u0435\u0441\u0438\u0442\u0435\u043b\u044f \u0438\u0437\u0433\u043e\u0442\u043e\u0432\u043b\u0435\u043d\u044b \u0438\u0437 \u043a\u043e\u043d\u0441\u0442\u0440\u0443\u043a\u0446\u0438\u043e\u043d\u043d\u043e\u0439 \u0441\u0442\u0430\u043b\u0438 \u0442\u043e\u043b\u0449\u0438\u043d\u043e\u0439 10 \u043c\u043c.\r\n\u041b\u043e\u043f\u0430\u0441\u0442\u044c \u0441\u043c\u0435\u0441\u0438\u0442\u0435\u043b\u044f \u0438\u0437\u0433\u043e\u0442\u043e\u0432\u043b\u0435\u043d\u0430 \u200b\u200b\u0438\u0437 \u0438\u0437\u043d\u043e\u0441\u043e\u0441\u0442\u043e\u0439\u043a\u043e\u0439 \u0441\u0442\u0430\u043b\u0438 HARDOX.\r\n\r\n<img class=\"alignnone size-medium wp-image-1528\" src=\"https:\/\/tech-nika.lt\/wp-content\/uploads\/wymiary-mieszalnik-600x188.jpg\" alt=\"\" width=\"600\" height=\"188\" \/>\r\n\r\n\u0411\u0435\u0442\u043e\u043d\u043e\u043c\u0435\u0448\u0430\u043b\u043a\u0430 \u0432 \u0441\u0442\u0430\u043d\u0434\u0430\u0440\u0442\u043d\u043e\u0439 \u043a\u043e\u043c\u043f\u043b\u0435\u043a\u0442\u0430\u0446\u0438\u0438 \u043e\u0441\u043d\u0430\u0449\u0435\u043d\u0430 \u0440\u0430\u0437\u044a\u0435\u043c\u0430\u043c\u0438 \u0415\u0412\u0420\u041e, \u043d\u043e \u0432\u043e\u0437\u043c\u043e\u0436\u043d\u043e \u0438\u0437\u0433\u043e\u0442\u043e\u0432\u043b\u0435\u043d\u0438\u0435 \u0440\u0430\u0437\u044a\u0435\u043c\u0430 \u0434\u043b\u044f \u0432\u0441\u0435\u0445 \u043c\u043e\u0434\u0435\u043b\u0435\u0439 \u0434\u0440\u0443\u0433\u0438\u0445 \u043f\u0440\u043e\u0438\u0437\u0432\u043e\u0434\u0438\u0442\u0435\u043b\u0435\u0439 \u043f\u043e\u0433\u0440\u0443\u0437\u0447\u0438\u043a\u043e\u0432 \u0438\u043b\u0438 \u0442\u0440\u0430\u043a\u0442\u043e\u0440\u043e\u0432. \u042d\u0442\u043e\u0442 \u043c\u0438\u043a\u0441\u0435\u0440 \u0442\u0430\u043a\u0436\u0435 \u043f\u043e\u0434\u0445\u043e\u0434\u0438\u0442 \u0434\u043b\u044f \u0442\u0435\u043b\u0435\u0441\u043a\u043e\u043f\u0438\u0447\u0435\u0441\u043a\u0438\u0445 \u043f\u043e\u0433\u0440\u0443\u0437\u0447\u0438\u043a\u043e\u0432."},"excerpt":{"rendered":"","protected":false,"raw":""},"featured_media":194,"template":"","meta":{"_lt_post_content":"Ypa\u010d tvirta ir patikimos konstrukcijos betono mai\u0161ykl\u0117. Betono mai\u0161ykl\u0117s valdymui reikalinga TIK viena traktoriaus ar krautuvo darbin\u0117 hidraulin\u0117 linija kuri suka mai\u0161ymo element\u0105, o skiedinio i\u0161pylimo sklend\u0117 yra atidaroma elektromagnetiniu b\u016bdu. Mai\u0161ykl\u0117s sraigt\u0105 suka hidraulin\u0117 pavara. Betono mai\u0161ykl\u0117s guoliai turi atskirus tepimo ta\u0161kus. Labai patogi betono mai\u0161ykl\u0117s jungtis prie krautuvo\/traktoriaus, kuri leid\u017eia greitai ir lengvai (var\u017et\u0173 pagalba), j\u0105 pakeisti ir esant reikalui pritaikyti kito modelio krautuvui ar traktoriui.\r\n\r\nBetono mai\u0161ykl\u0117 pagaminta i\u0161 auk\u0161tos kokyb\u0117s lak\u0161tinio plieno:\r\nMai\u0161ymo elementas pagamintas i\u0161 atsparaus dilimui plieno, storis \u2013 12 mm\r\nMai\u0161ykl\u0117s apa\u010dia\/vir\u0161us pagamintas i\u0161 konstrukcinio plieno, storis - 6 mm\r\nMai\u0161ykl\u0117s \u0161onai pagaminti i\u0161 10 mm storio konstrukcinio plieno\r\nMai\u0161ykl\u0117s s\u0117mimo peilis yra pagamintas i\u0161 atsparaus dilimui HARDOX plieno.\r\n\r\n<img class=\"alignnone size-medium wp-image-1528\" src=\"https:\/\/tech-nika.lt\/wp-content\/uploads\/wymiary-mieszalnik-600x188.jpg\" alt=\"\" width=\"600\" height=\"188\" \/>\r\n\r\nBetono mai\u0161ykl\u0117 standarti\u0161kai komplektuojama su EURO jungtimis, bet yra galimyb\u0117 jungt\u012f pagaminti prie vis\u0173 kit\u0173 krautuv\u0173 ar traktori\u0173 gamintoj\u0173 modeli\u0173. \u0160i mai\u0161ykl\u0117 yra tinkama ir teleskopiniams krautuvams.\r\n\r\n[embed]http:\/\/www.youtube.com\/watch?v=3GJvCsUoOAs[\/embed]","_lt_post_name":"betono-maisykles-mt-120-120-cm-0494-cm3-turio","_lt_post_excerpt":"Bendras plotis 154 cm;\r\nDarbinis plotis - 120 cm;\r\nT\u016bris - 0,494 m3;\r\nHidraulinis variklis 100\/125;\r\nSvoris - 500 kg.\r\n\r\nMai\u0161yklei suteikiama 12 m\u0117nesi\u0173 garantija.\r\nKaina nurodyta su pristatymu Lietuvoje.","_lt_post_title":"Betono mai\u0161ykl\u0117 MT-120 cm, 0,494 m3 t\u016brio","_en_post_content":"A concrete mixer with a particularly strong and reliable construction. The concrete mixer requires ONLY one working hydraulic line from the tractor or loader that rotates the mixing element, and the mortar discharge valve is opened electromagnetically. The mixer screw is rotated by a hydraulic drive. Concrete mixer bearings have separate lubrication points. A very convenient connection of the concrete mixer to the loader\/tractor, which allows you to quickly and easily (with the help of screws) change it and, if necessary, adapt it to another model of loader or tractor.\r\n\r\nThe concrete mixer is made of high-quality sheet steel:\r\nThe mixing element is made of wear-resistant steel, thickness - 12 mm\r\nThe bottom\/top of the mixer is made of structural steel, thickness - 6 mm\r\nThe sides of the mixer are made of 10 mm thick structural steel\r\nThe mixing blade is made of wear-resistant HARDOX steel.\r\n\r\n<img class=\"alignnone size-medium wp-image-1528\" src=\"https:\/\/tech-nika.lt\/wp-content\/uploads\/wymiary-mieszalnik-600x188.jpg\" alt=\"\" width=\"600\" height=\"188\" \/>\r\n\r\nThe concrete mixer is equipped with EURO connectors as standard, but it is possible to make the connector for all models of other loaders or tractor manufacturers. This mixer is also suitable for telescopic handlers.","_en_post_name":"betono-maisykles-mt-120-120-cm-0494-cm3-turio","_en_post_excerpt":"","_en_post_title":"","_ru_post_content":"\u0411\u0435\u0442\u043e\u043d\u043e\u043c\u0435\u0448\u0430\u043b\u043a\u0430 \u043e\u0441\u043e\u0431\u043e \u043f\u0440\u043e\u0447\u043d\u043e\u0439 \u0438 \u043d\u0430\u0434\u0435\u0436\u043d\u043e\u0439 \u043a\u043e\u043d\u0441\u0442\u0440\u0443\u043a\u0446\u0438\u0438. \u0414\u043b\u044f \u0431\u0435\u0442\u043e\u043d\u043e\u0441\u043c\u0435\u0441\u0438\u0442\u0435\u043b\u044f \u0442\u0440\u0435\u0431\u0443\u0435\u0442\u0441\u044f \u0422\u041e\u041b\u042c\u041a\u041e \u043e\u0434\u043d\u0430 \u0440\u0430\u0431\u043e\u0447\u0430\u044f \u0433\u0438\u0434\u0440\u043e\u043b\u0438\u043d\u0438\u044f \u043e\u0442 \u0442\u0440\u0430\u043a\u0442\u043e\u0440\u0430 \u0438\u043b\u0438 \u043f\u043e\u0433\u0440\u0443\u0437\u0447\u0438\u043a\u0430, \u043a\u043e\u0442\u043e\u0440\u0430\u044f \u0432\u0440\u0430\u0449\u0430\u0435\u0442 \u0441\u043c\u0435\u0441\u0438\u0442\u0435\u043b\u044c\u043d\u044b\u0439 \u044d\u043b\u0435\u043c\u0435\u043d\u0442, \u0430 \u043a\u043b\u0430\u043f\u0430\u043d \u0432\u044b\u043f\u0443\u0441\u043a\u0430 \u0440\u0430\u0441\u0442\u0432\u043e\u0440\u0430 \u043e\u0442\u043a\u0440\u044b\u0432\u0430\u0435\u0442\u0441\u044f \u044d\u043b\u0435\u043a\u0442\u0440\u043e\u043c\u0430\u0433\u043d\u0438\u0442\u043d\u044b\u043c \u0441\u043f\u043e\u0441\u043e\u0431\u043e\u043c. \u0428\u043d\u0435\u043a \u0441\u043c\u0435\u0441\u0438\u0442\u0435\u043b\u044f \u0432\u0440\u0430\u0449\u0430\u0435\u0442\u0441\u044f \u0437\u0430 \u0441\u0447\u0435\u0442 \u0433\u0438\u0434\u0440\u0430\u0432\u043b\u0438\u0447\u0435\u0441\u043a\u043e\u0433\u043e \u043f\u0440\u0438\u0432\u043e\u0434\u0430. \u041f\u043e\u0434\u0448\u0438\u043f\u043d\u0438\u043a\u0438 \u0431\u0435\u0442\u043e\u043d\u043e\u0441\u043c\u0435\u0441\u0438\u0442\u0435\u043b\u044f \u0438\u043c\u0435\u044e\u0442 \u043e\u0442\u0434\u0435\u043b\u044c\u043d\u044b\u0435 \u0442\u043e\u0447\u043a\u0438 \u0441\u043c\u0430\u0437\u043a\u0438. \u041e\u0447\u0435\u043d\u044c \u0443\u0434\u043e\u0431\u043d\u043e\u0435 \u043f\u043e\u0434\u043a\u043b\u044e\u0447\u0435\u043d\u0438\u0435 \u0431\u0435\u0442\u043e\u043d\u043e\u0441\u043c\u0435\u0441\u0438\u0442\u0435\u043b\u044f \u043a \u043f\u043e\u0433\u0440\u0443\u0437\u0447\u0438\u043a\u0443\/\u0442\u0440\u0430\u043a\u0442\u043e\u0440\u0443, \u0447\u0442\u043e \u043f\u043e\u0437\u0432\u043e\u043b\u044f\u0435\u0442 \u0431\u044b\u0441\u0442\u0440\u043e \u0438 \u043b\u0435\u0433\u043a\u043e (\u0441 \u043f\u043e\u043c\u043e\u0449\u044c\u044e \u0432\u0438\u043d\u0442\u043e\u0432) \u0437\u0430\u043c\u0435\u043d\u0438\u0442\u044c \u0435\u0433\u043e \u0438 \u043f\u0440\u0438 \u043d\u0435\u043e\u0431\u0445\u043e\u0434\u0438\u043c\u043e\u0441\u0442\u0438 \u0430\u0434\u0430\u043f\u0442\u0438\u0440\u043e\u0432\u0430\u0442\u044c \u043f\u043e\u0434 \u0434\u0440\u0443\u0433\u0443\u044e \u043c\u043e\u0434\u0435\u043b\u044c \u043f\u043e\u0433\u0440\u0443\u0437\u0447\u0438\u043a\u0430 \u0438\u043b\u0438 \u0442\u0440\u0430\u043a\u0442\u043e\u0440\u0430.\r\n\r\n\u0411\u0435\u0442\u043e\u043d\u043e\u043c\u0435\u0448\u0430\u043b\u043a\u0430 \u0438\u0437\u0433\u043e\u0442\u043e\u0432\u043b\u0435\u043d\u0430 \u200b\u200b\u0438\u0437 \u0432\u044b\u0441\u043e\u043a\u043e\u043a\u0430\u0447\u0435\u0441\u0442\u0432\u0435\u043d\u043d\u043e\u0439 \u043b\u0438\u0441\u0442\u043e\u0432\u043e\u0439 \u0441\u0442\u0430\u043b\u0438:\r\n\u0421\u043c\u0435\u0441\u0438\u0442\u0435\u043b\u044c\u043d\u044b\u0439 \u044d\u043b\u0435\u043c\u0435\u043d\u0442 \u0438\u0437\u0433\u043e\u0442\u043e\u0432\u043b\u0435\u043d \u0438\u0437 \u0438\u0437\u043d\u043e\u0441\u043e\u0441\u0442\u043e\u0439\u043a\u043e\u0439 \u0441\u0442\u0430\u043b\u0438, \u0442\u043e\u043b\u0449\u0438\u043d\u0430 - 12 \u043c\u043c.\r\n\u0414\u043d\u043e\/\u0432\u0435\u0440\u0445 \u0441\u043c\u0435\u0441\u0438\u0442\u0435\u043b\u044f \u0438\u0437\u0433\u043e\u0442\u043e\u0432\u043b\u0435\u043d\u043e \u0438\u0437 \u043a\u043e\u043d\u0441\u0442\u0440\u0443\u043a\u0446\u0438\u043e\u043d\u043d\u043e\u0439 \u0441\u0442\u0430\u043b\u0438 \u0442\u043e\u043b\u0449\u0438\u043d\u043e\u0439 6 \u043c\u043c.\r\n\u0411\u043e\u043a\u043e\u0432\u0438\u043d\u044b \u0441\u043c\u0435\u0441\u0438\u0442\u0435\u043b\u044f \u0438\u0437\u0433\u043e\u0442\u043e\u0432\u043b\u0435\u043d\u044b \u0438\u0437 \u043a\u043e\u043d\u0441\u0442\u0440\u0443\u043a\u0446\u0438\u043e\u043d\u043d\u043e\u0439 \u0441\u0442\u0430\u043b\u0438 \u0442\u043e\u043b\u0449\u0438\u043d\u043e\u0439 10 \u043c\u043c.\r\n\u041b\u043e\u043f\u0430\u0441\u0442\u044c \u0441\u043c\u0435\u0441\u0438\u0442\u0435\u043b\u044f \u0438\u0437\u0433\u043e\u0442\u043e\u0432\u043b\u0435\u043d\u0430 \u200b\u200b\u0438\u0437 \u0438\u0437\u043d\u043e\u0441\u043e\u0441\u0442\u043e\u0439\u043a\u043e\u0439 \u0441\u0442\u0430\u043b\u0438 HARDOX.\r\n\r\n<img class=\"alignnone size-medium wp-image-1528\" src=\"https:\/\/tech-nika.lt\/wp-content\/uploads\/wymiary-mieszalnik-600x188.jpg\" alt=\"\" width=\"600\" height=\"188\" \/>\r\n\r\n\u0411\u0435\u0442\u043e\u043d\u043e\u043c\u0435\u0448\u0430\u043b\u043a\u0430 \u0432 \u0441\u0442\u0430\u043d\u0434\u0430\u0440\u0442\u043d\u043e\u0439 \u043a\u043e\u043c\u043f\u043b\u0435\u043a\u0442\u0430\u0446\u0438\u0438 \u043e\u0441\u043d\u0430\u0449\u0435\u043d\u0430 \u0440\u0430\u0437\u044a\u0435\u043c\u0430\u043c\u0438 \u0415\u0412\u0420\u041e, \u043d\u043e \u0432\u043e\u0437\u043c\u043e\u0436\u043d\u043e \u0438\u0437\u0433\u043e\u0442\u043e\u0432\u043b\u0435\u043d\u0438\u0435 \u0440\u0430\u0437\u044a\u0435\u043c\u0430 \u0434\u043b\u044f \u0432\u0441\u0435\u0445 \u043c\u043e\u0434\u0435\u043b\u0435\u0439 \u0434\u0440\u0443\u0433\u0438\u0445 \u043f\u0440\u043e\u0438\u0437\u0432\u043e\u0434\u0438\u0442\u0435\u043b\u0435\u0439 \u043f\u043e\u0433\u0440\u0443\u0437\u0447\u0438\u043a\u043e\u0432 \u0438\u043b\u0438 \u0442\u0440\u0430\u043a\u0442\u043e\u0440\u043e\u0432. \u042d\u0442\u043e\u0442 \u043c\u0438\u043a\u0441\u0435\u0440 \u0442\u0430\u043a\u0436\u0435 \u043f\u043e\u0434\u0445\u043e\u0434\u0438\u0442 \u0434\u043b\u044f \u0442\u0435\u043b\u0435\u0441\u043a\u043e\u043f\u0438\u0447\u0435\u0441\u043a\u0438\u0445 \u043f\u043e\u0433\u0440\u0443\u0437\u0447\u0438\u043a\u043e\u0432.","_ru_post_name":"betono-maisykles-mt-120-120-cm-0494-cm3-turio","_ru_post_excerpt":"","_ru_post_title":"","edit_language":"ru"},"product_brand":[],"product_cat":[31],"product_tag":[],"class_list":{"0":"post-287","1":"product","2":"type-product","3":"status-publish","4":"has-post-thumbnail","6":"product_cat-betono-maisykles-mt-serija","8":"first","9":"instock","10":"taxable","11":"shipping-taxable","12":"purchasable","13":"product-type-simple"},"_links":{"self":[{"href":"https:\/\/tech-nika.lt\/ru\/wp-json\/wp\/v2\/product\/287","targetHints":{"allow":["GET"]}}],"collection":[{"href":"https:\/\/tech-nika.lt\/ru\/wp-json\/wp\/v2\/product"}],"about":[{"href":"https:\/\/tech-nika.lt\/ru\/wp-json\/wp\/v2\/types\/product"}],"wp:featuredmedia":[{"embeddable":true,"href":"https:\/\/tech-nika.lt\/ru\/wp-json\/wp\/v2\/media\/194"}],"wp:attachment":[{"href":"https:\/\/tech-nika.lt\/ru\/wp-json\/wp\/v2\/media?parent=287"}],"wp:term":[{"taxonomy":"product_brand","embeddable":true,"href":"https:\/\/tech-nika.lt\/ru\/wp-json\/wp\/v2\/product_brand?post=287"},{"taxonomy":"product_cat","embeddable":true,"href":"https:\/\/tech-nika.lt\/ru\/wp-json\/wp\/v2\/product_cat?post=287"},{"taxonomy":"product_tag","embeddable":true,"href":"https:\/\/tech-nika.lt\/ru\/wp-json\/wp\/v2\/product_tag?post=287"}],"curies":[{"name":"wp","href":"https:\/\/api.w.org\/{rel}","templated":true}]}}