{"id":471,"date":"2019-02-14T05:09:19","date_gmt":"2019-02-14T07:09:19","guid":{"rendered":"https:\/\/tech-nika.lt\/?post_type=product&#038;p=471"},"modified":"2019-11-25T01:43:12","modified_gmt":"2019-11-25T03:43:12","slug":"","status":"publish","type":"product","link":"https:\/\/tech-nika.lt\/ru\/product\/sluota-zl-250-cm\/","title":{"rendered":"","raw":""},"content":{"rendered":"","protected":false,"raw":""},"excerpt":{"rendered":"","protected":false,"raw":""},"featured_media":398,"template":"","meta":{"_lt_post_content":"<img class=\"size-full wp-image-619 alignright\" src=\"https:\/\/tech-nika.lt\/wp-content\/uploads\/Untitled-6.png\" alt=\"\" width=\"447\" height=\"282\" \/>Darbinis plotis 250 cm;\r\nSurinkimo plotis 40 cm;\r\n7 \u0161ereli\u0173 eil\u0117s;\r\n\u0160epe\u010dio \u0161eri\u0173 ilgis 25 cm;\r\n\u012erenginio svoris 75 kg.\r\n\r\nStandartin\u0117 jungtis yra pritvirtinimas prie krautuvo \u0161aki\u0173 ir pritvirtinimas prie krautuvo kau\u0161o.\r\nU\u017e papildom\u0105 mokest\u012f galima pagaminti kliento pageidaujam\u0105 jungt\u012f.\r\n\r\nhttps:\/\/www.youtube.com\/watch?v=5mieHbE-154\r\n\r\n&nbsp;","_lt_post_name":"sluota-zl-250-cm","_lt_post_excerpt":"Universali \u0161luota puikiai i\u0161valo gryn\u0105 sm\u0117l\u012f, \u017evyr\u0105, lapus, med\u017eio dro\u017eles, \u0161vie\u017ei\u0105 snieg\u0105 ir pan. \u012erenginio sand\u0117liavimui, saugant \u0161luotos \u0161erius, yra \u012frengti apsauginiai \u0161oniniai r\u0117meliai.\r\n\u0160luotos \u0161epe\u010diai pagaminti i\u0161 labai patvaraus polipropileno pluo\u0161to, kurio skersmuo 3 mm, o auk\u0161tis - 250 mm, tai u\u017etikrina labai ilg\u0105 \u012frenginio gyvavimo laik\u0105. Priekin\u0117 eil\u0117 \u0161eri\u0173 yra V formos, kas padidina \u0161luotos valymo standum\u0105. \u012erenginio \u0161luotos segmentai yra lengvai pakei\u010diami, kas leid\u017eia taupyti jos eksploatacinius ka\u0161tus. Viso \u0161luota turi 7 eiles \u0161epe\u010di\u0173.\r\n\u0160luotos privalumai:\r\n- lengva ir tvirta konstrukcija;\r\n- lengvai valomi \u0161epe\u010diai;\r\n- priekin\u0117 \u0161epe\u010di\u0173 eil\u0117 V formos;\r\n- tinka beveik vis\u0173 modeli\u0173 \u0161akini\u0173, frontalini\u0173 krautuv\u0173 ar traktori\u0173 modeliams.\r\n\r\nKaina nurodyta su pristatymu Lietuvoje.\r\n\r\nSuteikiame garantijas.","_lt_post_title":"\u0160luota ZL - 250 cm","_en_post_content":"","_en_post_name":"","_en_post_excerpt":"","_en_post_title":"","_ru_post_content":"","_ru_post_name":"","_ru_post_excerpt":"","_ru_post_title":"","edit_language":"ru"},"product_brand":[],"product_cat":[43],"product_tag":[],"class_list":{"0":"post-471","1":"product","2":"type-product","3":"status-publish","4":"has-post-thumbnail","6":"product_cat-sluota-zl","8":"first","9":"instock","10":"taxable","11":"shipping-taxable","12":"purchasable","13":"product-type-simple"},"_links":{"self":[{"href":"https:\/\/tech-nika.lt\/ru\/wp-json\/wp\/v2\/product\/471","targetHints":{"allow":["GET"]}}],"collection":[{"href":"https:\/\/tech-nika.lt\/ru\/wp-json\/wp\/v2\/product"}],"about":[{"href":"https:\/\/tech-nika.lt\/ru\/wp-json\/wp\/v2\/types\/product"}],"wp:featuredmedia":[{"embeddable":true,"href":"https:\/\/tech-nika.lt\/ru\/wp-json\/wp\/v2\/media\/398"}],"wp:attachment":[{"href":"https:\/\/tech-nika.lt\/ru\/wp-json\/wp\/v2\/media?parent=471"}],"wp:term":[{"taxonomy":"product_brand","embeddable":true,"href":"https:\/\/tech-nika.lt\/ru\/wp-json\/wp\/v2\/product_brand?post=471"},{"taxonomy":"product_cat","embeddable":true,"href":"https:\/\/tech-nika.lt\/ru\/wp-json\/wp\/v2\/product_cat?post=471"},{"taxonomy":"product_tag","embeddable":true,"href":"https:\/\/tech-nika.lt\/ru\/wp-json\/wp\/v2\/product_tag?post=471"}],"curies":[{"name":"wp","href":"https:\/\/api.w.org\/{rel}","templated":true}]}}