{"id":586,"date":"2019-02-19T11:25:48","date_gmt":"2019-02-19T13:25:48","guid":{"rendered":"https:\/\/tech-nika.lt\/?post_type=product&#038;p=586"},"modified":"2021-04-15T06:37:03","modified_gmt":"2021-04-15T08:37:03","slug":"","status":"publish","type":"product","link":"https:\/\/tech-nika.lt\/ru\/product\/volas-w-250\/","title":{"rendered":"","raw":""},"content":{"rendered":"","protected":false,"raw":""},"excerpt":{"rendered":"","protected":false,"raw":""},"featured_media":585,"template":"","meta":{"_lt_post_content":"Auk\u0161tis (A) 140 cm;\r\nBendras plotis (B) 315 cm;\r\nIlgis (C) 460 cm;\r\nDarbinis plotis 250 cm;\r\nSkersmuo 122 cm;\r\nSvoris 2090 kg;\r\nVolo svoris (u\u017epildyto vandeniu) 5040 kg.\r\n\r\n<img class=\"alignnone size-medium wp-image-608\" src=\"https:\/\/tech-nika.lt\/wp-content\/uploads\/Untitled-4-600x349.png\" alt=\"\" width=\"600\" height=\"349\" \/>\r\nPapildomai galima u\u017esakyti:\r\n- hidraulin\u012f transportavimo ve\u017eim\u0117l\u012f;\r\n- ve\u017eim\u0117lio ap\u0161vietim\u0105.","_lt_post_name":"volas-w-250","_lt_post_excerpt":"\u0160is tempiamas volas yra naudojamas supresuoti piev\u0173, ganykl\u0173 ar mink\u0161to dirvo\u017eemio vir\u0161utin\u012f sluoksn\u012f, tokiu b\u016bdu padeda didesniam dr\u0117gm\u0117s prasiskverbimui. Jis taip pat tinkamas ruo\u0161iant dirvo\u017eem\u012f prie\u0161 s\u0117jant ar sodinant, \u012fspaud\u017eiant tr\u0105\u0161as prie\u0161 arim\u0105, pavasar\u012f pa\u0161alinant \u012ftr\u016bkimus dirvo\u017eemyje, kurmiarausius ar kitus atsiradusius nelygumus po \u0161al\u010dio.\r\n\r\nVolas pagamintas i\u0161 10 mm storio lak\u0161tinio plieno. Vidin\u0117 volo a\u0161is, d\u0117l savo ypatingos konstrukcijos, yra apsaugota nuo i\u0161sibalansavimo ir gali atlaikyti ypa\u010d dideles apkrovas.\r\nD\u0117l hidraulinio transportavimo ve\u017eim\u0117lio, vol\u0105 galima lengvai perve\u017eti vie\u0161aisiais keliais.\r\n\r\nKaina nurodyta be papildomos \u012frangos su pristatymu Lietuvoje.\r\n\r\nSuteikiame garantijas.","_lt_post_title":"Volas W-250","_en_post_content":"","_en_post_name":"","_en_post_excerpt":"","_en_post_title":"","_ru_post_content":"","_ru_post_name":"","_ru_post_excerpt":"","_ru_post_title":"","edit_language":"ru"},"product_brand":[],"product_cat":[50],"product_tag":[],"class_list":{"0":"post-586","1":"product","2":"type-product","3":"status-publish","4":"has-post-thumbnail","6":"product_cat-volas-w","8":"first","9":"instock","10":"taxable","11":"shipping-taxable","12":"purchasable","13":"product-type-simple"},"_links":{"self":[{"href":"https:\/\/tech-nika.lt\/ru\/wp-json\/wp\/v2\/product\/586","targetHints":{"allow":["GET"]}}],"collection":[{"href":"https:\/\/tech-nika.lt\/ru\/wp-json\/wp\/v2\/product"}],"about":[{"href":"https:\/\/tech-nika.lt\/ru\/wp-json\/wp\/v2\/types\/product"}],"wp:featuredmedia":[{"embeddable":true,"href":"https:\/\/tech-nika.lt\/ru\/wp-json\/wp\/v2\/media\/585"}],"wp:attachment":[{"href":"https:\/\/tech-nika.lt\/ru\/wp-json\/wp\/v2\/media?parent=586"}],"wp:term":[{"taxonomy":"product_brand","embeddable":true,"href":"https:\/\/tech-nika.lt\/ru\/wp-json\/wp\/v2\/product_brand?post=586"},{"taxonomy":"product_cat","embeddable":true,"href":"https:\/\/tech-nika.lt\/ru\/wp-json\/wp\/v2\/product_cat?post=586"},{"taxonomy":"product_tag","embeddable":true,"href":"https:\/\/tech-nika.lt\/ru\/wp-json\/wp\/v2\/product_tag?post=586"}],"curies":[{"name":"wp","href":"https:\/\/api.w.org\/{rel}","templated":true}]}}