{"id":630,"date":"2019-03-04T07:16:38","date_gmt":"2019-03-04T09:16:38","guid":{"rendered":"https:\/\/tech-nika.lt\/?post_type=product&#038;p=630"},"modified":"2023-08-08T05:09:55","modified_gmt":"2023-08-08T07:09:55","slug":"%d0%bf%d0%b5%d1%81%d0%ba%d0%be%d1%80%d0%b0%d0%b7%d0%b1%d1%80%d0%b0%d1%81%d1%8b%d0%b2%d0%b0%d1%82%d0%b5%d0%bb%d1%8c-%d1%81%d0%b5%d1%80%d0%b8%d1%8f-psm140","status":"publish","type":"product","link":"https:\/\/tech-nika.lt\/ru\/product\/%d0%bf%d0%b5%d1%81%d0%ba%d0%be%d1%80%d0%b0%d0%b7%d0%b1%d1%80%d0%b0%d1%81%d1%8b%d0%b2%d0%b0%d1%82%d0%b5%d0%bb%d1%8c-%d1%81%d0%b5%d1%80%d0%b8%d1%8f-psm140\/","title":{"rendered":"\u041f\u0435\u0441\u043a\u043e\u0440\u0430\u0437\u0431\u0440\u0430\u0441\u044b\u0432\u0430\u0442\u0435\u043b\u044c \u0441\u0435\u0440\u0438\u044f PSM140","raw":"\u041f\u0435\u0441\u043a\u043e\u0440\u0430\u0437\u0431\u0440\u0430\u0441\u044b\u0432\u0430\u0442\u0435\u043b\u044c \u0441\u0435\u0440\u0438\u044f PSM140"},"content":{"rendered":"","protected":false,"raw":""},"excerpt":{"rendered":"","protected":false,"raw":""},"featured_media":577,"template":"","meta":{"_lt_post_content":"<img class=\" wp-image-627 alignright\" src=\"https:\/\/tech-nika.lt\/wp-content\/uploads\/Untitled-8.png\" alt=\"\" width=\"515\" height=\"325\" \/>Bendras plotis 165 cm;\r\nDarbinis plotis 140 cm;\r\nT\u016bris 0,36 m3\r\n\u012erenginio svoris 260 kg.\r\n\r\nReikia 55-70 l\/min darbinio hidraulinio srauto.\r\nStandarti\u0161kai smulkintuvas yra apr\u016bpintas trij\u0173 ta\u0161k\u0173, II kategorijos, EURO jungtimi. U\u017e papildom\u0105 mokest\u012f, galima \u012frengti kliento pageidaujam\u0105 jungt\u012f.\r\n\r\n&nbsp;","_lt_post_name":"barstytuvas-psm-140","_lt_post_excerpt":"\u0160is kompakti\u0161kas sm\u0117lio smulkinimo \u012frenginys - barstytuvas skirtas sm\u0117lio, druskos barstymui gatv\u0117se, automobili\u0173 stov\u0117jimo aik\u0161tel\u0117se, ant \u0161aligatvi\u0173 ir pan. Taip pat \u0161\u012f agregat\u0105 galima naudoti keli\u0173 tiesimo ar remonto metu, \u012frengiant sporto aik\u0161teles ar kituose statyb\u0173 darbuose kur reikalingas precizi\u0161kas tikslumas. Agregato barstymo amplitud\u0117 nepa\u017eeid\u017eia prava\u017eiuojan\u010di\u0173 automobili\u0173, taip pat saugiai dirbant, n\u0117ra praeiviams kelian\u010di\u0173 gr\u0117smi\u0173.\r\n\r\nSuteikiame garantijas.\r\nKaina nurodyta su pristatymu Lietuvoje.","_lt_post_title":"Barstytuvas PSM-140","_en_post_content":"","_en_post_name":"sand-salt-distributor-psm-140","_en_post_excerpt":"","_en_post_title":"Sand \/ salt distributor PSM-140","_ru_post_content":"","_ru_post_name":"%d0%bf%d0%b5%d1%81%d0%ba%d0%be%d1%80%d0%b0%d0%b7%d0%b1%d1%80%d0%b0%d1%81%d1%8b%d0%b2%d0%b0%d1%82%d0%b5%d0%bb%d1%8c-%d1%81%d0%b5%d1%80%d0%b8%d1%8f-psm140","_ru_post_excerpt":"","_ru_post_title":"\u041f\u0435\u0441\u043a\u043e\u0440\u0430\u0437\u0431\u0440\u0430\u0441\u044b\u0432\u0430\u0442\u0435\u043b\u044c \u0441\u0435\u0440\u0438\u044f PSM140","edit_language":"ru"},"product_brand":[],"product_cat":[49],"product_tag":[95,99,96],"class_list":{"0":"post-630","1":"product","2":"type-product","3":"status-publish","4":"has-post-thumbnail","6":"product_cat-barstytuvas-psm","7":"product_tag-barstytuvas","8":"product_tag-psm140","9":"product_tag-sand-distributor","11":"first","12":"instock","13":"taxable","14":"shipping-taxable","15":"purchasable","16":"product-type-simple"},"_links":{"self":[{"href":"https:\/\/tech-nika.lt\/ru\/wp-json\/wp\/v2\/product\/630","targetHints":{"allow":["GET"]}}],"collection":[{"href":"https:\/\/tech-nika.lt\/ru\/wp-json\/wp\/v2\/product"}],"about":[{"href":"https:\/\/tech-nika.lt\/ru\/wp-json\/wp\/v2\/types\/product"}],"wp:featuredmedia":[{"embeddable":true,"href":"https:\/\/tech-nika.lt\/ru\/wp-json\/wp\/v2\/media\/577"}],"wp:attachment":[{"href":"https:\/\/tech-nika.lt\/ru\/wp-json\/wp\/v2\/media?parent=630"}],"wp:term":[{"taxonomy":"product_brand","embeddable":true,"href":"https:\/\/tech-nika.lt\/ru\/wp-json\/wp\/v2\/product_brand?post=630"},{"taxonomy":"product_cat","embeddable":true,"href":"https:\/\/tech-nika.lt\/ru\/wp-json\/wp\/v2\/product_cat?post=630"},{"taxonomy":"product_tag","embeddable":true,"href":"https:\/\/tech-nika.lt\/ru\/wp-json\/wp\/v2\/product_tag?post=630"}],"curies":[{"name":"wp","href":"https:\/\/api.w.org\/{rel}","templated":true}]}}