{"id":633,"date":"2019-03-04T07:25:56","date_gmt":"2019-03-04T09:25:56","guid":{"rendered":"https:\/\/tech-nika.lt\/?post_type=product&#038;p=633"},"modified":"2023-08-08T05:14:30","modified_gmt":"2023-08-08T07:14:30","slug":"%d0%bf%d0%b5%d1%81%d0%ba%d0%be%d1%80%d0%b0%d0%b7%d0%b1%d1%80%d0%b0%d1%81%d1%8b%d0%b2%d0%b0%d1%82%d0%b5%d0%bb%d1%8c-pss200","status":"publish","type":"product","link":"https:\/\/tech-nika.lt\/ru\/product\/%d0%bf%d0%b5%d1%81%d0%ba%d0%be%d1%80%d0%b0%d0%b7%d0%b1%d1%80%d0%b0%d1%81%d1%8b%d0%b2%d0%b0%d1%82%d0%b5%d0%bb%d1%8c-pss200\/","title":{"rendered":"\u041f\u0435\u0441\u043a\u043e\u0440\u0430\u0437\u0431\u0440\u0430\u0441\u044b\u0432\u0430\u0442\u0435\u043b\u044c PSS200","raw":"\u041f\u0435\u0441\u043a\u043e\u0440\u0430\u0437\u0431\u0440\u0430\u0441\u044b\u0432\u0430\u0442\u0435\u043b\u044c PSS200"},"content":{"rendered":"","protected":false,"raw":""},"excerpt":{"rendered":"","protected":false,"raw":""},"featured_media":574,"template":"","meta":{"_lt_post_content":"<img class=\"size-full wp-image-626 alignright\" src=\"https:\/\/tech-nika.lt\/wp-content\/uploads\/Untitled-7.png\" alt=\"\" width=\"510\" height=\"282\" \/>Bendras plotis 200 cm;\r\nDarbinis plotis 198 cm;\r\nT\u016bris 1,05 m3\r\n\u012erenginio svoris 700 kg.\r\n\r\n\u012erengin\u012f valdo krautuvo ar traktoriaus hidraulin\u0117 sistema. \u0160iam smulkintuvui valdyti yra reikalingos dvi hidraulin\u0117s linijos (2x2 poros jung\u010di\u0173). Reikia 10-40 l\/min darbinio hidraulinio srauto.\r\nStandarti\u0161kai smulkintuvas yra kartu su trij\u0173 ta\u0161k\u0173, II kategorijos, EURO jungtimi. U\u017e papildom\u0105 mokest\u012f, galima \u012frengti kliento pageidaujam\u0105 jungt\u012f.","_lt_post_name":"barstytuvas-pss-200","_lt_post_excerpt":"Sm\u0117lio smulkinimo \u012frenginys skirtas sm\u0117lio, druskos barstymui gatv\u0117se, automobili\u0173 stov\u0117jimo aik\u0161tel\u0117se, ant \u0161aligatvi\u0173 ir pan. Taip pat \u0161\u012f agregat\u0105 galima naudoti keli\u0173 tiesimo ar remonto metu, \u012frengiant sporto aik\u0161teles ar kituose statyb\u0173 darbuose kur reikalingas precizi\u0161kas tikslumas. Agregato barstymo amplitud\u0117 nepa\u017eeid\u017eia prava\u017eiuojan\u010di\u0173 automobili\u0173, taip pat saugiai dirbant, n\u0117ra praeiviams kelian\u010di\u0173 gr\u0117smi\u0173.\r\n\r\nSuteikiame garantijas.\r\nKaina nurodyta su pristatymu Lietuvoje.","_lt_post_title":"Barstytuvas PSS-200","_en_post_content":"","_en_post_name":"sand-salt-distributor-pss-200","_en_post_excerpt":"","_en_post_title":"Sand \/ salt distributor PSS-200","_ru_post_content":"","_ru_post_name":"%d0%bf%d0%b5%d1%81%d0%ba%d0%be%d1%80%d0%b0%d0%b7%d0%b1%d1%80%d0%b0%d1%81%d1%8b%d0%b2%d0%b0%d1%82%d0%b5%d0%bb%d1%8c-pss200","_ru_post_excerpt":"","_ru_post_title":"\u041f\u0435\u0441\u043a\u043e\u0440\u0430\u0437\u0431\u0440\u0430\u0441\u044b\u0432\u0430\u0442\u0435\u043b\u044c PSS200","edit_language":"ru"},"product_brand":[],"product_cat":[48],"product_tag":[97,96],"class_list":{"0":"post-633","1":"product","2":"type-product","3":"status-publish","4":"has-post-thumbnail","6":"product_cat-barstytuvas-pss","7":"product_tag-pss200","8":"product_tag-sand-distributor","10":"first","11":"instock","12":"taxable","13":"shipping-taxable","14":"purchasable","15":"product-type-simple"},"_links":{"self":[{"href":"https:\/\/tech-nika.lt\/ru\/wp-json\/wp\/v2\/product\/633","targetHints":{"allow":["GET"]}}],"collection":[{"href":"https:\/\/tech-nika.lt\/ru\/wp-json\/wp\/v2\/product"}],"about":[{"href":"https:\/\/tech-nika.lt\/ru\/wp-json\/wp\/v2\/types\/product"}],"wp:featuredmedia":[{"embeddable":true,"href":"https:\/\/tech-nika.lt\/ru\/wp-json\/wp\/v2\/media\/574"}],"wp:attachment":[{"href":"https:\/\/tech-nika.lt\/ru\/wp-json\/wp\/v2\/media?parent=633"}],"wp:term":[{"taxonomy":"product_brand","embeddable":true,"href":"https:\/\/tech-nika.lt\/ru\/wp-json\/wp\/v2\/product_brand?post=633"},{"taxonomy":"product_cat","embeddable":true,"href":"https:\/\/tech-nika.lt\/ru\/wp-json\/wp\/v2\/product_cat?post=633"},{"taxonomy":"product_tag","embeddable":true,"href":"https:\/\/tech-nika.lt\/ru\/wp-json\/wp\/v2\/product_tag?post=633"}],"curies":[{"name":"wp","href":"https:\/\/api.w.org\/{rel}","templated":true}]}}