{"id":647,"date":"2019-03-04T09:02:08","date_gmt":"2019-03-04T11:02:08","guid":{"rendered":"https:\/\/tech-nika.lt\/?post_type=product&#038;p=647"},"modified":"2023-08-08T05:02:41","modified_gmt":"2023-08-08T07:02:41","slug":"%d0%b1%d0%b5%d1%82%d0%be%d0%bd%d0%b0%d0%bc%d0%b5%d1%88%d0%b0%d0%bb%d0%ba%d0%b0","status":"publish","type":"product","link":"https:\/\/tech-nika.lt\/ru\/product\/%d0%b1%d0%b5%d1%82%d0%be%d0%bd%d0%b0%d0%bc%d0%b5%d1%88%d0%b0%d0%bb%d0%ba%d0%b0\/","title":{"rendered":"\u0411\u0415\u0422\u041e\u041d\u0410\u041c\u0415\u0428\u0410\u041b\u041a\u0410 MTp-220 cm, o\u0431\u044a\u0435\u043c 0,800 m3","raw":"\u0411\u0415\u0422\u041e\u041d\u0410\u041c\u0415\u0428\u0410\u041b\u041a\u0410 MTp-220 cm, o\u0431\u044a\u0435\u043c 0,800 m3"},"content":{"rendered":"<p>\u0411\u0415\u0422\u041e\u041d\u0410\u041c\u0415\u0428\u0410\u041b\u041a\u0410 MTp-220 cm, o\u0431\u044a\u0435\u043c 0,800 m3<\/p>\n","protected":false,"raw":"\u0411\u0415\u0422\u041e\u041d\u0410\u041c\u0415\u0428\u0410\u041b\u041a\u0410 MTp-220 cm, o\u0431\u044a\u0435\u043c 0,800 m3"},"excerpt":{"rendered":"","protected":false,"raw":""},"featured_media":354,"template":"","meta":{"_lt_post_content":"MTp betono mai\u0161ykl\u0117 yra naujas, strukt\u016bri\u0161kai patobulintas MT betono mai\u0161ykl\u0117s modelis.\r\nYpa\u010d tvirta ir patikimos konstrukcijos betono mai\u0161ykl\u0117. Betono mai\u0161ykl\u0117s valdymui reikalinga TIK viena traktoriaus ar krautuvo darbin\u0117 hidraulin\u0117 linija kuri suka mai\u0161ymo element\u0105, o skiedinio i\u0161pylimo sklend\u0117 yra atidaroma elektromagnetiniu b\u016bdu. Mai\u0161ykl\u0117s sraigt\u0105 suka hidraulin\u0117 pavara. Betono mai\u0161ykl\u0117s guoliai turi atskirus tepimo ta\u0161kus. Labai patogi betono mai\u0161ykl\u0117s jungtis prie krautuvo\/traktoriaus, kuri leid\u017eia greitai ir lengvai (var\u017et\u0173 pagalba), j\u0105 pakeisti ir esant reikalui pritaikyti kito modelio krautuvui ar traktoriui.\r\n\r\n<img class=\"size-medium wp-image-1534 alignright\" src=\"https:\/\/tech-nika.lt\/wp-content\/uploads\/tech_mtp-1024x261-1-600x153.jpg\" alt=\"\" width=\"600\" height=\"153\" \/>Mai\u0161ykl\u0117je naudojamos \u0161ios naujov\u0117s:\r\n\u2022 I\u0161leidimo vamzdis \u00d8 225 mm;\r\n\u2022 i\u0161leidimo angos sklend\u0117 atidaroma hidraulinio cilindro pagalba;\r\n- konstrukcija, kuri pagreitina mai\u0161ytuvo i\u0161tu\u0161tinim\u0105 i\u0161 apdorotos mas\u0117s;\r\n- papildoma mai\u0161ymo juosta viduryje sraigto, kad pagreitint\u0173 mai\u0161ymo proces\u0105;\r\n\u2022 sustiprinta pavar\u0173 d\u0117\u017e\u0117 su hidrauline pavara;\r\n\u2022 optimizuota apsaugini\u0173 groteli\u0173 forma, palengvinanti u\u017epildym\u0105.\r\n\r\nBetono mai\u0161ykl\u0117 pagaminta i\u0161 auk\u0161tos kokyb\u0117s lak\u0161tinio plieno:\r\nMai\u0161ymo elementas pagamintas i\u0161 atsparaus dilimui plieno, storis \u2013 12 mm\r\nMai\u0161ykl\u0117s apa\u010dia\/vir\u0161us pagamintas i\u0161 konstrukcinio plieno, storis - 6 mm\r\nMai\u0161ykl\u0117s \u0161onai pagaminti i\u0161 10 mm storio konstrukcinio plieno\r\nMai\u0161ykl\u0117s s\u0117mimo peilis yra pagamintas i\u0161 atsparaus dilimui HARDOX plieno.\r\n\r\nBetono mai\u0161ykl\u0117 standarti\u0161kai komplektuojama su EURO jungtimis, bet yra galimyb\u0117 jungt\u012f pagaminti prie vis\u0173 kit\u0173 krautuv\u0173 ar traktori\u0173 gamintoj\u0173 modeli\u0173. \u0160i mai\u0161ykl\u0117 yra tinkama ir teleskopiniams krautuvams.\r\n\r\nhttps:\/\/www.youtube.com\/watch?v=3GJvCsUoOAs\r\n\r\n&nbsp;","_lt_post_name":"betono-maisykle-mtp-220-cm-turis-0800-m3","_lt_post_excerpt":"Bendras plotis 254 cm;\r\nDarbinis plotis 220 cm;\r\nT\u016bris - 0,800 m3;\r\nHidraulinis variklis 100\/125;\r\nSvoris - 748 kg;\r\nSumai\u0161ymo greitis 5-7 minut\u0117s.\r\n\r\n\u041a\u0430ina nurodyta su pristatymu Lietuvoje.\r\nMai\u0161yklei suteikiama 12 m\u0117nesi\u0173 garantija.","_lt_post_title":"Betono mai\u0161ykl\u0117 MTp-220 cm, t\u016bris 0,800 m3","_en_post_content":"","_en_post_name":"betono-maisykle-mtp-220-cm-turis-0800-m3","_en_post_excerpt":"","_en_post_title":"","_ru_post_content":"\u0411\u0415\u0422\u041e\u041d\u0410\u041c\u0415\u0428\u0410\u041b\u041a\u0410 MTp-220 cm, o\u0431\u044a\u0435\u043c 0,800 m3","_ru_post_name":"%d0%b1%d0%b5%d1%82%d0%be%d0%bd%d0%b0%d0%bc%d0%b5%d1%88%d0%b0%d0%bb%d0%ba%d0%b0","_ru_post_excerpt":"","_ru_post_title":"\u0411\u0415\u0422\u041e\u041d\u0410\u041c\u0415\u0428\u0410\u041b\u041a\u0410 MTp-220 cm, o\u0431\u044a\u0435\u043c 0,800 m3","edit_language":"ru"},"product_brand":[],"product_cat":[32],"product_tag":[91,105],"class_list":{"0":"post-647","1":"product","2":"type-product","3":"status-publish","4":"has-post-thumbnail","6":"product_cat-beto-maisykles-mtp-serija","7":"product_tag-betono-maisykle","8":"product_tag-statybos-technika","10":"first","11":"instock","12":"taxable","13":"shipping-taxable","14":"purchasable","15":"product-type-simple"},"_links":{"self":[{"href":"https:\/\/tech-nika.lt\/ru\/wp-json\/wp\/v2\/product\/647","targetHints":{"allow":["GET"]}}],"collection":[{"href":"https:\/\/tech-nika.lt\/ru\/wp-json\/wp\/v2\/product"}],"about":[{"href":"https:\/\/tech-nika.lt\/ru\/wp-json\/wp\/v2\/types\/product"}],"wp:featuredmedia":[{"embeddable":true,"href":"https:\/\/tech-nika.lt\/ru\/wp-json\/wp\/v2\/media\/354"}],"wp:attachment":[{"href":"https:\/\/tech-nika.lt\/ru\/wp-json\/wp\/v2\/media?parent=647"}],"wp:term":[{"taxonomy":"product_brand","embeddable":true,"href":"https:\/\/tech-nika.lt\/ru\/wp-json\/wp\/v2\/product_brand?post=647"},{"taxonomy":"product_cat","embeddable":true,"href":"https:\/\/tech-nika.lt\/ru\/wp-json\/wp\/v2\/product_cat?post=647"},{"taxonomy":"product_tag","embeddable":true,"href":"https:\/\/tech-nika.lt\/ru\/wp-json\/wp\/v2\/product_tag?post=647"}],"curies":[{"name":"wp","href":"https:\/\/api.w.org\/{rel}","templated":true}]}}