{"id":650,"date":"2019-03-04T11:33:25","date_gmt":"2019-03-04T13:33:25","guid":{"rendered":"https:\/\/tech-nika.lt\/?post_type=product&#038;p=650"},"modified":"2024-11-05T08:11:43","modified_gmt":"2024-11-05T10:11:43","slug":"","status":"publish","type":"product","link":"https:\/\/tech-nika.lt\/ru\/product\/sluota-zml-140-cm\/","title":{"rendered":"","raw":""},"content":{"rendered":"","protected":false,"raw":""},"excerpt":{"rendered":"","protected":false,"raw":""},"featured_media":58,"template":"","meta":{"_lt_post_content":"<img class=\"size-full wp-image-649 alignright\" src=\"https:\/\/tech-nika.lt\/wp-content\/uploads\/Untitled-12.png\" alt=\"\" width=\"447\" height=\"282\" \/>Darbinis plotis 140 cm;\r\n\u012erenginio svoris 170 kg;\r\nA - 85 cm;\r\nB - 100 cm;\r\nC - 170 cm.\r\n\r\nPurk\u0161tuv\u0173 su skys\u010dio pilna talpa padidina bendr\u0105 \u012frenginio svor\u012f ~130 kg, papildomo \u0161oninio \u0161epe\u010dio \u012franga dar ~30 kg.\r\nStandartin\u0117 \u012frenginio jungtis yra EURO.\r\nU\u017e ne\u017eym\u0173 papildom\u0105 mokest\u012f galima pagaminti individuali\u0105 j\u016bs\u0173 krautuvui ar traktoriui tinkam\u0105 jungt\u012f.\r\n\r\n\u012e \u0161lavimo \u012frenginio kain\u0105 \u012feina:\r\n- purk\u0161tuv\u0173 sistema su 100 litr\u0173 plovimo skys\u010dio rezervuaru (860 EUR);\r\n- \u0161iuk\u0161li\u0173 surinkimo bunkeris (860 EUR);\r\n- papildomas \u0161oninis \u0161epetys (805 EUR);\r\n- hidraulinis darbinio kampo pasukimas (300 EUR).\r\nKlientui pageidaujant \u0161i\u0173 dali\u0173 galime nekomplektuoti.\r\n\r\nPolipropileno plieno \u0161epe\u010dio kaina 170 EUR\/m. \r\n\r\n[embed]http:\/\/www.youtube.com\/watch?v=gH-xyyLkI-U[\/embed]\r\n\r\n&nbsp;","_lt_post_name":"sluota-zml-140-cm","_lt_post_excerpt":"\u0160lavimo \u012frenginys ZML puikiai tinka dideli\u0173 ir \u012fvairi\u0173 pavir\u0161i\u0173 valymui: asfaltui, betonui, \u0161aligatviams, pramonin\u0117ms grindims ir pan.\r\n\u0160iuos \u0161lavimo \u012frenginius galima prijungti prie \u012fvairiausio tipo teleskopini\u0173, frontalini\u0173, \u0161akini\u0173 krautuv\u0173 ar traktori\u0173.\r\nPa\u010dio \u0161epe\u010dio skersmuo yra 60 cm, jis gali b\u016bti pagamintas tik i\u0161 polipropileno ar mai\u0161ytas kartu su metalu, kas u\u017etikrina jo ilgaam\u017ei\u0161kum\u0105 ir kokybi\u0161k\u0105 darbo rezultat\u0105. Lengvai kei\u010diami \u0161epe\u010dio valymo segmentai, leid\u017eia taupyti jo eksploatacinius ka\u0161tus.\r\nInformacin\u0117se nuotraukose yra pavaizduota pilna ZML \u0161epe\u010dio komplektacija su visais papildomais priedais.\r\n\r\n\u012erenginio kaina nurodyta su visais priedais ir pristatymu Lietuvoje.\r\nSuteikiamos garantijos ir garantinis, bei po garantinis techninis aptarnavimas.","_lt_post_title":"\u0160luota ZML - 140 cm","_en_post_content":"","_en_post_name":"","_en_post_excerpt":"","_en_post_title":"","_ru_post_content":"","_ru_post_name":"","_ru_post_excerpt":"","_ru_post_title":"","edit_language":"ru"},"product_brand":[],"product_cat":[29],"product_tag":[],"class_list":{"0":"post-650","1":"product","2":"type-product","3":"status-publish","4":"has-post-thumbnail","6":"product_cat-slavimo-irenginys-zml","8":"first","9":"instock","10":"taxable","11":"shipping-taxable","12":"purchasable","13":"product-type-simple"},"_links":{"self":[{"href":"https:\/\/tech-nika.lt\/ru\/wp-json\/wp\/v2\/product\/650","targetHints":{"allow":["GET"]}}],"collection":[{"href":"https:\/\/tech-nika.lt\/ru\/wp-json\/wp\/v2\/product"}],"about":[{"href":"https:\/\/tech-nika.lt\/ru\/wp-json\/wp\/v2\/types\/product"}],"wp:featuredmedia":[{"embeddable":true,"href":"https:\/\/tech-nika.lt\/ru\/wp-json\/wp\/v2\/media\/58"}],"wp:attachment":[{"href":"https:\/\/tech-nika.lt\/ru\/wp-json\/wp\/v2\/media?parent=650"}],"wp:term":[{"taxonomy":"product_brand","embeddable":true,"href":"https:\/\/tech-nika.lt\/ru\/wp-json\/wp\/v2\/product_brand?post=650"},{"taxonomy":"product_cat","embeddable":true,"href":"https:\/\/tech-nika.lt\/ru\/wp-json\/wp\/v2\/product_cat?post=650"},{"taxonomy":"product_tag","embeddable":true,"href":"https:\/\/tech-nika.lt\/ru\/wp-json\/wp\/v2\/product_tag?post=650"}],"curies":[{"name":"wp","href":"https:\/\/api.w.org\/{rel}","templated":true}]}}