{"id":676,"date":"2019-03-05T05:39:52","date_gmt":"2019-03-05T07:39:52","guid":{"rendered":"https:\/\/tech-nika.lt\/?post_type=product&#038;p=676"},"modified":"2024-11-05T08:27:21","modified_gmt":"2024-11-05T10:27:21","slug":"","status":"publish","type":"product","link":"https:\/\/tech-nika.lt\/ru\/product\/sluota-zs-200-cm\/","title":{"rendered":"","raw":""},"content":{"rendered":"","protected":false,"raw":""},"excerpt":{"rendered":"","protected":false,"raw":""},"featured_media":544,"template":"","meta":{"_lt_post_content":"<img class=\"size-medium wp-image-672 alignright\" src=\"https:\/\/tech-nika.lt\/wp-content\/uploads\/Untitled-14-600x271.png\" alt=\"\" width=\"600\" height=\"271\" \/>\r\nDarbinis plotis A -187 cm;\r\nDarbinis kau\u0161o plotis B - 200 cm;\r\nBendras plotis C - 226 cm;\r\nAuk\u0161tis D - 81 cm;\r\nKau\u0161o auk\u0161tis E - 70 cm;\r\nKau\u0161o ilgis F - 88 cm;\r\n\u0160luotos su kau\u0161u ilgis G - 139 cm;\r\nKau\u0161o t\u016bris 0,66 cm3;\r\n\u0160epe\u010dio skersmuo 50 cm;\r\n\u012erenginio svoris 310 kg.\r\n\r\n\u0160epe\u010dio \u0161eri\u0173 tarnavimo laikas dirbant kiekvien\u0105 dien\u0105 po 8 val. nuo 1 iki 1,5 met\u0173.\r\n\r\nStandartin\u0117 \u012frenginio jungtis yra EURO. U\u017e ne\u017eym\u0173 papildom\u0105 mokest\u012f galima pagaminti individuali\u0105 j\u016bs\u0173 krautuvui ar traktoriui tinkam\u0105 jungt\u012f.","_lt_post_name":"sluota-zs-200-cm","_lt_post_excerpt":"Kau\u0161as su \u0161luota idealiai tinka \u012fvairiems pavir\u0161iams valyti tokiems kaip \u0161aligatviai, automobili\u0173 stov\u0117jimo aik\u0161tel\u0117s, sand\u0117liai, pramonin\u0117s sal\u0117s, individual\u016bs \u016bkiai ar statybviet\u0117s.\r\nGreitai ir lengvai nuimamas \u0161epetys, padaro \u0161\u012f \u012frengin\u012f labai universal\u0173, leid\u017eianti dirbti vien tik su kau\u0161u. Tikslus ir tolygus \u0161lavimo auk\u0161\u010dio reguliavimas labai palengvina operatoriaus darb\u0105.\r\n\u0160iuos \u0161lavimo \u012frenginius galima prijungti prie \u012fvairiausio tipo teleskopini\u0173, frontalini\u0173 krautuv\u0173 ar traktori\u0173.\r\nPa\u010dios \u0161luotos skersmuo yra 50 cm, kas u\u017etikrina jos ilgaam\u017ei\u0161kum\u0105 ir kokybi\u0161k\u0105 darbo rezultat\u0105. Lengvai kei\u010diami \u0161luotos valymo segmentai, leid\u017eia taupyti jo eksploatacinius ka\u0161tus.\r\n\r\nKaina nurodyta su pristatymu Lietuvoje.\r\nSuteikiamos garantijos.","_lt_post_title":"\u0160luota ZS- 200 cm","_en_post_content":"","_en_post_name":"","_en_post_excerpt":"","_en_post_title":"","_ru_post_content":"","_ru_post_name":"","_ru_post_excerpt":"","_ru_post_title":"","edit_language":"ru"},"product_brand":[],"product_cat":[45],"product_tag":[],"class_list":{"0":"post-676","1":"product","2":"type-product","3":"status-publish","4":"has-post-thumbnail","6":"product_cat-slavimo-irenginys-su-kausu-zs","8":"first","9":"instock","10":"taxable","11":"shipping-taxable","12":"purchasable","13":"product-type-simple"},"_links":{"self":[{"href":"https:\/\/tech-nika.lt\/ru\/wp-json\/wp\/v2\/product\/676","targetHints":{"allow":["GET"]}}],"collection":[{"href":"https:\/\/tech-nika.lt\/ru\/wp-json\/wp\/v2\/product"}],"about":[{"href":"https:\/\/tech-nika.lt\/ru\/wp-json\/wp\/v2\/types\/product"}],"wp:featuredmedia":[{"embeddable":true,"href":"https:\/\/tech-nika.lt\/ru\/wp-json\/wp\/v2\/media\/544"}],"wp:attachment":[{"href":"https:\/\/tech-nika.lt\/ru\/wp-json\/wp\/v2\/media?parent=676"}],"wp:term":[{"taxonomy":"product_brand","embeddable":true,"href":"https:\/\/tech-nika.lt\/ru\/wp-json\/wp\/v2\/product_brand?post=676"},{"taxonomy":"product_cat","embeddable":true,"href":"https:\/\/tech-nika.lt\/ru\/wp-json\/wp\/v2\/product_cat?post=676"},{"taxonomy":"product_tag","embeddable":true,"href":"https:\/\/tech-nika.lt\/ru\/wp-json\/wp\/v2\/product_tag?post=676"}],"curies":[{"name":"wp","href":"https:\/\/api.w.org\/{rel}","templated":true}]}}