{"id":773,"date":"2019-03-20T10:02:11","date_gmt":"2019-03-20T12:02:11","guid":{"rendered":"https:\/\/tech-nika.lt\/?post_type=product&#038;p=773"},"modified":"2024-11-26T11:00:42","modified_gmt":"2024-11-26T13:00:42","slug":"sniego-peilis-lengvas-c-serija","status":"publish","type":"product","link":"https:\/\/tech-nika.lt\/ru\/product\/sniego-peilis-lengvas-c-serija\/","title":{"rendered":"\u0421\u043d\u0435\u0433\u043e\u043e\u0447\u0438\u0441\u0442\u0438\u0442\u0435\u043b\u044c C \u043b\u0435\u0433\u043a\u0438\u0439","raw":"\u0421\u043d\u0435\u0433\u043e\u043e\u0447\u0438\u0441\u0442\u0438\u0442\u0435\u043b\u044c C \u043b\u0435\u0433\u043a\u0438\u0439"},"content":{"rendered":"<table style=\"height: 258px\" width=\"535\">\n<tbody>\n<tr>\n<td width=\"113\">\u041c\u043e\u0434\u0435\u043b\u044c<\/td>\n<td width=\"132\">\u0428\u0438\u0440\u0438\u043d\u0430<\/td>\n<td width=\"123\">\u0412\u044b\u0441\u043e\u0442\u0430<\/td>\n<td width=\"123\">\u041c\u0430\u0441\u0441\u0430<\/td>\n<td width=\"170\">\u0426\u0435\u043d\u0430 \u0432 \u0435\u0432\u0440\u043e, \u0431\u0435\u0437 \u041d\u0414\u0421<\/td>\n<\/tr>\n<tr>\n<td width=\"113\"><strong>P14<\/strong><\/td>\n<td width=\"132\"><strong>1,4 m<\/strong><\/td>\n<td width=\"123\"><strong>0,7 m<\/strong><\/td>\n<td width=\"123\"><strong>150 kg<\/strong><\/td>\n<td width=\"170\"><strong>1075<\/strong><\/td>\n<\/tr>\n<tr>\n<td width=\"113\"><strong>P16<\/strong><\/td>\n<td width=\"132\"><strong>1,6 m<\/strong><\/td>\n<td width=\"123\"><strong>0,7 m<\/strong><\/td>\n<td width=\"123\"><strong>165 kg<\/strong><\/td>\n<td width=\"170\"><strong>1095<\/strong><\/td>\n<\/tr>\n<tr>\n<td width=\"113\"><strong>P18<\/strong><\/td>\n<td width=\"132\"><strong>1,8 m<\/strong><\/td>\n<td width=\"123\"><strong>0,7 m<\/strong><\/td>\n<td width=\"123\"><strong>180 kg<\/strong><\/td>\n<td width=\"170\"><strong>1120<\/strong><\/td>\n<\/tr>\n<tr>\n<td width=\"113\"><strong>P2<\/strong><\/td>\n<td width=\"132\"><strong>2 m<\/strong><\/td>\n<td width=\"123\"><strong>0,7 m<\/strong><\/td>\n<td width=\"123\"><strong>195 kg<\/strong><\/td>\n<td width=\"170\"><strong>1140<\/strong><\/td>\n<\/tr>\n<tr>\n<td width=\"113\"><strong>P22<\/strong><\/td>\n<td width=\"132\"><strong>2,2 m<\/strong><\/td>\n<td width=\"123\"><strong>0,7 m<\/strong><\/td>\n<td width=\"123\"><strong>210 kg<\/strong><\/td>\n<td width=\"170\"><strong>1175<\/strong><\/td>\n<\/tr>\n<tr>\n<td width=\"113\"><strong>P24<\/strong><\/td>\n<td width=\"132\"><strong>2,4 m<\/strong><\/td>\n<td width=\"123\"><strong>0,7 m<\/strong><\/td>\n<td width=\"123\"><strong>225 kg<\/strong><\/td>\n<td width=\"170\"><strong>1220<\/strong><\/td>\n<\/tr>\n<tr>\n<td width=\"113\"><strong>P25<\/strong><\/td>\n<td width=\"132\"><strong>2,5 m<\/strong><\/td>\n<td width=\"123\"><strong>0,7 m<\/strong><\/td>\n<td width=\"123\"><strong>235 kg<\/strong><\/td>\n<td width=\"170\"><strong>1245<\/strong><\/td>\n<\/tr>\n<\/tbody>\n<\/table>\n<p>&nbsp;<\/p>\n","protected":false,"raw":"<table style=\"height: 258px\" width=\"535\">\r\n<tbody>\r\n<tr>\r\n<td width=\"113\">\u041c\u043e\u0434\u0435\u043b\u044c<\/td>\r\n<td width=\"132\">\u0428\u0438\u0440\u0438\u043d\u0430<\/td>\r\n<td width=\"123\">\u0412\u044b\u0441\u043e\u0442\u0430<\/td>\r\n<td width=\"123\">\u041c\u0430\u0441\u0441\u0430<\/td>\r\n<td width=\"170\">\u0426\u0435\u043d\u0430 \u0432 \u0435\u0432\u0440\u043e, \u0431\u0435\u0437 \u041d\u0414\u0421<\/td>\r\n<\/tr>\r\n<tr>\r\n<td width=\"113\"><strong>P14<\/strong><\/td>\r\n<td width=\"132\"><strong>1,4 m<\/strong><\/td>\r\n<td width=\"123\"><strong>0,7 m<\/strong><\/td>\r\n<td width=\"123\"><strong>150 kg<\/strong><\/td>\r\n<td width=\"170\"><strong>1075<\/strong><\/td>\r\n<\/tr>\r\n<tr>\r\n<td width=\"113\"><strong>P16<\/strong><\/td>\r\n<td width=\"132\"><strong>1,6 m<\/strong><\/td>\r\n<td width=\"123\"><strong>0,7 m<\/strong><\/td>\r\n<td width=\"123\"><strong>165 kg<\/strong><\/td>\r\n<td width=\"170\"><strong>1095<\/strong><\/td>\r\n<\/tr>\r\n<tr>\r\n<td width=\"113\"><strong>P18<\/strong><\/td>\r\n<td width=\"132\"><strong>1,8 m<\/strong><\/td>\r\n<td width=\"123\"><strong>0,7 m<\/strong><\/td>\r\n<td width=\"123\"><strong>180 kg<\/strong><\/td>\r\n<td width=\"170\"><strong>1120<\/strong><\/td>\r\n<\/tr>\r\n<tr>\r\n<td width=\"113\"><strong>P2<\/strong><\/td>\r\n<td width=\"132\"><strong>2 m<\/strong><\/td>\r\n<td width=\"123\"><strong>0,7 m<\/strong><\/td>\r\n<td width=\"123\"><strong>195 kg<\/strong><\/td>\r\n<td width=\"170\"><strong>1140<\/strong><\/td>\r\n<\/tr>\r\n<tr>\r\n<td width=\"113\"><strong>P22<\/strong><\/td>\r\n<td width=\"132\"><strong>2,2 m<\/strong><\/td>\r\n<td width=\"123\"><strong>0,7 m<\/strong><\/td>\r\n<td width=\"123\"><strong>210 kg<\/strong><\/td>\r\n<td width=\"170\"><strong>1175<\/strong><\/td>\r\n<\/tr>\r\n<tr>\r\n<td width=\"113\"><strong>P24<\/strong><\/td>\r\n<td width=\"132\"><strong>2,4 m<\/strong><\/td>\r\n<td width=\"123\"><strong>0,7 m<\/strong><\/td>\r\n<td width=\"123\"><strong>225 kg<\/strong><\/td>\r\n<td width=\"170\"><strong>1220<\/strong><\/td>\r\n<\/tr>\r\n<tr>\r\n<td width=\"113\"><strong>P25<\/strong><\/td>\r\n<td width=\"132\"><strong>2,5 m<\/strong><\/td>\r\n<td width=\"123\"><strong>0,7 m<\/strong><\/td>\r\n<td width=\"123\"><strong>235 kg<\/strong><\/td>\r\n<td width=\"170\"><strong>1245<\/strong><\/td>\r\n<\/tr>\r\n<\/tbody>\r\n<\/table>\r\n&nbsp;"},"excerpt":{"rendered":"<p>\u0421\u043d\u0435\u0433\u043e\u043e\u0442\u0432\u0430\u043b, \u0438\u0437\u0433\u043e\u0442\u043e\u0432\u043b\u0435\u043d\u043d\u044b\u0439 \u0438\u0437 \u043f\u0440\u043e\u0447\u043d\u043e\u0439 \u0441\u0442\u0430\u043b\u0438, \u043f\u0440\u0435\u0434\u043d\u0430\u0437\u043d\u0430\u0447\u0435\u043d \u0434\u043b\u044f \u0441\u0433\u043b\u0430\u0436\u0438\u0432\u0430\u043d\u0438\u044f \u0433\u0440\u0430\u0432\u0438\u0439\u043d\u044b\u0445 \u0434\u043e\u0440\u043e\u0433, \u0443\u0431\u043e\u0440\u043a\u0438 \u043d\u0430\u0432\u043e\u0437\u0430 \u043d\u0430 \u0444\u0435\u0440\u043c\u0430\u0445 \u0438\u043b\u0438 \u0443\u0431\u043e\u0440\u043a\u0438 \u0441\u043d\u0435\u0433\u0430. \u0421\u0430\u043c\u043e \u043b\u0435\u0437\u0432\u0438\u0435 \u0438\u0437\u0433\u043e\u0442\u043e\u0432\u043b\u0435\u043d\u043e \u0438\u0437 \u0446\u0435\u043b\u044c\u043d\u043e\u0433\u043e \u043b\u0438\u0441\u0442\u0430, \u043a \u043d\u0438\u0436\u043d\u0435\u0439 \u0447\u0430\u0441\u0442\u0438 \u043f\u0440\u0438\u043a\u0440\u0435\u043f\u043b\u0435\u043d\u0430 \u0440\u0435\u0437\u0438\u043d\u043e\u0432\u0430\u044f \u043e\u0441\u043d\u043e\u0432\u0430, \u0447\u0442\u043e \u0433\u0430\u0440\u0430\u043d\u0442\u0438\u0440\u0443\u0435\u0442, \u0447\u0442\u043e \u043e\u0447\u0438\u0449\u0430\u0435\u043c\u0430\u044f \u043f\u043e\u0432\u0435\u0440\u0445\u043d\u043e\u0441\u0442\u044c \u043d\u0435 \u0431\u0443\u0434\u0435\u0442 \u043f\u043e\u0446\u0430\u0440\u0430\u043f\u0430\u043d\u0430 \u0438\u043b\u0438 \u0438\u043d\u044b\u043c \u043e\u0431\u0440\u0430\u0437\u043e\u043c \u043f\u043e\u0432\u0440\u0435\u0436\u0434\u0435\u043d\u0430.<\/p>\n<p>\u041d\u043e\u0436 \u0441 \u043f\u043e\u043c\u043e\u0449\u044c\u044e \u0433\u0438\u0434\u0440\u0430\u0432\u043b\u0438\u0447\u0435\u0441\u043a\u043e\u0439 \u0441\u0438\u0441\u0442\u0435\u043c\u044b \u043c\u043e\u0436\u0435\u0442 \u0431\u044b\u0442\u044c \u043d\u0430\u043f\u0440\u0430\u0432\u043b\u0435\u043d \u043f\u043e\u0434 \u0443\u0433\u043b\u043e\u043c 25 \u0433\u0440\u0430\u0434\u0443\u0441\u043e\u0432 \u043a\u0430\u043a \u0432\u043f\u0440\u0430\u0432\u043e, \u0442\u0430\u043a \u0438 \u0432\u043b\u0435\u0432\u043e, \u0447\u0442\u043e \u0434\u0435\u043b\u0430\u0435\u0442 \u0435\u0433\u043e \u0443\u043d\u0438\u0432\u0435\u0440\u0441\u0430\u043b\u044c\u043d\u044b\u043c \u0447\u0438\u0441\u0442\u044f\u0449\u0438\u043c \u0443\u0441\u0442\u0440\u043e\u0439\u0441\u0442\u0432\u043e\u043c.<\/p>\n<p>\u0417\u0430\u0449\u0438\u0442\u043d\u0430\u044f \u0440\u0435\u0437\u0438\u043d\u0430 \u0430\u0440\u043c\u0438\u0440\u043e\u0432\u0430\u043d\u0430 \u0441\u0442\u0430\u043b\u044c\u043d\u043e\u0439 \u043f\u0440\u043e\u0432\u043e\u043b\u043e\u043a\u043e\u0439.<\/p>\n<p>\u0421\u0442\u043e\u0438\u043c\u043e\u0441\u0442\u044c \u0434\u043e\u0441\u0442\u0430\u0432\u043a\u0438 \u043e\u0433\u043e\u0432\u0430\u0440\u0438\u0432\u0430\u0435\u0442\u0441\u044f \u0438\u043d\u0434\u0438\u0432\u0438\u0434\u0443\u0430\u043b\u044c\u043d\u043e.<br \/>\n\u0413\u0430\u0440\u0430\u043d\u0442\u0438\u0438 \u043f\u0440\u0435\u0434\u043e\u0441\u0442\u0430\u0432\u043b\u044f\u044e\u0442\u0441\u044f.<\/p>\n","protected":false,"raw":"\u0421\u043d\u0435\u0433\u043e\u043e\u0442\u0432\u0430\u043b, \u0438\u0437\u0433\u043e\u0442\u043e\u0432\u043b\u0435\u043d\u043d\u044b\u0439 \u0438\u0437 \u043f\u0440\u043e\u0447\u043d\u043e\u0439 \u0441\u0442\u0430\u043b\u0438, \u043f\u0440\u0435\u0434\u043d\u0430\u0437\u043d\u0430\u0447\u0435\u043d \u0434\u043b\u044f \u0441\u0433\u043b\u0430\u0436\u0438\u0432\u0430\u043d\u0438\u044f \u0433\u0440\u0430\u0432\u0438\u0439\u043d\u044b\u0445 \u0434\u043e\u0440\u043e\u0433, \u0443\u0431\u043e\u0440\u043a\u0438 \u043d\u0430\u0432\u043e\u0437\u0430 \u043d\u0430 \u0444\u0435\u0440\u043c\u0430\u0445 \u0438\u043b\u0438 \u0443\u0431\u043e\u0440\u043a\u0438 \u0441\u043d\u0435\u0433\u0430. \u0421\u0430\u043c\u043e \u043b\u0435\u0437\u0432\u0438\u0435 \u0438\u0437\u0433\u043e\u0442\u043e\u0432\u043b\u0435\u043d\u043e \u0438\u0437 \u0446\u0435\u043b\u044c\u043d\u043e\u0433\u043e \u043b\u0438\u0441\u0442\u0430, \u043a \u043d\u0438\u0436\u043d\u0435\u0439 \u0447\u0430\u0441\u0442\u0438 \u043f\u0440\u0438\u043a\u0440\u0435\u043f\u043b\u0435\u043d\u0430 \u0440\u0435\u0437\u0438\u043d\u043e\u0432\u0430\u044f \u043e\u0441\u043d\u043e\u0432\u0430, \u0447\u0442\u043e \u0433\u0430\u0440\u0430\u043d\u0442\u0438\u0440\u0443\u0435\u0442, \u0447\u0442\u043e \u043e\u0447\u0438\u0449\u0430\u0435\u043c\u0430\u044f \u043f\u043e\u0432\u0435\u0440\u0445\u043d\u043e\u0441\u0442\u044c \u043d\u0435 \u0431\u0443\u0434\u0435\u0442 \u043f\u043e\u0446\u0430\u0440\u0430\u043f\u0430\u043d\u0430 \u0438\u043b\u0438 \u0438\u043d\u044b\u043c \u043e\u0431\u0440\u0430\u0437\u043e\u043c \u043f\u043e\u0432\u0440\u0435\u0436\u0434\u0435\u043d\u0430.\r\n\r\n\u041d\u043e\u0436 \u0441 \u043f\u043e\u043c\u043e\u0449\u044c\u044e \u0433\u0438\u0434\u0440\u0430\u0432\u043b\u0438\u0447\u0435\u0441\u043a\u043e\u0439 \u0441\u0438\u0441\u0442\u0435\u043c\u044b \u043c\u043e\u0436\u0435\u0442 \u0431\u044b\u0442\u044c \u043d\u0430\u043f\u0440\u0430\u0432\u043b\u0435\u043d \u043f\u043e\u0434 \u0443\u0433\u043b\u043e\u043c 25 \u0433\u0440\u0430\u0434\u0443\u0441\u043e\u0432 \u043a\u0430\u043a \u0432\u043f\u0440\u0430\u0432\u043e, \u0442\u0430\u043a \u0438 \u0432\u043b\u0435\u0432\u043e, \u0447\u0442\u043e \u0434\u0435\u043b\u0430\u0435\u0442 \u0435\u0433\u043e \u0443\u043d\u0438\u0432\u0435\u0440\u0441\u0430\u043b\u044c\u043d\u044b\u043c \u0447\u0438\u0441\u0442\u044f\u0449\u0438\u043c \u0443\u0441\u0442\u0440\u043e\u0439\u0441\u0442\u0432\u043e\u043c.\r\n\r\n\u0417\u0430\u0449\u0438\u0442\u043d\u0430\u044f \u0440\u0435\u0437\u0438\u043d\u0430 \u0430\u0440\u043c\u0438\u0440\u043e\u0432\u0430\u043d\u0430 \u0441\u0442\u0430\u043b\u044c\u043d\u043e\u0439 \u043f\u0440\u043e\u0432\u043e\u043b\u043e\u043a\u043e\u0439.\r\n\r\n\u0421\u0442\u043e\u0438\u043c\u043e\u0441\u0442\u044c \u0434\u043e\u0441\u0442\u0430\u0432\u043a\u0438 \u043e\u0433\u043e\u0432\u0430\u0440\u0438\u0432\u0430\u0435\u0442\u0441\u044f \u0438\u043d\u0434\u0438\u0432\u0438\u0434\u0443\u0430\u043b\u044c\u043d\u043e.\r\n\u0413\u0430\u0440\u0430\u043d\u0442\u0438\u0438 \u043f\u0440\u0435\u0434\u043e\u0441\u0442\u0430\u0432\u043b\u044f\u044e\u0442\u0441\u044f."},"featured_media":774,"template":"","meta":{"_lt_post_content":"<table style=\"height: 258px\" width=\"535\">\r\n<tbody>\r\n<tr>\r\n<td width=\"113\"><strong>Modelis<\/strong><\/td>\r\n<td width=\"132\"><strong>Plotis<\/strong><\/td>\r\n<td width=\"123\"><strong>Auk\u0161tis<\/strong><\/td>\r\n<td width=\"123\"><strong>Svoris<\/strong><\/td>\r\n<td width=\"170\"><strong>Kaina EUR, be PVM<\/strong><\/td>\r\n<\/tr>\r\n<tr>\r\n<td width=\"113\"><strong>P14<\/strong><\/td>\r\n<td width=\"132\"><strong>1,4 m<\/strong><\/td>\r\n<td width=\"123\"><strong>0,7 m<\/strong><\/td>\r\n<td width=\"123\"><strong>150 kg<\/strong><\/td>\r\n<td width=\"170\"><strong>1075<\/strong><\/td>\r\n<\/tr>\r\n<tr>\r\n<td width=\"113\"><strong>P16<\/strong><\/td>\r\n<td width=\"132\"><strong>1,6 m<\/strong><\/td>\r\n<td width=\"123\"><strong>0,7 m<\/strong><\/td>\r\n<td width=\"123\"><strong>165 kg<\/strong><\/td>\r\n<td width=\"170\"><strong>1095<\/strong><\/td>\r\n<\/tr>\r\n<tr>\r\n<td width=\"113\"><strong>P18<\/strong><\/td>\r\n<td width=\"132\"><strong>1,8 m<\/strong><\/td>\r\n<td width=\"123\"><strong>0,7 m<\/strong><\/td>\r\n<td width=\"123\"><strong>180 kg<\/strong><\/td>\r\n<td width=\"170\"><strong>1120<\/strong><\/td>\r\n<\/tr>\r\n<tr>\r\n<td width=\"113\"><strong>P2<\/strong><\/td>\r\n<td width=\"132\"><strong>2 m<\/strong><\/td>\r\n<td width=\"123\"><strong>0,7 m<\/strong><\/td>\r\n<td width=\"123\"><strong>195 kg<\/strong><\/td>\r\n<td width=\"170\"><strong>1140<\/strong><\/td>\r\n<\/tr>\r\n<tr>\r\n<td width=\"113\"><strong>P22<\/strong><\/td>\r\n<td width=\"132\"><strong>2,2 m<\/strong><\/td>\r\n<td width=\"123\"><strong>0,7 m<\/strong><\/td>\r\n<td width=\"123\"><strong>210 kg<\/strong><\/td>\r\n<td width=\"170\"><strong>1175<\/strong><\/td>\r\n<\/tr>\r\n<tr>\r\n<td width=\"113\"><strong>P24<\/strong><\/td>\r\n<td width=\"132\"><strong>2,4 m<\/strong><\/td>\r\n<td width=\"123\"><strong>0,7 m<\/strong><\/td>\r\n<td width=\"123\"><strong>225 kg<\/strong><\/td>\r\n<td width=\"170\"><strong>1220<\/strong><\/td>\r\n<\/tr>\r\n<tr>\r\n<td width=\"113\"><strong>P25<\/strong><\/td>\r\n<td width=\"132\"><strong>2,5 m<\/strong><\/td>\r\n<td width=\"123\"><strong>0,7 m<\/strong><\/td>\r\n<td width=\"123\"><strong>235 kg<\/strong><\/td>\r\n<td width=\"170\"><strong>1245<\/strong><\/td>\r\n<\/tr>\r\n<\/tbody>\r\n<\/table>\r\n&nbsp;","_lt_post_name":"sniego-peilis-lengvas-c-serija","_lt_post_excerpt":"I\u0161 tvirto plieno pagamintas sniego peilis yra skirtas \u017evyruot\u0173 keli\u0173 lyginimui, m\u0117\u0161lo grandymui fermose ar sniego stumdymui. Pats peilis pagamintas i\u0161 vientiso lak\u0161to, o jo apa\u010dioje pritvirtintas guminis pagrindas, kuris u\u017etikrina, kad valomas pavir\u0161ius nebus subrai\u017eytas ar kitaip pa\u017eeistas.\r\n\r\nPeilis, hidraulin\u0117s sistemos pagalba, gali b\u016bti nukreiptas 25 laipsni\u0173 kampu tiek \u012f de\u0161in\u0119, tiek kair\u0119 pus\u0119, kas daro j\u012f universaliu valymo \u012frenginiu.\r\n\r\nApsaugin\u0117 guma yra sustiprinta plienine viela.\r\n\r\nPristatymo kaina derinama individualiai.\r\nSuteikiamos garantijos.","_lt_post_title":"Sniego peilis (lengvas) C serija","_en_post_content":"&nbsp;\r\n<table style=\"height: 258px\" width=\"535\">\r\n<tbody>\r\n<tr>\r\n<td width=\"113\"><strong>ModeL<\/strong><\/td>\r\n<td width=\"132\"><strong>Widht<\/strong><\/td>\r\n<td width=\"123\"><strong>Height<\/strong><\/td>\r\n<td width=\"123\"><strong>Weight<\/strong><\/td>\r\n<td width=\"170\"><strong>NET Price EUR<\/strong><\/td>\r\n<\/tr>\r\n<tr>\r\n<td width=\"113\"><strong>P14<\/strong><\/td>\r\n<td width=\"132\"><strong>1,4 m<\/strong><\/td>\r\n<td width=\"123\"><strong>0,7 m<\/strong><\/td>\r\n<td width=\"123\"><strong>150 kg<\/strong><\/td>\r\n<td width=\"170\"><strong>1075<\/strong><\/td>\r\n<\/tr>\r\n<tr>\r\n<td width=\"113\"><strong>P16<\/strong><\/td>\r\n<td width=\"132\"><strong>1,6 m<\/strong><\/td>\r\n<td width=\"123\"><strong>0,7 m<\/strong><\/td>\r\n<td width=\"123\"><strong>165 kg<\/strong><\/td>\r\n<td width=\"170\"><strong>1095<\/strong><\/td>\r\n<\/tr>\r\n<tr>\r\n<td width=\"113\"><strong>P18<\/strong><\/td>\r\n<td width=\"132\"><strong>1,8 m<\/strong><\/td>\r\n<td width=\"123\"><strong>0,7 m<\/strong><\/td>\r\n<td width=\"123\"><strong>180 kg<\/strong><\/td>\r\n<td width=\"170\"><strong>1120<\/strong><\/td>\r\n<\/tr>\r\n<tr>\r\n<td width=\"113\"><strong>P2<\/strong><\/td>\r\n<td width=\"132\"><strong>2 m<\/strong><\/td>\r\n<td width=\"123\"><strong>0,7 m<\/strong><\/td>\r\n<td width=\"123\"><strong>195 kg<\/strong><\/td>\r\n<td width=\"170\"><strong>1140<\/strong><\/td>\r\n<\/tr>\r\n<tr>\r\n<td width=\"113\"><strong>P22<\/strong><\/td>\r\n<td width=\"132\"><strong>2,2 m<\/strong><\/td>\r\n<td width=\"123\"><strong>0,7 m<\/strong><\/td>\r\n<td width=\"123\"><strong>210 kg<\/strong><\/td>\r\n<td width=\"170\"><strong>1175<\/strong><\/td>\r\n<\/tr>\r\n<tr>\r\n<td width=\"113\"><strong>P24<\/strong><\/td>\r\n<td width=\"132\"><strong>2,4 m<\/strong><\/td>\r\n<td width=\"123\"><strong>0,7 m<\/strong><\/td>\r\n<td width=\"123\"><strong>225 kg<\/strong><\/td>\r\n<td width=\"170\"><strong>1220<\/strong><\/td>\r\n<\/tr>\r\n<tr>\r\n<td width=\"113\"><strong>P25<\/strong><\/td>\r\n<td width=\"132\"><strong>2,5 m<\/strong><\/td>\r\n<td width=\"123\"><strong>0,7 m<\/strong><\/td>\r\n<td width=\"123\"><strong>235 kg<\/strong><\/td>\r\n<td width=\"170\"><strong>1245<\/strong><\/td>\r\n<\/tr>\r\n<\/tbody>\r\n<\/table>\r\n&nbsp;","_en_post_name":"snow-plow-c-type-light","_en_post_excerpt":"Made of solid steel, the snow blade is designed for smoothing gravel roads, scraping manure on farms or pushing snow. The blade itself is made of a solid sheet, with a rubber base attached to the bottom, which ensures that the surface being cleaned will not be scratched or otherwise damaged.\r\n\r\nThe knife, with the help of a hydraulic system, can be directed at an angle of 25 degrees both to the right and to the left, which makes it a universal cleaning device.\r\n\r\nThe protective rubber is reinforced with steel wire.\r\n\r\nThe delivery price is negotiated individually.\r\nGuarantees are provided.","_en_post_title":"SNOW PLOW - C TYPE LIGHT","_ru_post_content":"<table style=\"height: 258px\" width=\"535\">\r\n<tbody>\r\n<tr>\r\n<td width=\"113\">\u041c\u043e\u0434\u0435\u043b\u044c<\/td>\r\n<td width=\"132\">\u0428\u0438\u0440\u0438\u043d\u0430<\/td>\r\n<td width=\"123\">\u0412\u044b\u0441\u043e\u0442\u0430<\/td>\r\n<td width=\"123\">\u041c\u0430\u0441\u0441\u0430<\/td>\r\n<td width=\"170\">\u0426\u0435\u043d\u0430 \u0432 \u0435\u0432\u0440\u043e, \u0431\u0435\u0437 \u041d\u0414\u0421<\/td>\r\n<\/tr>\r\n<tr>\r\n<td width=\"113\"><strong>P14<\/strong><\/td>\r\n<td width=\"132\"><strong>1,4 m<\/strong><\/td>\r\n<td width=\"123\"><strong>0,7 m<\/strong><\/td>\r\n<td width=\"123\"><strong>150 kg<\/strong><\/td>\r\n<td width=\"170\"><strong>1075<\/strong><\/td>\r\n<\/tr>\r\n<tr>\r\n<td width=\"113\"><strong>P16<\/strong><\/td>\r\n<td width=\"132\"><strong>1,6 m<\/strong><\/td>\r\n<td width=\"123\"><strong>0,7 m<\/strong><\/td>\r\n<td width=\"123\"><strong>165 kg<\/strong><\/td>\r\n<td width=\"170\"><strong>1095<\/strong><\/td>\r\n<\/tr>\r\n<tr>\r\n<td width=\"113\"><strong>P18<\/strong><\/td>\r\n<td width=\"132\"><strong>1,8 m<\/strong><\/td>\r\n<td width=\"123\"><strong>0,7 m<\/strong><\/td>\r\n<td width=\"123\"><strong>180 kg<\/strong><\/td>\r\n<td width=\"170\"><strong>1120<\/strong><\/td>\r\n<\/tr>\r\n<tr>\r\n<td width=\"113\"><strong>P2<\/strong><\/td>\r\n<td width=\"132\"><strong>2 m<\/strong><\/td>\r\n<td width=\"123\"><strong>0,7 m<\/strong><\/td>\r\n<td width=\"123\"><strong>195 kg<\/strong><\/td>\r\n<td width=\"170\"><strong>1140<\/strong><\/td>\r\n<\/tr>\r\n<tr>\r\n<td width=\"113\"><strong>P22<\/strong><\/td>\r\n<td width=\"132\"><strong>2,2 m<\/strong><\/td>\r\n<td width=\"123\"><strong>0,7 m<\/strong><\/td>\r\n<td width=\"123\"><strong>210 kg<\/strong><\/td>\r\n<td width=\"170\"><strong>1175<\/strong><\/td>\r\n<\/tr>\r\n<tr>\r\n<td width=\"113\"><strong>P24<\/strong><\/td>\r\n<td width=\"132\"><strong>2,4 m<\/strong><\/td>\r\n<td width=\"123\"><strong>0,7 m<\/strong><\/td>\r\n<td width=\"123\"><strong>225 kg<\/strong><\/td>\r\n<td width=\"170\"><strong>1220<\/strong><\/td>\r\n<\/tr>\r\n<tr>\r\n<td width=\"113\"><strong>P25<\/strong><\/td>\r\n<td width=\"132\"><strong>2,5 m<\/strong><\/td>\r\n<td width=\"123\"><strong>0,7 m<\/strong><\/td>\r\n<td width=\"123\"><strong>235 kg<\/strong><\/td>\r\n<td width=\"170\"><strong>1245<\/strong><\/td>\r\n<\/tr>\r\n<\/tbody>\r\n<\/table>\r\n&nbsp;","_ru_post_name":"sniego-peilis-lengvas-c-serija","_ru_post_excerpt":"\u0421\u043d\u0435\u0433\u043e\u043e\u0442\u0432\u0430\u043b, \u0438\u0437\u0433\u043e\u0442\u043e\u0432\u043b\u0435\u043d\u043d\u044b\u0439 \u0438\u0437 \u043f\u0440\u043e\u0447\u043d\u043e\u0439 \u0441\u0442\u0430\u043b\u0438, \u043f\u0440\u0435\u0434\u043d\u0430\u0437\u043d\u0430\u0447\u0435\u043d \u0434\u043b\u044f \u0441\u0433\u043b\u0430\u0436\u0438\u0432\u0430\u043d\u0438\u044f \u0433\u0440\u0430\u0432\u0438\u0439\u043d\u044b\u0445 \u0434\u043e\u0440\u043e\u0433, \u0443\u0431\u043e\u0440\u043a\u0438 \u043d\u0430\u0432\u043e\u0437\u0430 \u043d\u0430 \u0444\u0435\u0440\u043c\u0430\u0445 \u0438\u043b\u0438 \u0443\u0431\u043e\u0440\u043a\u0438 \u0441\u043d\u0435\u0433\u0430. \u0421\u0430\u043c\u043e \u043b\u0435\u0437\u0432\u0438\u0435 \u0438\u0437\u0433\u043e\u0442\u043e\u0432\u043b\u0435\u043d\u043e \u0438\u0437 \u0446\u0435\u043b\u044c\u043d\u043e\u0433\u043e \u043b\u0438\u0441\u0442\u0430, \u043a \u043d\u0438\u0436\u043d\u0435\u0439 \u0447\u0430\u0441\u0442\u0438 \u043f\u0440\u0438\u043a\u0440\u0435\u043f\u043b\u0435\u043d\u0430 \u0440\u0435\u0437\u0438\u043d\u043e\u0432\u0430\u044f \u043e\u0441\u043d\u043e\u0432\u0430, \u0447\u0442\u043e \u0433\u0430\u0440\u0430\u043d\u0442\u0438\u0440\u0443\u0435\u0442, \u0447\u0442\u043e \u043e\u0447\u0438\u0449\u0430\u0435\u043c\u0430\u044f \u043f\u043e\u0432\u0435\u0440\u0445\u043d\u043e\u0441\u0442\u044c \u043d\u0435 \u0431\u0443\u0434\u0435\u0442 \u043f\u043e\u0446\u0430\u0440\u0430\u043f\u0430\u043d\u0430 \u0438\u043b\u0438 \u0438\u043d\u044b\u043c \u043e\u0431\u0440\u0430\u0437\u043e\u043c \u043f\u043e\u0432\u0440\u0435\u0436\u0434\u0435\u043d\u0430.\r\n\r\n\u041d\u043e\u0436 \u0441 \u043f\u043e\u043c\u043e\u0449\u044c\u044e \u0433\u0438\u0434\u0440\u0430\u0432\u043b\u0438\u0447\u0435\u0441\u043a\u043e\u0439 \u0441\u0438\u0441\u0442\u0435\u043c\u044b \u043c\u043e\u0436\u0435\u0442 \u0431\u044b\u0442\u044c \u043d\u0430\u043f\u0440\u0430\u0432\u043b\u0435\u043d \u043f\u043e\u0434 \u0443\u0433\u043b\u043e\u043c 25 \u0433\u0440\u0430\u0434\u0443\u0441\u043e\u0432 \u043a\u0430\u043a \u0432\u043f\u0440\u0430\u0432\u043e, \u0442\u0430\u043a \u0438 \u0432\u043b\u0435\u0432\u043e, \u0447\u0442\u043e \u0434\u0435\u043b\u0430\u0435\u0442 \u0435\u0433\u043e \u0443\u043d\u0438\u0432\u0435\u0440\u0441\u0430\u043b\u044c\u043d\u044b\u043c \u0447\u0438\u0441\u0442\u044f\u0449\u0438\u043c \u0443\u0441\u0442\u0440\u043e\u0439\u0441\u0442\u0432\u043e\u043c.\r\n\r\n\u0417\u0430\u0449\u0438\u0442\u043d\u0430\u044f \u0440\u0435\u0437\u0438\u043d\u0430 \u0430\u0440\u043c\u0438\u0440\u043e\u0432\u0430\u043d\u0430 \u0441\u0442\u0430\u043b\u044c\u043d\u043e\u0439 \u043f\u0440\u043e\u0432\u043e\u043b\u043e\u043a\u043e\u0439.\r\n\r\n\u0421\u0442\u043e\u0438\u043c\u043e\u0441\u0442\u044c \u0434\u043e\u0441\u0442\u0430\u0432\u043a\u0438 \u043e\u0433\u043e\u0432\u0430\u0440\u0438\u0432\u0430\u0435\u0442\u0441\u044f \u0438\u043d\u0434\u0438\u0432\u0438\u0434\u0443\u0430\u043b\u044c\u043d\u043e.\r\n\u0413\u0430\u0440\u0430\u043d\u0442\u0438\u0438 \u043f\u0440\u0435\u0434\u043e\u0441\u0442\u0430\u0432\u043b\u044f\u044e\u0442\u0441\u044f.","_ru_post_title":"\u0421\u043d\u0435\u0433\u043e\u043e\u0447\u0438\u0441\u0442\u0438\u0442\u0435\u043b\u044c C \u043b\u0435\u0433\u043a\u0438\u0439","edit_language":"ru"},"product_brand":[],"product_cat":[61],"product_tag":[107,108],"class_list":{"0":"post-773","1":"product","2":"type-product","3":"status-publish","4":"has-post-thumbnail","6":"product_cat-sniego-peilis-c-serija-lengvas","7":"product_tag-sniego-peilis","8":"product_tag-sniego-valytuvas","10":"first","11":"instock","12":"taxable","13":"shipping-taxable","14":"purchasable","15":"product-type-simple"},"_links":{"self":[{"href":"https:\/\/tech-nika.lt\/ru\/wp-json\/wp\/v2\/product\/773","targetHints":{"allow":["GET"]}}],"collection":[{"href":"https:\/\/tech-nika.lt\/ru\/wp-json\/wp\/v2\/product"}],"about":[{"href":"https:\/\/tech-nika.lt\/ru\/wp-json\/wp\/v2\/types\/product"}],"wp:featuredmedia":[{"embeddable":true,"href":"https:\/\/tech-nika.lt\/ru\/wp-json\/wp\/v2\/media\/774"}],"wp:attachment":[{"href":"https:\/\/tech-nika.lt\/ru\/wp-json\/wp\/v2\/media?parent=773"}],"wp:term":[{"taxonomy":"product_brand","embeddable":true,"href":"https:\/\/tech-nika.lt\/ru\/wp-json\/wp\/v2\/product_brand?post=773"},{"taxonomy":"product_cat","embeddable":true,"href":"https:\/\/tech-nika.lt\/ru\/wp-json\/wp\/v2\/product_cat?post=773"},{"taxonomy":"product_tag","embeddable":true,"href":"https:\/\/tech-nika.lt\/ru\/wp-json\/wp\/v2\/product_tag?post=773"}],"curies":[{"name":"wp","href":"https:\/\/api.w.org\/{rel}","templated":true}]}}