{"id":846,"date":"2019-03-22T08:10:44","date_gmt":"2019-03-22T10:10:44","guid":{"rendered":"https:\/\/tech-nika.lt\/?post_type=product&#038;p=846"},"modified":"2024-07-19T05:32:28","modified_gmt":"2024-07-19T07:32:28","slug":"","status":"publish","type":"product","link":"https:\/\/tech-nika.lt\/ru\/product\/pievu-prieziuros-akecios-wl6-6m\/","title":{"rendered":"","raw":""},"content":{"rendered":"","protected":false,"raw":""},"excerpt":{"rendered":"","protected":false,"raw":""},"featured_media":828,"template":"","meta":{"_lt_post_content":"<img class=\" wp-image-844 alignright\" src=\"https:\/\/tech-nika.lt\/wp-content\/uploads\/akecios-600x700.jpg\" alt=\"\" width=\"444\" height=\"518\" \/>Darbinis plotis - 6 m;\r\nCilindr\u0173 skai\u010dius - 1 vnt.;\r\nEili\u0173 skai\u010dius - 4;\r\nDarbini\u0173 element\u0173 skai\u010dius - 74 vnt.\r\nTraktoriaus galia nuo 75 AJ;\r\nSvoris - 610 kg;\r\nVamzd\u017eio sienel\u0117s storis 60 mmm.","_lt_post_name":"pievu-prieziuros-akecios-wl6-6m","_lt_post_excerpt":"Piev\u0173 prie\u017ei\u016bros ak\u0117\u010dios skirtos piev\u0173 ir lauk\u0173 prie\u017ei\u016brai. Efektyviai atnaujina pievas, i\u0161lygina kurmiarausius, m\u0117\u0161lo liekanas, palygina piev\u0173 pavir\u0161i\u0173.\r\n2 metr\u0173 ak\u0117\u010dios skirtos ma\u017eiems traktoriams. Nuo 4 m darbinio plo\u010dio ak\u0117\u010dios gaminamos su labai patvariu dvigubo veikimo hidrauliniu cilindru, skirtu ak\u0117\u010di\u0173 sulankstymui \/ i\u0161lankstymui.\r\n\u012erenginyje naudojamos auk\u0161tos kokyb\u0117s med\u017eiagos. Storasieniai vamzd\u017eiai ir profiliai bei dvipusiai ketaus elementai garantuoja ilg\u0105 tarnavimo laik\u0105.\r\nPrivalumai:\r\n\u2022 4 darbini\u0173 element\u0173 eil\u0117s;\r\n\u2022 Sustiprintas tvirtinimas;\r\n\u2022 Pagamintas i\u0161 plieno kampuo\u010dio;\r\n\u2022 Dvipusiai combi darbiniai elementai;\r\n\u2022 Sustiprinti vyriai;\r\n\u2022 Sujungimo \u017eiedai pagaminti i\u0161 14 mm vielos;\r\n\u2022 Papildoma grandin\u0117s apsauga;\r\n\u2022 Nusm\u0117liuota ir nuda\u017eyta milteliniais da\u017eais.\r\n\r\nKaina nurodyta su pristatymu Lietuvoje.\r\nSuteikiamos garantijos.","_lt_post_title":"Piev\u0173 prie\u017ei\u016bros ak\u0117\u010dios WL6, 6m","_en_post_content":"Drag harrow.\r\n\r\n&nbsp;","_en_post_name":"drag-harrow-wl6-6m","_en_post_excerpt":"","_en_post_title":"DRAG HARROW WL6, 6M","_ru_post_content":"","_ru_post_name":"","_ru_post_excerpt":"","_ru_post_title":"","edit_language":"ru"},"product_brand":[],"product_cat":[62],"product_tag":[],"class_list":{"0":"post-846","1":"product","2":"type-product","3":"status-publish","4":"has-post-thumbnail","6":"product_cat-pievu-prieziuros-akecios","8":"first","9":"instock","10":"taxable","11":"shipping-taxable","12":"purchasable","13":"product-type-simple"},"_links":{"self":[{"href":"https:\/\/tech-nika.lt\/ru\/wp-json\/wp\/v2\/product\/846","targetHints":{"allow":["GET"]}}],"collection":[{"href":"https:\/\/tech-nika.lt\/ru\/wp-json\/wp\/v2\/product"}],"about":[{"href":"https:\/\/tech-nika.lt\/ru\/wp-json\/wp\/v2\/types\/product"}],"wp:featuredmedia":[{"embeddable":true,"href":"https:\/\/tech-nika.lt\/ru\/wp-json\/wp\/v2\/media\/828"}],"wp:attachment":[{"href":"https:\/\/tech-nika.lt\/ru\/wp-json\/wp\/v2\/media?parent=846"}],"wp:term":[{"taxonomy":"product_brand","embeddable":true,"href":"https:\/\/tech-nika.lt\/ru\/wp-json\/wp\/v2\/product_brand?post=846"},{"taxonomy":"product_cat","embeddable":true,"href":"https:\/\/tech-nika.lt\/ru\/wp-json\/wp\/v2\/product_cat?post=846"},{"taxonomy":"product_tag","embeddable":true,"href":"https:\/\/tech-nika.lt\/ru\/wp-json\/wp\/v2\/product_tag?post=846"}],"curies":[{"name":"wp","href":"https:\/\/api.w.org\/{rel}","templated":true}]}}