{"id":933,"date":"2019-04-09T07:37:20","date_gmt":"2019-04-09T09:37:20","guid":{"rendered":"https:\/\/tech-nika.lt\/?post_type=product&#038;p=933"},"modified":"2022-04-22T04:47:21","modified_gmt":"2022-04-22T06:47:21","slug":"","status":"publish","type":"product","link":"https:\/\/tech-nika.lt\/ru\/product\/rastu-griebtuvas-1-modelis\/","title":{"rendered":"","raw":""},"content":{"rendered":"","protected":false,"raw":""},"excerpt":{"rendered":"","protected":false,"raw":""},"featured_media":932,"template":"","meta":{"_lt_post_content":"U\u017egriebimo auk\u0161tis 1 m;\r\nPlotis - 1,1 m;\r\nMinimalus rasto skersmuo - 0,3 m;\r\nAuk\u0161tis 1 m;\r\nNuosavas svoris 255 kg;\r\n2 hidrauliniai cilindrai.","_lt_post_name":"rastu-griebtuvas-1-modelis","_lt_post_excerpt":"Rast\u0173 griebtuvas skirtas med\u017ei\u0173, r\u0105st\u0173 ir lent\u0173 transportavimui. J\u0173 tvirta ir kompakti\u0161ka konstrukcija u\u017etikrina patog\u0173 ir saug\u0173 darb\u0105.\r\nSumontuoti du sustiprinti hidrauliniai cilindrai.\r\nGriebtuvai yra su tepimo antgaliais, dvigubomis pintos linijomis ir hidraulin\u0117mis jungtimis.\r\nKomplekte yra hidraulin\u0117s linijos su jungtimis.\r\n\r\nKaina nurodyta su pristatymu Lietuvoje.\r\nSuteikiamos garantijos.","_lt_post_title":"Rast\u0173 griebtuvas","_en_post_content":"2 hydraulic cylinders\r\n\r\nweight: 255 kg.","_en_post_name":"wood-grab","_en_post_excerpt":"","_en_post_title":"WOOD GRAB","_ru_post_content":"","_ru_post_name":"","_ru_post_excerpt":"","_ru_post_title":"","edit_language":"ru"},"product_brand":[],"product_cat":[68],"product_tag":[],"class_list":{"0":"post-933","1":"product","2":"type-product","3":"status-publish","4":"has-post-thumbnail","6":"product_cat-rastu-griebtuvas","8":"first","9":"instock","10":"taxable","11":"shipping-taxable","12":"purchasable","13":"product-type-simple"},"_links":{"self":[{"href":"https:\/\/tech-nika.lt\/ru\/wp-json\/wp\/v2\/product\/933","targetHints":{"allow":["GET"]}}],"collection":[{"href":"https:\/\/tech-nika.lt\/ru\/wp-json\/wp\/v2\/product"}],"about":[{"href":"https:\/\/tech-nika.lt\/ru\/wp-json\/wp\/v2\/types\/product"}],"wp:featuredmedia":[{"embeddable":true,"href":"https:\/\/tech-nika.lt\/ru\/wp-json\/wp\/v2\/media\/932"}],"wp:attachment":[{"href":"https:\/\/tech-nika.lt\/ru\/wp-json\/wp\/v2\/media?parent=933"}],"wp:term":[{"taxonomy":"product_brand","embeddable":true,"href":"https:\/\/tech-nika.lt\/ru\/wp-json\/wp\/v2\/product_brand?post=933"},{"taxonomy":"product_cat","embeddable":true,"href":"https:\/\/tech-nika.lt\/ru\/wp-json\/wp\/v2\/product_cat?post=933"},{"taxonomy":"product_tag","embeddable":true,"href":"https:\/\/tech-nika.lt\/ru\/wp-json\/wp\/v2\/product_tag?post=933"}],"curies":[{"name":"wp","href":"https:\/\/api.w.org\/{rel}","templated":true}]}}