{"id":983,"date":"2019-04-16T06:34:02","date_gmt":"2019-04-16T08:34:02","guid":{"rendered":"https:\/\/tech-nika.lt\/?post_type=product&#038;p=983"},"modified":"2022-04-22T06:23:20","modified_gmt":"2022-04-22T08:23:20","slug":"","status":"publish","type":"product","link":"https:\/\/tech-nika.lt\/ru\/product\/paleciu-sakes\/","title":{"rendered":"","raw":""},"content":{"rendered":"","protected":false,"raw":""},"excerpt":{"rendered":"","protected":false,"raw":""},"featured_media":981,"template":"","meta":{"_lt_post_content":"Plotis - 1,3 m;\r\nAuk\u0161tis 0,4 m;\r\nBendras \u0161aki\u0173 svoris 142 kg;\r\nKeliamoji galia 2 t;","_lt_post_name":"paleciu-sakes","_lt_post_excerpt":"Pa\u010dios papras\u010diausios \u0161ak\u0117s palet\u0117ms yra gan\u0117tinai pigios, komplektuojamos beveik su vis\u0173 modeli\u0173 frontaliniais krautuvais. Dviej\u0173 smaig\u0173 standartin\u0117s \u0161ak\u0117s u\u017etikrina ne tik saug\u0173 ir patog\u0173 pale\u010di\u0173 transportavim\u0105, bet ir j\u0173 krov\u0105.\r\nSmaig\u0173 pozicija yra lengvai reguliuojama.\r\n\r\nKaina nurodyta su pristatymu Lietuvoje.\r\nSuteikiamos garantijos.","_lt_post_title":"Pal\u0117\u010di\u0173 \u0161ak\u0117s","_en_post_content":"Capacity 2 t.\r\n\r\nForks: 80x40x1200 mm\r\nWith bushings for 880 mm \r\n","_en_post_name":"pallet-forks","_en_post_excerpt":"","_en_post_title":"PALLET FORKS","_ru_post_content":"","_ru_post_name":"","_ru_post_excerpt":"","_ru_post_title":"","edit_language":"ru"},"product_brand":[],"product_cat":[71,70],"product_tag":[],"class_list":{"0":"post-983","1":"product","2":"type-product","3":"status-publish","4":"has-post-thumbnail","6":"product_cat-paleciu-sakes","7":"product_cat-paleciu-sakes-1-modelis","9":"first","10":"instock","11":"taxable","12":"shipping-taxable","13":"purchasable","14":"product-type-simple"},"_links":{"self":[{"href":"https:\/\/tech-nika.lt\/ru\/wp-json\/wp\/v2\/product\/983","targetHints":{"allow":["GET"]}}],"collection":[{"href":"https:\/\/tech-nika.lt\/ru\/wp-json\/wp\/v2\/product"}],"about":[{"href":"https:\/\/tech-nika.lt\/ru\/wp-json\/wp\/v2\/types\/product"}],"wp:featuredmedia":[{"embeddable":true,"href":"https:\/\/tech-nika.lt\/ru\/wp-json\/wp\/v2\/media\/981"}],"wp:attachment":[{"href":"https:\/\/tech-nika.lt\/ru\/wp-json\/wp\/v2\/media?parent=983"}],"wp:term":[{"taxonomy":"product_brand","embeddable":true,"href":"https:\/\/tech-nika.lt\/ru\/wp-json\/wp\/v2\/product_brand?post=983"},{"taxonomy":"product_cat","embeddable":true,"href":"https:\/\/tech-nika.lt\/ru\/wp-json\/wp\/v2\/product_cat?post=983"},{"taxonomy":"product_tag","embeddable":true,"href":"https:\/\/tech-nika.lt\/ru\/wp-json\/wp\/v2\/product_tag?post=983"}],"curies":[{"name":"wp","href":"https:\/\/api.w.org\/{rel}","templated":true}]}}