{"id":994,"date":"2019-04-16T07:50:49","date_gmt":"2019-04-16T09:50:49","guid":{"rendered":"https:\/\/tech-nika.lt\/?post_type=product&#038;p=994"},"modified":"2022-04-22T06:41:16","modified_gmt":"2022-04-22T08:41:16","slug":"","status":"publish","type":"product","link":"https:\/\/tech-nika.lt\/ru\/product\/hidraulines-rulonu-sakes\/","title":{"rendered":"","raw":""},"content":{"rendered":"","protected":false,"raw":""},"excerpt":{"rendered":"","protected":false,"raw":""},"featured_media":995,"template":"","meta":{"_lt_post_content":"Dviej\u0173 smaig\u0173 hidraulin\u0117s rulon\u0173 \u0161ak\u0117s, skirtos saugiam ir patogiam rulon\u0173 transportavimui ir krovai.","_lt_post_name":"hidraulines-rulonu-sakes","_lt_post_excerpt":"Plotis 0,9 m;\r\nAuk\u0161tis 1,1 m;\r\nAtstumas tarp \u0161aki\u0173 0,7 m;\r\nSvoris 70 kg.\r\n\r\nKaina nurodyta su pristatymu Lietuvoje.\r\nSuteikiamos garantijos.","_lt_post_title":"Hidraulin\u0117s rulon\u0173 \u0161ak\u0117s","_en_post_content":"","_en_post_name":"","_en_post_excerpt":"","_en_post_title":"","_ru_post_content":"","_ru_post_name":"","_ru_post_excerpt":"","_ru_post_title":"","edit_language":"ru"},"product_brand":[],"product_cat":[72],"product_tag":[],"class_list":{"0":"post-994","1":"product","2":"type-product","3":"status-publish","4":"has-post-thumbnail","6":"product_cat-rulonu-sakes","8":"first","9":"instock","10":"taxable","11":"shipping-taxable","12":"purchasable","13":"product-type-simple"},"_links":{"self":[{"href":"https:\/\/tech-nika.lt\/ru\/wp-json\/wp\/v2\/product\/994","targetHints":{"allow":["GET"]}}],"collection":[{"href":"https:\/\/tech-nika.lt\/ru\/wp-json\/wp\/v2\/product"}],"about":[{"href":"https:\/\/tech-nika.lt\/ru\/wp-json\/wp\/v2\/types\/product"}],"wp:featuredmedia":[{"embeddable":true,"href":"https:\/\/tech-nika.lt\/ru\/wp-json\/wp\/v2\/media\/995"}],"wp:attachment":[{"href":"https:\/\/tech-nika.lt\/ru\/wp-json\/wp\/v2\/media?parent=994"}],"wp:term":[{"taxonomy":"product_brand","embeddable":true,"href":"https:\/\/tech-nika.lt\/ru\/wp-json\/wp\/v2\/product_brand?post=994"},{"taxonomy":"product_cat","embeddable":true,"href":"https:\/\/tech-nika.lt\/ru\/wp-json\/wp\/v2\/product_cat?post=994"},{"taxonomy":"product_tag","embeddable":true,"href":"https:\/\/tech-nika.lt\/ru\/wp-json\/wp\/v2\/product_tag?post=994"}],"curies":[{"name":"wp","href":"https:\/\/api.w.org\/{rel}","templated":true}]}}